{"id":2733,"date":"2022-01-24T12:43:50","date_gmt":"2022-01-24T12:43:50","guid":{"rendered":"http:\/\/newworld.he-s.digital\/?page_id=2733"},"modified":"2022-02-23T08:32:08","modified_gmt":"2022-02-23T07:32:08","slug":"oktober-2012-verwaltung-von-elektronischen-bewerbungen-einfach-ueber-den-sap-standard-plus-ein-add-on-artikel-im-e-3-magazin","status":"publish","type":"page","link":"https:\/\/he-s.com\/en\/oktober-2012-verwaltung-von-elektronischen-bewerbungen-einfach-ueber-den-sap-standard-plus-ein-add-on-artikel-im-e-3-magazin\/","title":{"rendered":"Oktober 2012 Verwaltung von elektronischen Bewerbungen \u2013 einfach \u00fcber den SAP Standard plus ein Add On &#8211; Artikel im E-3 Magazin"},"content":{"rendered":"<div data-elementor-type=\"wp-page\" data-elementor-id=\"2733\" class=\"elementor elementor-2733\">\n\t\t\t\t\t\t<section class=\"elementor-section elementor-top-section elementor-element elementor-element-3c1cb7f4 elementor-section-height-min-height elementor-section-full_width elementor-section-items-stretch elementor-reverse-mobile elementor-section-height-default\" data-id=\"3c1cb7f4\" data-element_type=\"section\" data-e-type=\"section\" data-settings=\"{&quot;background_background&quot;:&quot;video&quot;,&quot;background_video_link&quot;:&quot;https:\\\/\\\/www.youtube.com\\\/watch?v=pWZ0TkNsC-Y&quot;,&quot;background_video_start&quot;:15}\">\n\t\t\t\t\t\t\t\t<div class=\"elementor-background-video-container elementor-hidden-mobile\">\n\t\t\t\t\t\t\t\t\t\t\t\t\t<div class=\"elementor-background-video-embed\" role=\"presentation\"><\/div>\n\t\t\t\t\t\t\t\t\t\t\t\t<\/div>\n\t\t\t\t\t\t\t\t\t<div class=\"elementor-background-overlay\"><\/div>\n\t\t\t\t\t\t\t<div class=\"elementor-container elementor-column-gap-no\">\n\t\t\t\t\t<div class=\"elementor-column elementor-col-50 elementor-top-column elementor-element elementor-element-2e6cb020\" data-id=\"2e6cb020\" data-element_type=\"column\" data-e-type=\"column\" data-settings=\"{&quot;background_background&quot;:&quot;classic&quot;}\">\n\t\t\t<div class=\"elementor-widget-wrap elementor-element-populated\">\n\t\t\t\t\t\t<section class=\"elementor-section elementor-inner-section elementor-element elementor-element-5519a1c2 elementor-section-boxed elementor-section-height-default elementor-section-height-default\" data-id=\"5519a1c2\" data-element_type=\"section\" data-e-type=\"section\">\n\t\t\t\t\t\t<div class=\"elementor-container elementor-column-gap-default\">\n\t\t\t\t\t<div class=\"elementor-column elementor-col-100 elementor-inner-column elementor-element elementor-element-44be24bb\" data-id=\"44be24bb\" data-element_type=\"column\" data-e-type=\"column\">\n\t\t\t<div class=\"elementor-widget-wrap elementor-element-populated\">\n\t\t\t\t\t\t<div class=\"elementor-element elementor-element-e418cbb elementor-widget elementor-widget-spacer\" data-id=\"e418cbb\" data-element_type=\"widget\" data-e-type=\"widget\" data-widget_type=\"spacer.default\">\n\t\t\t\t<div class=\"elementor-widget-container\">\n\t\t\t\t\t\t\t<div class=\"elementor-spacer\">\n\t\t\t<div class=\"elementor-spacer-inner\"><\/div>\n\t\t<\/div>\n\t\t\t\t\t\t<\/div>\n\t\t\t\t<\/div>\n\t\t\t\t<div class=\"elementor-element elementor-element-a5ac831 elementor-widget elementor-widget-heading\" data-id=\"a5ac831\" data-element_type=\"widget\" data-e-type=\"widget\" data-widget_type=\"heading.default\">\n\t\t\t\t<div class=\"elementor-widget-container\">\n\t\t\t\t\t<h1 class=\"elementor-heading-title elementor-size-default\">October 2012 Managing electronic applications - simply via the SAP standard plus an add-on - Article in E-3 Magazine<\/h1>\t\t\t\t<\/div>\n\t\t\t\t<\/div>\n\t\t\t\t<div class=\"elementor-element elementor-element-b4fe0f5 elementor-widget elementor-widget-spacer\" data-id=\"b4fe0f5\" data-element_type=\"widget\" data-e-type=\"widget\" data-widget_type=\"spacer.default\">\n\t\t\t\t<div class=\"elementor-widget-container\">\n\t\t\t\t\t\t\t<div class=\"elementor-spacer\">\n\t\t\t<div class=\"elementor-spacer-inner\"><\/div>\n\t\t<\/div>\n\t\t\t\t\t\t<\/div>\n\t\t\t\t<\/div>\n\t\t\t\t<div class=\"elementor-element elementor-element-7fb3c0b7 elementor-widget elementor-widget-heading\" data-id=\"7fb3c0b7\" data-element_type=\"widget\" data-e-type=\"widget\" data-widget_type=\"heading.default\">\n\t\t\t\t<div class=\"elementor-widget-container\">\n\t\t\t\t\t<h2 class=\"elementor-heading-title elementor-size-default\">Process optimisation as the most frequent trigger for projects<\/h2>\t\t\t\t<\/div>\n\t\t\t\t<\/div>\n\t\t\t\t<div class=\"elementor-element elementor-element-2323efe4 elementor-widget elementor-widget-spacer\" data-id=\"2323efe4\" data-element_type=\"widget\" data-e-type=\"widget\" data-widget_type=\"spacer.default\">\n\t\t\t\t<div class=\"elementor-widget-container\">\n\t\t\t\t\t\t\t<div class=\"elementor-spacer\">\n\t\t\t<div class=\"elementor-spacer-inner\"><\/div>\n\t\t<\/div>\n\t\t\t\t\t\t<\/div>\n\t\t\t\t<\/div>\n\t\t\t\t<div class=\"elementor-element elementor-element-2c082692 elementor-widget elementor-widget-text-editor\" data-id=\"2c082692\" data-element_type=\"widget\" data-e-type=\"widget\" data-widget_type=\"text-editor.default\">\n\t\t\t\t<div class=\"elementor-widget-container\">\n\t\t\t\t\t\t\t\t\t<p>Personnel management is not only a complex task, but also a complex digital process that goes far beyond the limits of the SAP standard. Especially in the context of applicant management, there are many manual processes in everyday life that harbour intransparency and complexity. The resulting consequences are usually the undesirable prolongation of response times as well as possible errors in the processing of applications. Therefore, this type of process offers companies enormous potential for optimisation - and thus a good reason for a project. What companies need for smooth processes is functionality for easy processing and administration of electronic applications that result in the company via e-mail or from an internet form. The approach described below shows a possible way to create this optimised state.<\/p>\t\t\t\t\t\t\t\t<\/div>\n\t\t\t\t<\/div>\n\t\t\t\t<div class=\"elementor-element elementor-element-52e9726e elementor-align-right elementor-tablet-align-center elementor-mobile-align-justify elementor-widget elementor-widget-button\" data-id=\"52e9726e\" data-element_type=\"widget\" data-e-type=\"widget\" data-widget_type=\"button.default\">\n\t\t\t\t<div class=\"elementor-widget-container\">\n\t\t\t\t\t\t\t\t\t<div class=\"elementor-button-wrapper\">\n\t\t\t\t\t<a class=\"elementor-button elementor-button-link elementor-size-sm elementor-animation-float\" href=\"https:\/\/he-s.com\/en\/kontakt\/\">\n\t\t\t\t\t\t<span class=\"elementor-button-content-wrapper\">\n\t\t\t\t\t\t<span class=\"elementor-button-icon\">\n\t\t\t\t<i aria-hidden=\"true\" class=\"fas fa-angle-right\"><\/i>\t\t\t<\/span>\n\t\t\t\t\t\t\t\t\t<span class=\"elementor-button-text\">Do you also want your applications to be managed electronically?<\/span>\n\t\t\t\t\t<\/span>\n\t\t\t\t\t<\/a>\n\t\t\t\t<\/div>\n\t\t\t\t\t\t\t\t<\/div>\n\t\t\t\t<\/div>\n\t\t\t\t\t<\/div>\n\t\t<\/div>\n\t\t\t\t\t<\/div>\n\t\t<\/section>\n\t\t\t\t\t<\/div>\n\t\t<\/div>\n\t\t\t\t<div class=\"elementor-column elementor-col-50 elementor-top-column elementor-element elementor-element-513795f0\" data-id=\"513795f0\" data-element_type=\"column\" data-e-type=\"column\" data-settings=\"{&quot;background_background&quot;:&quot;classic&quot;}\">\n\t\t\t<div class=\"elementor-widget-wrap elementor-element-populated\">\n\t\t\t\t\t<div class=\"elementor-background-overlay\"><\/div>\n\t\t\t\t\t\t<div class=\"elementor-element elementor-element-ecbd5a6 elementor-widget elementor-widget-spacer\" data-id=\"ecbd5a6\" data-element_type=\"widget\" data-e-type=\"widget\" data-widget_type=\"spacer.default\">\n\t\t\t\t<div class=\"elementor-widget-container\">\n\t\t\t\t\t\t\t<div class=\"elementor-spacer\">\n\t\t\t<div class=\"elementor-spacer-inner\"><\/div>\n\t\t<\/div>\n\t\t\t\t\t\t<\/div>\n\t\t\t\t<\/div>\n\t\t\t\t<div class=\"elementor-element elementor-element-54a16030 elementor-widget elementor-widget-image\" data-id=\"54a16030\" data-element_type=\"widget\" data-e-type=\"widget\" data-widget_type=\"image.default\">\n\t\t\t\t<div class=\"elementor-widget-container\">\n\t\t\t\t\t\t\t\t\t\t\t\t\t\t\t<img fetchpriority=\"high\" decoding=\"async\" width=\"724\" height=\"1024\" src=\"https:\/\/he-s.com\/wp-content\/uploads\/2022\/01\/Fachartikel_2012_Oktober-724x1024.jpg\" class=\"attachment-large size-large wp-image-2246\" alt=\"E3 Magazin mit dem Thema Von Big Data zu Informationen\" srcset=\"https:\/\/he-s.com\/wp-content\/uploads\/2022\/01\/Fachartikel_2012_Oktober-724x1024.jpg 724w, https:\/\/he-s.com\/wp-content\/uploads\/2022\/01\/Fachartikel_2012_Oktober-212x300.jpg 212w, https:\/\/he-s.com\/wp-content\/uploads\/2022\/01\/Fachartikel_2012_Oktober-768x1086.jpg 768w, https:\/\/he-s.com\/wp-content\/uploads\/2022\/01\/Fachartikel_2012_Oktober-1086x1536.jpg 1086w, https:\/\/he-s.com\/wp-content\/uploads\/2022\/01\/Fachartikel_2012_Oktober-1448x2048.jpg 1448w, https:\/\/he-s.com\/wp-content\/uploads\/2022\/01\/Fachartikel_2012_Oktober-scaled.bmp 1810w\" sizes=\"(max-width: 724px) 100vw, 724px\" \/>\t\t\t\t\t\t\t\t\t\t\t\t\t\t\t<\/div>\n\t\t\t\t<\/div>\n\t\t\t\t\t<\/div>\n\t\t<\/div>\n\t\t\t\t\t<\/div>\n\t\t<\/section>\n\t\t\t\t<\/div>","protected":false},"excerpt":{"rendered":"<p>Oktober 2012 Verwaltung von elektronischen Bewerbungen \u2013 einfach \u00fcber den SAP Standard plus ein Add On &#8211; Artikel im E-3 Magazin Prozessoptimierung als h\u00e4ufigster Ausl\u00f6ser von Projekten Die Personalverwaltung ist nicht nur eine komplexe Aufgabe, sondern auch ein komplexer digitaler Prozess, der weit \u00fcber die Grenzen des SAP Standards hinausgeht. Besonders im Rahmen des Bewerbermanagements [&hellip;]<\/p>\n","protected":false},"author":1,"featured_media":0,"parent":0,"menu_order":0,"comment_status":"closed","ping_status":"closed","template":"","meta":{"ocean_post_layout":"full-screen","ocean_both_sidebars_style":"","ocean_both_sidebars_content_width":0,"ocean_both_sidebars_sidebars_width":0,"ocean_sidebar":"0","ocean_second_sidebar":"0","ocean_disable_margins":"enable","ocean_add_body_class":"","ocean_shortcode_before_top_bar":"","ocean_shortcode_after_top_bar":"","ocean_shortcode_before_header":"","ocean_shortcode_after_header":"","ocean_has_shortcode":"","ocean_shortcode_after_title":"","ocean_shortcode_before_footer_widgets":"","ocean_shortcode_after_footer_widgets":"","ocean_shortcode_before_footer_bottom":"","ocean_shortcode_after_footer_bottom":"","ocean_display_top_bar":"default","ocean_display_header":"default","ocean_header_style":"","ocean_center_header_left_menu":"0","ocean_custom_header_template":"0","ocean_custom_logo":0,"ocean_custom_retina_logo":0,"ocean_custom_logo_max_width":0,"ocean_custom_logo_tablet_max_width":0,"ocean_custom_logo_mobile_max_width":0,"ocean_custom_logo_max_height":0,"ocean_custom_logo_tablet_max_height":0,"ocean_custom_logo_mobile_max_height":0,"ocean_header_custom_menu":"4","ocean_menu_typo_font_family":"0","ocean_menu_typo_font_subset":"","ocean_menu_typo_font_size":0,"ocean_menu_typo_font_size_tablet":0,"ocean_menu_typo_font_size_mobile":0,"ocean_menu_typo_font_size_unit":"px","ocean_menu_typo_font_weight":"","ocean_menu_typo_font_weight_tablet":"","ocean_menu_typo_font_weight_mobile":"","ocean_menu_typo_transform":"","ocean_menu_typo_transform_tablet":"","ocean_menu_typo_transform_mobile":"","ocean_menu_typo_line_height":0,"ocean_menu_typo_line_height_tablet":0,"ocean_menu_typo_line_height_mobile":0,"ocean_menu_typo_line_height_unit":"","ocean_menu_typo_spacing":0,"ocean_menu_typo_spacing_tablet":0,"ocean_menu_typo_spacing_mobile":0,"ocean_menu_typo_spacing_unit":"","ocean_menu_link_color":"","ocean_menu_link_color_hover":"","ocean_menu_link_color_active":"","ocean_menu_link_background":"","ocean_menu_link_hover_background":"","ocean_menu_link_active_background":"","ocean_menu_social_links_bg":"","ocean_menu_social_hover_links_bg":"","ocean_menu_social_links_color":"","ocean_menu_social_hover_links_color":"","ocean_disable_title":"on","ocean_disable_heading":"default","ocean_post_title":"","ocean_post_subheading":"","ocean_post_title_style":"","ocean_post_title_background_color":"","ocean_post_title_background":0,"ocean_post_title_bg_image_position":"","ocean_post_title_bg_image_attachment":"","ocean_post_title_bg_image_repeat":"","ocean_post_title_bg_image_size":"","ocean_post_title_height":0,"ocean_post_title_bg_overlay":0.5,"ocean_post_title_bg_overlay_color":"","ocean_disable_breadcrumbs":"off","ocean_breadcrumbs_color":"","ocean_breadcrumbs_separator_color":"","ocean_breadcrumbs_links_color":"","ocean_breadcrumbs_links_hover_color":"","ocean_display_footer_widgets":"default","ocean_display_footer_bottom":"default","ocean_custom_footer_template":"0","footnotes":""},"class_list":["post-2733","page","type-page","status-publish","hentry","entry"],"yoast_head":"<!-- This site is optimized with the Yoast SEO plugin v27.3 - https:\/\/yoast.com\/product\/yoast-seo-wordpress\/ -->\n<title>Ver\u00f6ffentlichung Oktober 2021 - HE-S - Digitalisierung aus einer Hand<\/title>\n<meta name=\"description\" content=\"Die Personalverwaltung ist eine komplexe Aufgabe, sondern auch ein komplexer digitaler Prozess, der weit \u00fcber die Grenzen des SAP hinausgeht.\" \/>\n<meta name=\"robots\" content=\"index, follow, max-snippet:-1, max-image-preview:large, max-video-preview:-1\" \/>\n<link rel=\"canonical\" href=\"https:\/\/he-s.com\/en\/oktober-2012-verwaltung-von-elektronischen-bewerbungen-einfach-ueber-den-sap-standard-plus-ein-add-on-artikel-im-e-3-magazin\/\" \/>\n<meta property=\"og:locale\" content=\"en_GB\" \/>\n<meta property=\"og:type\" content=\"article\" \/>\n<meta property=\"og:title\" content=\"Ver\u00f6ffentlichung Oktober 2021 - HE-S - Digitalisierung aus einer Hand\" \/>\n<meta property=\"og:description\" content=\"Die Personalverwaltung ist eine komplexe Aufgabe, sondern auch ein komplexer digitaler Prozess, der weit \u00fcber die Grenzen des SAP hinausgeht.\" \/>\n<meta property=\"og:url\" content=\"https:\/\/he-s.com\/en\/oktober-2012-verwaltung-von-elektronischen-bewerbungen-einfach-ueber-den-sap-standard-plus-ein-add-on-artikel-im-e-3-magazin\/\" \/>\n<meta property=\"og:site_name\" content=\"HE-S - Digitalisierung aus einer Hand\" \/>\n<meta property=\"article:modified_time\" content=\"2022-02-23T07:32:08+00:00\" \/>\n<meta property=\"og:image\" content=\"http:\/\/newworld.he-s.digital\/wp-content\/uploads\/2022\/01\/Fachartikel_2012_Oktober-724x1024.jpg\" \/>\n<meta name=\"twitter:card\" content=\"summary_large_image\" \/>\n<meta name=\"twitter:label1\" content=\"Estimated reading time\" \/>\n\t<meta name=\"twitter:data1\" content=\"2 minutes\" \/>\n<script type=\"application\/ld+json\" class=\"yoast-schema-graph\">{\"@context\":\"https:\\\/\\\/schema.org\",\"@graph\":[{\"@type\":\"WebPage\",\"@id\":\"https:\\\/\\\/he-s.com\\\/oktober-2012-verwaltung-von-elektronischen-bewerbungen-einfach-ueber-den-sap-standard-plus-ein-add-on-artikel-im-e-3-magazin\\\/\",\"url\":\"https:\\\/\\\/he-s.com\\\/oktober-2012-verwaltung-von-elektronischen-bewerbungen-einfach-ueber-den-sap-standard-plus-ein-add-on-artikel-im-e-3-magazin\\\/\",\"name\":\"Ver\u00f6ffentlichung Oktober 2021 - HE-S - Digitalisierung aus einer Hand\",\"isPartOf\":{\"@id\":\"https:\\\/\\\/he-s.com\\\/#website\"},\"primaryImageOfPage\":{\"@id\":\"https:\\\/\\\/he-s.com\\\/oktober-2012-verwaltung-von-elektronischen-bewerbungen-einfach-ueber-den-sap-standard-plus-ein-add-on-artikel-im-e-3-magazin\\\/#primaryimage\"},\"image\":{\"@id\":\"https:\\\/\\\/he-s.com\\\/oktober-2012-verwaltung-von-elektronischen-bewerbungen-einfach-ueber-den-sap-standard-plus-ein-add-on-artikel-im-e-3-magazin\\\/#primaryimage\"},\"thumbnailUrl\":\"http:\\\/\\\/newworld.he-s.digital\\\/wp-content\\\/uploads\\\/2022\\\/01\\\/Fachartikel_2012_Oktober-724x1024.jpg\",\"datePublished\":\"2022-01-24T12:43:50+00:00\",\"dateModified\":\"2022-02-23T07:32:08+00:00\",\"description\":\"Die Personalverwaltung ist eine komplexe Aufgabe, sondern auch ein komplexer digitaler Prozess, der weit \u00fcber die Grenzen des SAP hinausgeht.\",\"breadcrumb\":{\"@id\":\"https:\\\/\\\/he-s.com\\\/oktober-2012-verwaltung-von-elektronischen-bewerbungen-einfach-ueber-den-sap-standard-plus-ein-add-on-artikel-im-e-3-magazin\\\/#breadcrumb\"},\"inLanguage\":\"en-GB\",\"potentialAction\":[{\"@type\":\"ReadAction\",\"target\":[\"https:\\\/\\\/he-s.com\\\/oktober-2012-verwaltung-von-elektronischen-bewerbungen-einfach-ueber-den-sap-standard-plus-ein-add-on-artikel-im-e-3-magazin\\\/\"]}]},{\"@type\":\"ImageObject\",\"inLanguage\":\"en-GB\",\"@id\":\"https:\\\/\\\/he-s.com\\\/oktober-2012-verwaltung-von-elektronischen-bewerbungen-einfach-ueber-den-sap-standard-plus-ein-add-on-artikel-im-e-3-magazin\\\/#primaryimage\",\"url\":\"http:\\\/\\\/newworld.he-s.digital\\\/wp-content\\\/uploads\\\/2022\\\/01\\\/Fachartikel_2012_Oktober-724x1024.jpg\",\"contentUrl\":\"http:\\\/\\\/newworld.he-s.digital\\\/wp-content\\\/uploads\\\/2022\\\/01\\\/Fachartikel_2012_Oktober-724x1024.jpg\"},{\"@type\":\"BreadcrumbList\",\"@id\":\"https:\\\/\\\/he-s.com\\\/oktober-2012-verwaltung-von-elektronischen-bewerbungen-einfach-ueber-den-sap-standard-plus-ein-add-on-artikel-im-e-3-magazin\\\/#breadcrumb\",\"itemListElement\":[{\"@type\":\"ListItem\",\"position\":1,\"name\":\"Startseite\",\"item\":\"https:\\\/\\\/he-s.com\\\/\"},{\"@type\":\"ListItem\",\"position\":2,\"name\":\"Oktober 2012 Verwaltung von elektronischen Bewerbungen \u2013 einfach \u00fcber den SAP Standard plus ein Add On &#8211; Artikel im E-3 Magazin\"}]},{\"@type\":\"WebSite\",\"@id\":\"https:\\\/\\\/he-s.com\\\/#website\",\"url\":\"https:\\\/\\\/he-s.com\\\/\",\"name\":\"HE-S - Digitalisierung aus einer Hand\",\"description\":\"Deine innovative Aufgabenorganisation\",\"publisher\":{\"@id\":\"https:\\\/\\\/he-s.com\\\/#organization\"},\"potentialAction\":[{\"@type\":\"SearchAction\",\"target\":{\"@type\":\"EntryPoint\",\"urlTemplate\":\"https:\\\/\\\/he-s.com\\\/?s={search_term_string}\"},\"query-input\":{\"@type\":\"PropertyValueSpecification\",\"valueRequired\":true,\"valueName\":\"search_term_string\"}}],\"inLanguage\":\"en-GB\"},{\"@type\":\"Organization\",\"@id\":\"https:\\\/\\\/he-s.com\\\/#organization\",\"name\":\"HE-S - Digitalisierung aus einer Hand\",\"url\":\"https:\\\/\\\/he-s.com\\\/\",\"logo\":{\"@type\":\"ImageObject\",\"inLanguage\":\"en-GB\",\"@id\":\"https:\\\/\\\/he-s.com\\\/#\\\/schema\\\/logo\\\/image\\\/\",\"url\":\"https:\\\/\\\/he-s.com\\\/wp-content\\\/uploads\\\/2022\\\/03\\\/cropped-20191019_Logo_Kreis_HE-S_cmyk_orange-removebg-preview-1.png\",\"contentUrl\":\"https:\\\/\\\/he-s.com\\\/wp-content\\\/uploads\\\/2022\\\/03\\\/cropped-20191019_Logo_Kreis_HE-S_cmyk_orange-removebg-preview-1.png\",\"width\":499,\"height\":500,\"caption\":\"HE-S - Digitalisierung aus einer Hand\"},\"image\":{\"@id\":\"https:\\\/\\\/he-s.com\\\/#\\\/schema\\\/logo\\\/image\\\/\"}}]}<\/script>\n<!-- \/ Yoast SEO plugin. -->","yoast_head_json":{"title":"Ver\u00f6ffentlichung Oktober 2021 - HE-S - Digitalisierung aus einer Hand","description":"Die Personalverwaltung ist eine komplexe Aufgabe, sondern auch ein komplexer digitaler Prozess, der weit \u00fcber die Grenzen des SAP hinausgeht.","robots":{"index":"index","follow":"follow","max-snippet":"max-snippet:-1","max-image-preview":"max-image-preview:large","max-video-preview":"max-video-preview:-1"},"canonical":"https:\/\/he-s.com\/en\/oktober-2012-verwaltung-von-elektronischen-bewerbungen-einfach-ueber-den-sap-standard-plus-ein-add-on-artikel-im-e-3-magazin\/","og_locale":"en_GB","og_type":"article","og_title":"Ver\u00f6ffentlichung Oktober 2021 - HE-S - Digitalisierung aus einer Hand","og_description":"Die Personalverwaltung ist eine komplexe Aufgabe, sondern auch ein komplexer digitaler Prozess, der weit \u00fcber die Grenzen des SAP hinausgeht.","og_url":"https:\/\/he-s.com\/en\/oktober-2012-verwaltung-von-elektronischen-bewerbungen-einfach-ueber-den-sap-standard-plus-ein-add-on-artikel-im-e-3-magazin\/","og_site_name":"HE-S - Digitalisierung aus einer Hand","article_modified_time":"2022-02-23T07:32:08+00:00","og_image":[{"url":"http:\/\/newworld.he-s.digital\/wp-content\/uploads\/2022\/01\/Fachartikel_2012_Oktober-724x1024.jpg","type":"","width":"","height":""}],"twitter_card":"summary_large_image","twitter_misc":{"Estimated reading time":"2 minutes"},"schema":{"@context":"https:\/\/schema.org","@graph":[{"@type":"WebPage","@id":"https:\/\/he-s.com\/oktober-2012-verwaltung-von-elektronischen-bewerbungen-einfach-ueber-den-sap-standard-plus-ein-add-on-artikel-im-e-3-magazin\/","url":"https:\/\/he-s.com\/oktober-2012-verwaltung-von-elektronischen-bewerbungen-einfach-ueber-den-sap-standard-plus-ein-add-on-artikel-im-e-3-magazin\/","name":"Ver\u00f6ffentlichung Oktober 2021 - HE-S - Digitalisierung aus einer Hand","isPartOf":{"@id":"https:\/\/he-s.com\/#website"},"primaryImageOfPage":{"@id":"https:\/\/he-s.com\/oktober-2012-verwaltung-von-elektronischen-bewerbungen-einfach-ueber-den-sap-standard-plus-ein-add-on-artikel-im-e-3-magazin\/#primaryimage"},"image":{"@id":"https:\/\/he-s.com\/oktober-2012-verwaltung-von-elektronischen-bewerbungen-einfach-ueber-den-sap-standard-plus-ein-add-on-artikel-im-e-3-magazin\/#primaryimage"},"thumbnailUrl":"http:\/\/newworld.he-s.digital\/wp-content\/uploads\/2022\/01\/Fachartikel_2012_Oktober-724x1024.jpg","datePublished":"2022-01-24T12:43:50+00:00","dateModified":"2022-02-23T07:32:08+00:00","description":"Die Personalverwaltung ist eine komplexe Aufgabe, sondern auch ein komplexer digitaler Prozess, der weit \u00fcber die Grenzen des SAP hinausgeht.","breadcrumb":{"@id":"https:\/\/he-s.com\/oktober-2012-verwaltung-von-elektronischen-bewerbungen-einfach-ueber-den-sap-standard-plus-ein-add-on-artikel-im-e-3-magazin\/#breadcrumb"},"inLanguage":"en-GB","potentialAction":[{"@type":"ReadAction","target":["https:\/\/he-s.com\/oktober-2012-verwaltung-von-elektronischen-bewerbungen-einfach-ueber-den-sap-standard-plus-ein-add-on-artikel-im-e-3-magazin\/"]}]},{"@type":"ImageObject","inLanguage":"en-GB","@id":"https:\/\/he-s.com\/oktober-2012-verwaltung-von-elektronischen-bewerbungen-einfach-ueber-den-sap-standard-plus-ein-add-on-artikel-im-e-3-magazin\/#primaryimage","url":"http:\/\/newworld.he-s.digital\/wp-content\/uploads\/2022\/01\/Fachartikel_2012_Oktober-724x1024.jpg","contentUrl":"http:\/\/newworld.he-s.digital\/wp-content\/uploads\/2022\/01\/Fachartikel_2012_Oktober-724x1024.jpg"},{"@type":"BreadcrumbList","@id":"https:\/\/he-s.com\/oktober-2012-verwaltung-von-elektronischen-bewerbungen-einfach-ueber-den-sap-standard-plus-ein-add-on-artikel-im-e-3-magazin\/#breadcrumb","itemListElement":[{"@type":"ListItem","position":1,"name":"Startseite","item":"https:\/\/he-s.com\/"},{"@type":"ListItem","position":2,"name":"Oktober 2012 Verwaltung von elektronischen Bewerbungen \u2013 einfach \u00fcber den SAP Standard plus ein Add On &#8211; Artikel im E-3 Magazin"}]},{"@type":"WebSite","@id":"https:\/\/he-s.com\/#website","url":"https:\/\/he-s.com\/","name":"HE-S - Digitalisierung aus einer Hand","description":"Deine innovative Aufgabenorganisation","publisher":{"@id":"https:\/\/he-s.com\/#organization"},"potentialAction":[{"@type":"SearchAction","target":{"@type":"EntryPoint","urlTemplate":"https:\/\/he-s.com\/?s={search_term_string}"},"query-input":{"@type":"PropertyValueSpecification","valueRequired":true,"valueName":"search_term_string"}}],"inLanguage":"en-GB"},{"@type":"Organization","@id":"https:\/\/he-s.com\/#organization","name":"HE-S - Digitalisierung aus einer Hand","url":"https:\/\/he-s.com\/","logo":{"@type":"ImageObject","inLanguage":"en-GB","@id":"https:\/\/he-s.com\/#\/schema\/logo\/image\/","url":"https:\/\/he-s.com\/wp-content\/uploads\/2022\/03\/cropped-20191019_Logo_Kreis_HE-S_cmyk_orange-removebg-preview-1.png","contentUrl":"https:\/\/he-s.com\/wp-content\/uploads\/2022\/03\/cropped-20191019_Logo_Kreis_HE-S_cmyk_orange-removebg-preview-1.png","width":499,"height":500,"caption":"HE-S - Digitalisierung aus einer Hand"},"image":{"@id":"https:\/\/he-s.com\/#\/schema\/logo\/image\/"}}]}},"_links":{"self":[{"href":"https:\/\/he-s.com\/en\/wp-json\/wp\/v2\/pages\/2733","targetHints":{"allow":["GET"]}}],"collection":[{"href":"https:\/\/he-s.com\/en\/wp-json\/wp\/v2\/pages"}],"about":[{"href":"https:\/\/he-s.com\/en\/wp-json\/wp\/v2\/types\/page"}],"author":[{"embeddable":true,"href":"https:\/\/he-s.com\/en\/wp-json\/wp\/v2\/users\/1"}],"replies":[{"embeddable":true,"href":"https:\/\/he-s.com\/en\/wp-json\/wp\/v2\/comments?post=2733"}],"version-history":[{"count":11,"href":"https:\/\/he-s.com\/en\/wp-json\/wp\/v2\/pages\/2733\/revisions"}],"predecessor-version":[{"id":4265,"href":"https:\/\/he-s.com\/en\/wp-json\/wp\/v2\/pages\/2733\/revisions\/4265"}],"wp:attachment":[{"href":"https:\/\/he-s.com\/en\/wp-json\/wp\/v2\/media?parent=2733"}],"curies":[{"name":"wp","href":"https:\/\/api.w.org\/{rel}","templated":true}]}}