{"id":2734,"date":"2022-01-24T12:45:15","date_gmt":"2022-01-24T12:45:15","guid":{"rendered":"http:\/\/newworld.he-s.digital\/?page_id=2734"},"modified":"2022-02-21T15:49:52","modified_gmt":"2022-02-21T14:49:52","slug":"juli-2012-einfuehrung-einer-dokumenterzeugung-die-personalabteilung-und-ihre-not-artikel-im-sonderheft-spport","status":"publish","type":"page","link":"https:\/\/he-s.com\/en\/juli-2012-einfuehrung-einer-dokumenterzeugung-die-personalabteilung-und-ihre-not-artikel-im-sonderheft-spport\/","title":{"rendered":"Juli 2012 Einf\u00fchrung einer Dokumenterzeugung DIE PERSONALABTEILUNG UND IHRE NOT &#8211; Artikel im Sonderheft S@pport"},"content":{"rendered":"<div data-elementor-type=\"wp-page\" data-elementor-id=\"2734\" class=\"elementor elementor-2734\">\n\t\t\t\t\t\t<section class=\"elementor-section elementor-top-section elementor-element elementor-element-3fd5d3dc elementor-section-height-min-height elementor-section-full_width elementor-section-items-stretch elementor-reverse-mobile elementor-section-height-default\" data-id=\"3fd5d3dc\" data-element_type=\"section\" data-e-type=\"section\" data-settings=\"{&quot;background_background&quot;:&quot;video&quot;,&quot;background_video_link&quot;:&quot;https:\\\/\\\/www.youtube.com\\\/watch?v=pWZ0TkNsC-Y&quot;,&quot;background_video_start&quot;:15}\">\n\t\t\t\t\t\t\t\t<div class=\"elementor-background-video-container elementor-hidden-mobile\">\n\t\t\t\t\t\t\t\t\t\t\t\t\t<div class=\"elementor-background-video-embed\" role=\"presentation\"><\/div>\n\t\t\t\t\t\t\t\t\t\t\t\t<\/div>\n\t\t\t\t\t\t\t\t\t<div class=\"elementor-background-overlay\"><\/div>\n\t\t\t\t\t\t\t<div class=\"elementor-container elementor-column-gap-no\">\n\t\t\t\t\t<div class=\"elementor-column elementor-col-50 elementor-top-column elementor-element elementor-element-7e88c412\" data-id=\"7e88c412\" data-element_type=\"column\" data-e-type=\"column\" data-settings=\"{&quot;background_background&quot;:&quot;classic&quot;}\">\n\t\t\t<div class=\"elementor-widget-wrap elementor-element-populated\">\n\t\t\t\t\t\t<div class=\"elementor-element elementor-element-0bcb9b3 elementor-widget elementor-widget-spacer\" data-id=\"0bcb9b3\" data-element_type=\"widget\" data-e-type=\"widget\" data-widget_type=\"spacer.default\">\n\t\t\t\t<div class=\"elementor-widget-container\">\n\t\t\t\t\t\t\t<div class=\"elementor-spacer\">\n\t\t\t<div class=\"elementor-spacer-inner\"><\/div>\n\t\t<\/div>\n\t\t\t\t\t\t<\/div>\n\t\t\t\t<\/div>\n\t\t\t\t<section class=\"elementor-section elementor-inner-section elementor-element elementor-element-718defcc elementor-section-boxed elementor-section-height-default elementor-section-height-default\" data-id=\"718defcc\" data-element_type=\"section\" data-e-type=\"section\">\n\t\t\t\t\t\t<div class=\"elementor-container elementor-column-gap-default\">\n\t\t\t\t\t<div class=\"elementor-column elementor-col-100 elementor-inner-column elementor-element elementor-element-258bfc40\" data-id=\"258bfc40\" data-element_type=\"column\" data-e-type=\"column\">\n\t\t\t<div class=\"elementor-widget-wrap elementor-element-populated\">\n\t\t\t\t\t\t<div class=\"elementor-element elementor-element-14aee582 elementor-widget elementor-widget-heading\" data-id=\"14aee582\" data-element_type=\"widget\" data-e-type=\"widget\" data-widget_type=\"heading.default\">\n\t\t\t\t<div class=\"elementor-widget-container\">\n\t\t\t\t\t<h1 class=\"elementor-heading-title elementor-size-default\">July 2012 Introduction of document generation THE STAFF DEPARTMENT AND ITS EMERGENCY - Article in the special issue S@pport<\/h1>\t\t\t\t<\/div>\n\t\t\t\t<\/div>\n\t\t\t\t<div class=\"elementor-element elementor-element-7b2b18a3 elementor-widget elementor-widget-spacer\" data-id=\"7b2b18a3\" data-element_type=\"widget\" data-e-type=\"widget\" data-widget_type=\"spacer.default\">\n\t\t\t\t<div class=\"elementor-widget-container\">\n\t\t\t\t\t\t\t<div class=\"elementor-spacer\">\n\t\t\t<div class=\"elementor-spacer-inner\"><\/div>\n\t\t<\/div>\n\t\t\t\t\t\t<\/div>\n\t\t\t\t<\/div>\n\t\t\t\t<div class=\"elementor-element elementor-element-73e2adc5 elementor-widget elementor-widget-spacer\" data-id=\"73e2adc5\" data-element_type=\"widget\" data-e-type=\"widget\" data-widget_type=\"spacer.default\">\n\t\t\t\t<div class=\"elementor-widget-container\">\n\t\t\t\t\t\t\t<div class=\"elementor-spacer\">\n\t\t\t<div class=\"elementor-spacer-inner\"><\/div>\n\t\t<\/div>\n\t\t\t\t\t\t<\/div>\n\t\t\t\t<\/div>\n\t\t\t\t<div class=\"elementor-element elementor-element-35fc8f53 elementor-widget elementor-widget-text-editor\" data-id=\"35fc8f53\" data-element_type=\"widget\" data-e-type=\"widget\" data-widget_type=\"text-editor.default\">\n\t\t\t\t<div class=\"elementor-widget-container\">\n\t\t\t\t\t\t\t\t\t<p>A field report. For an internationally active insurance group, the consolidation of the existing SAP system landscape also included the revision of document generation. Since the international orientation to the management of language-dependent templates is a major challenge, this was to be improved via a flexible, service-based solution.<\/p>\t\t\t\t\t\t\t\t<\/div>\n\t\t\t\t<\/div>\n\t\t\t\t<div class=\"elementor-element elementor-element-96fb347 elementor-align-right elementor-tablet-align-center elementor-mobile-align-justify elementor-widget elementor-widget-button\" data-id=\"96fb347\" data-element_type=\"widget\" data-e-type=\"widget\" data-widget_type=\"button.default\">\n\t\t\t\t<div class=\"elementor-widget-container\">\n\t\t\t\t\t\t\t\t\t<div class=\"elementor-button-wrapper\">\n\t\t\t\t\t<a class=\"elementor-button elementor-button-link elementor-size-sm elementor-animation-float\" href=\"https:\/\/he-s.com\/en\/kontakt\/\">\n\t\t\t\t\t\t<span class=\"elementor-button-content-wrapper\">\n\t\t\t\t\t\t<span class=\"elementor-button-icon\">\n\t\t\t\t<i aria-hidden=\"true\" class=\"fas fa-angle-right\"><\/i>\t\t\t<\/span>\n\t\t\t\t\t\t\t\t\t<span class=\"elementor-button-text\">Would you also like an introduction to document generation?<\/span>\n\t\t\t\t\t<\/span>\n\t\t\t\t\t<\/a>\n\t\t\t\t<\/div>\n\t\t\t\t\t\t\t\t<\/div>\n\t\t\t\t<\/div>\n\t\t\t\t\t<\/div>\n\t\t<\/div>\n\t\t\t\t\t<\/div>\n\t\t<\/section>\n\t\t\t\t\t<\/div>\n\t\t<\/div>\n\t\t\t\t<div class=\"elementor-column elementor-col-50 elementor-top-column elementor-element elementor-element-55564bfb\" data-id=\"55564bfb\" data-element_type=\"column\" data-e-type=\"column\" data-settings=\"{&quot;background_background&quot;:&quot;classic&quot;}\">\n\t\t\t<div class=\"elementor-widget-wrap elementor-element-populated\">\n\t\t\t\t\t<div class=\"elementor-background-overlay\"><\/div>\n\t\t\t\t\t\t<div class=\"elementor-element elementor-element-785dd40 elementor-widget elementor-widget-spacer\" data-id=\"785dd40\" data-element_type=\"widget\" data-e-type=\"widget\" data-widget_type=\"spacer.default\">\n\t\t\t\t<div class=\"elementor-widget-container\">\n\t\t\t\t\t\t\t<div class=\"elementor-spacer\">\n\t\t\t<div class=\"elementor-spacer-inner\"><\/div>\n\t\t<\/div>\n\t\t\t\t\t\t<\/div>\n\t\t\t\t<\/div>\n\t\t\t\t<div class=\"elementor-element elementor-element-ef6b485 elementor-widget elementor-widget-image\" data-id=\"ef6b485\" data-element_type=\"widget\" data-e-type=\"widget\" data-widget_type=\"image.default\">\n\t\t\t\t<div class=\"elementor-widget-container\">\n\t\t\t\t\t\t\t\t\t\t\t\t\t\t\t<img fetchpriority=\"high\" decoding=\"async\" width=\"724\" height=\"1024\" src=\"https:\/\/he-s.com\/wp-content\/uploads\/2022\/01\/Fachartikel_2012_Juli-724x1024.jpg\" class=\"attachment-large size-large wp-image-2245\" alt=\"S@pport Magazin mit dem Thema DMS &amp; SAP: Ein super Gespann\" srcset=\"https:\/\/he-s.com\/wp-content\/uploads\/2022\/01\/Fachartikel_2012_Juli-724x1024.jpg 724w, https:\/\/he-s.com\/wp-content\/uploads\/2022\/01\/Fachartikel_2012_Juli-212x300.jpg 212w, https:\/\/he-s.com\/wp-content\/uploads\/2022\/01\/Fachartikel_2012_Juli-768x1086.jpg 768w, https:\/\/he-s.com\/wp-content\/uploads\/2022\/01\/Fachartikel_2012_Juli-1086x1536.jpg 1086w, https:\/\/he-s.com\/wp-content\/uploads\/2022\/01\/Fachartikel_2012_Juli-1448x2048.jpg 1448w, https:\/\/he-s.com\/wp-content\/uploads\/2022\/01\/Fachartikel_2012_Juli-scaled.bmp 1810w\" sizes=\"(max-width: 724px) 100vw, 724px\" \/>\t\t\t\t\t\t\t\t\t\t\t\t\t\t\t<\/div>\n\t\t\t\t<\/div>\n\t\t\t\t\t<\/div>\n\t\t<\/div>\n\t\t\t\t\t<\/div>\n\t\t<\/section>\n\t\t\t\t<\/div>","protected":false},"excerpt":{"rendered":"<p>Juli 2012 Einf\u00fchrung einer Dokumenterzeugung DIE PERSONALABTEILUNG UND IHRE NOT &#8211; Artikel im Sonderheft S@pport Ein Erfahrungsbericht. Bei einem international t\u00e4tigen Versicherungskonzern stand im Rahmen der Konsolidierung der bestehenden SAP-Systemlandschaft auch das \u00dcberarbeiten der Dokumentenerzeugung auf dem Programm. Da die internationale Ausrichtung an die Verwaltung der sprach abh\u00e4ngigen Vorlagen eine wesentliche Herausforderung ist, sollte dies [&hellip;]<\/p>\n","protected":false},"author":1,"featured_media":0,"parent":0,"menu_order":0,"comment_status":"closed","ping_status":"closed","template":"","meta":{"ocean_post_layout":"full-screen","ocean_both_sidebars_style":"","ocean_both_sidebars_content_width":0,"ocean_both_sidebars_sidebars_width":0,"ocean_sidebar":"0","ocean_second_sidebar":"0","ocean_disable_margins":"enable","ocean_add_body_class":"","ocean_shortcode_before_top_bar":"","ocean_shortcode_after_top_bar":"","ocean_shortcode_before_header":"","ocean_shortcode_after_header":"","ocean_has_shortcode":"","ocean_shortcode_after_title":"","ocean_shortcode_before_footer_widgets":"","ocean_shortcode_after_footer_widgets":"","ocean_shortcode_before_footer_bottom":"","ocean_shortcode_after_footer_bottom":"","ocean_display_top_bar":"default","ocean_display_header":"default","ocean_header_style":"","ocean_center_header_left_menu":"0","ocean_custom_header_template":"0","ocean_custom_logo":0,"ocean_custom_retina_logo":0,"ocean_custom_logo_max_width":0,"ocean_custom_logo_tablet_max_width":0,"ocean_custom_logo_mobile_max_width":0,"ocean_custom_logo_max_height":0,"ocean_custom_logo_tablet_max_height":0,"ocean_custom_logo_mobile_max_height":0,"ocean_header_custom_menu":"4","ocean_menu_typo_font_family":"0","ocean_menu_typo_font_subset":"","ocean_menu_typo_font_size":0,"ocean_menu_typo_font_size_tablet":0,"ocean_menu_typo_font_size_mobile":0,"ocean_menu_typo_font_size_unit":"px","ocean_menu_typo_font_weight":"","ocean_menu_typo_font_weight_tablet":"","ocean_menu_typo_font_weight_mobile":"","ocean_menu_typo_transform":"","ocean_menu_typo_transform_tablet":"","ocean_menu_typo_transform_mobile":"","ocean_menu_typo_line_height":0,"ocean_menu_typo_line_height_tablet":0,"ocean_menu_typo_line_height_mobile":0,"ocean_menu_typo_line_height_unit":"","ocean_menu_typo_spacing":0,"ocean_menu_typo_spacing_tablet":0,"ocean_menu_typo_spacing_mobile":0,"ocean_menu_typo_spacing_unit":"","ocean_menu_link_color":"","ocean_menu_link_color_hover":"","ocean_menu_link_color_active":"","ocean_menu_link_background":"","ocean_menu_link_hover_background":"","ocean_menu_link_active_background":"","ocean_menu_social_links_bg":"","ocean_menu_social_hover_links_bg":"","ocean_menu_social_links_color":"","ocean_menu_social_hover_links_color":"","ocean_disable_title":"on","ocean_disable_heading":"default","ocean_post_title":"","ocean_post_subheading":"","ocean_post_title_style":"","ocean_post_title_background_color":"","ocean_post_title_background":0,"ocean_post_title_bg_image_position":"","ocean_post_title_bg_image_attachment":"","ocean_post_title_bg_image_repeat":"","ocean_post_title_bg_image_size":"","ocean_post_title_height":0,"ocean_post_title_bg_overlay":0.5,"ocean_post_title_bg_overlay_color":"","ocean_disable_breadcrumbs":"off","ocean_breadcrumbs_color":"","ocean_breadcrumbs_separator_color":"","ocean_breadcrumbs_links_color":"","ocean_breadcrumbs_links_hover_color":"","ocean_display_footer_widgets":"default","ocean_display_footer_bottom":"default","ocean_custom_footer_template":"0","footnotes":""},"class_list":["post-2734","page","type-page","status-publish","hentry","entry"],"yoast_head":"<!-- This site is optimized with the Yoast SEO plugin v27.3 - https:\/\/yoast.com\/product\/yoast-seo-wordpress\/ -->\n<title>Ver\u00f6ffentlichung Juli 2012 - HE-S - Digitalisierung aus einer Hand<\/title>\n<meta name=\"description\" content=\"Ein Ver\u00f6ffentlichung, bei einem international t\u00e4tigen Versicherungskonzern im Rahmen der Konsolidierung der bestehenden SAP-Systemlandschaft\" \/>\n<meta name=\"robots\" content=\"index, follow, max-snippet:-1, max-image-preview:large, max-video-preview:-1\" \/>\n<link rel=\"canonical\" href=\"https:\/\/he-s.com\/en\/juli-2012-einfuehrung-einer-dokumenterzeugung-die-personalabteilung-und-ihre-not-artikel-im-sonderheft-spport\/\" \/>\n<meta property=\"og:locale\" content=\"en_GB\" \/>\n<meta property=\"og:type\" content=\"article\" \/>\n<meta property=\"og:title\" content=\"Ver\u00f6ffentlichung Juli 2012 - HE-S - Digitalisierung aus einer Hand\" \/>\n<meta property=\"og:description\" content=\"Ein Ver\u00f6ffentlichung, bei einem international t\u00e4tigen Versicherungskonzern im Rahmen der Konsolidierung der bestehenden SAP-Systemlandschaft\" \/>\n<meta property=\"og:url\" content=\"https:\/\/he-s.com\/en\/juli-2012-einfuehrung-einer-dokumenterzeugung-die-personalabteilung-und-ihre-not-artikel-im-sonderheft-spport\/\" \/>\n<meta property=\"og:site_name\" content=\"HE-S - Digitalisierung aus einer Hand\" \/>\n<meta property=\"article:modified_time\" content=\"2022-02-21T14:49:52+00:00\" \/>\n<meta property=\"og:image\" content=\"http:\/\/newworld.he-s.digital\/wp-content\/uploads\/2022\/01\/Fachartikel_2012_Juli-724x1024.jpg\" \/>\n<meta name=\"twitter:card\" content=\"summary_large_image\" \/>\n<meta name=\"twitter:label1\" content=\"Estimated reading time\" \/>\n\t<meta name=\"twitter:data1\" content=\"1 minute\" \/>\n<script type=\"application\/ld+json\" class=\"yoast-schema-graph\">{\"@context\":\"https:\\\/\\\/schema.org\",\"@graph\":[{\"@type\":\"WebPage\",\"@id\":\"https:\\\/\\\/he-s.com\\\/juli-2012-einfuehrung-einer-dokumenterzeugung-die-personalabteilung-und-ihre-not-artikel-im-sonderheft-spport\\\/\",\"url\":\"https:\\\/\\\/he-s.com\\\/juli-2012-einfuehrung-einer-dokumenterzeugung-die-personalabteilung-und-ihre-not-artikel-im-sonderheft-spport\\\/\",\"name\":\"Ver\u00f6ffentlichung Juli 2012 - HE-S - Digitalisierung aus einer Hand\",\"isPartOf\":{\"@id\":\"https:\\\/\\\/he-s.com\\\/#website\"},\"primaryImageOfPage\":{\"@id\":\"https:\\\/\\\/he-s.com\\\/juli-2012-einfuehrung-einer-dokumenterzeugung-die-personalabteilung-und-ihre-not-artikel-im-sonderheft-spport\\\/#primaryimage\"},\"image\":{\"@id\":\"https:\\\/\\\/he-s.com\\\/juli-2012-einfuehrung-einer-dokumenterzeugung-die-personalabteilung-und-ihre-not-artikel-im-sonderheft-spport\\\/#primaryimage\"},\"thumbnailUrl\":\"http:\\\/\\\/newworld.he-s.digital\\\/wp-content\\\/uploads\\\/2022\\\/01\\\/Fachartikel_2012_Juli-724x1024.jpg\",\"datePublished\":\"2022-01-24T12:45:15+00:00\",\"dateModified\":\"2022-02-21T14:49:52+00:00\",\"description\":\"Ein Ver\u00f6ffentlichung, bei einem international t\u00e4tigen Versicherungskonzern im Rahmen der Konsolidierung der bestehenden SAP-Systemlandschaft\",\"breadcrumb\":{\"@id\":\"https:\\\/\\\/he-s.com\\\/juli-2012-einfuehrung-einer-dokumenterzeugung-die-personalabteilung-und-ihre-not-artikel-im-sonderheft-spport\\\/#breadcrumb\"},\"inLanguage\":\"en-GB\",\"potentialAction\":[{\"@type\":\"ReadAction\",\"target\":[\"https:\\\/\\\/he-s.com\\\/juli-2012-einfuehrung-einer-dokumenterzeugung-die-personalabteilung-und-ihre-not-artikel-im-sonderheft-spport\\\/\"]}]},{\"@type\":\"ImageObject\",\"inLanguage\":\"en-GB\",\"@id\":\"https:\\\/\\\/he-s.com\\\/juli-2012-einfuehrung-einer-dokumenterzeugung-die-personalabteilung-und-ihre-not-artikel-im-sonderheft-spport\\\/#primaryimage\",\"url\":\"http:\\\/\\\/newworld.he-s.digital\\\/wp-content\\\/uploads\\\/2022\\\/01\\\/Fachartikel_2012_Juli-724x1024.jpg\",\"contentUrl\":\"http:\\\/\\\/newworld.he-s.digital\\\/wp-content\\\/uploads\\\/2022\\\/01\\\/Fachartikel_2012_Juli-724x1024.jpg\"},{\"@type\":\"BreadcrumbList\",\"@id\":\"https:\\\/\\\/he-s.com\\\/juli-2012-einfuehrung-einer-dokumenterzeugung-die-personalabteilung-und-ihre-not-artikel-im-sonderheft-spport\\\/#breadcrumb\",\"itemListElement\":[{\"@type\":\"ListItem\",\"position\":1,\"name\":\"Startseite\",\"item\":\"https:\\\/\\\/he-s.com\\\/\"},{\"@type\":\"ListItem\",\"position\":2,\"name\":\"Juli 2012 Einf\u00fchrung einer Dokumenterzeugung DIE PERSONALABTEILUNG UND IHRE NOT &#8211; Artikel im Sonderheft S@pport\"}]},{\"@type\":\"WebSite\",\"@id\":\"https:\\\/\\\/he-s.com\\\/#website\",\"url\":\"https:\\\/\\\/he-s.com\\\/\",\"name\":\"HE-S - Digitalisierung aus einer Hand\",\"description\":\"Deine innovative Aufgabenorganisation\",\"publisher\":{\"@id\":\"https:\\\/\\\/he-s.com\\\/#organization\"},\"potentialAction\":[{\"@type\":\"SearchAction\",\"target\":{\"@type\":\"EntryPoint\",\"urlTemplate\":\"https:\\\/\\\/he-s.com\\\/?s={search_term_string}\"},\"query-input\":{\"@type\":\"PropertyValueSpecification\",\"valueRequired\":true,\"valueName\":\"search_term_string\"}}],\"inLanguage\":\"en-GB\"},{\"@type\":\"Organization\",\"@id\":\"https:\\\/\\\/he-s.com\\\/#organization\",\"name\":\"HE-S - Digitalisierung aus einer Hand\",\"url\":\"https:\\\/\\\/he-s.com\\\/\",\"logo\":{\"@type\":\"ImageObject\",\"inLanguage\":\"en-GB\",\"@id\":\"https:\\\/\\\/he-s.com\\\/#\\\/schema\\\/logo\\\/image\\\/\",\"url\":\"https:\\\/\\\/he-s.com\\\/wp-content\\\/uploads\\\/2022\\\/03\\\/cropped-20191019_Logo_Kreis_HE-S_cmyk_orange-removebg-preview-1.png\",\"contentUrl\":\"https:\\\/\\\/he-s.com\\\/wp-content\\\/uploads\\\/2022\\\/03\\\/cropped-20191019_Logo_Kreis_HE-S_cmyk_orange-removebg-preview-1.png\",\"width\":499,\"height\":500,\"caption\":\"HE-S - Digitalisierung aus einer Hand\"},\"image\":{\"@id\":\"https:\\\/\\\/he-s.com\\\/#\\\/schema\\\/logo\\\/image\\\/\"}}]}<\/script>\n<!-- \/ Yoast SEO plugin. -->","yoast_head_json":{"title":"Ver\u00f6ffentlichung Juli 2012 - HE-S - Digitalisierung aus einer Hand","description":"Ein Ver\u00f6ffentlichung, bei einem international t\u00e4tigen Versicherungskonzern im Rahmen der Konsolidierung der bestehenden SAP-Systemlandschaft","robots":{"index":"index","follow":"follow","max-snippet":"max-snippet:-1","max-image-preview":"max-image-preview:large","max-video-preview":"max-video-preview:-1"},"canonical":"https:\/\/he-s.com\/en\/juli-2012-einfuehrung-einer-dokumenterzeugung-die-personalabteilung-und-ihre-not-artikel-im-sonderheft-spport\/","og_locale":"en_GB","og_type":"article","og_title":"Ver\u00f6ffentlichung Juli 2012 - HE-S - Digitalisierung aus einer Hand","og_description":"Ein Ver\u00f6ffentlichung, bei einem international t\u00e4tigen Versicherungskonzern im Rahmen der Konsolidierung der bestehenden SAP-Systemlandschaft","og_url":"https:\/\/he-s.com\/en\/juli-2012-einfuehrung-einer-dokumenterzeugung-die-personalabteilung-und-ihre-not-artikel-im-sonderheft-spport\/","og_site_name":"HE-S - Digitalisierung aus einer Hand","article_modified_time":"2022-02-21T14:49:52+00:00","og_image":[{"url":"http:\/\/newworld.he-s.digital\/wp-content\/uploads\/2022\/01\/Fachartikel_2012_Juli-724x1024.jpg","type":"","width":"","height":""}],"twitter_card":"summary_large_image","twitter_misc":{"Estimated reading time":"1 minute"},"schema":{"@context":"https:\/\/schema.org","@graph":[{"@type":"WebPage","@id":"https:\/\/he-s.com\/juli-2012-einfuehrung-einer-dokumenterzeugung-die-personalabteilung-und-ihre-not-artikel-im-sonderheft-spport\/","url":"https:\/\/he-s.com\/juli-2012-einfuehrung-einer-dokumenterzeugung-die-personalabteilung-und-ihre-not-artikel-im-sonderheft-spport\/","name":"Ver\u00f6ffentlichung Juli 2012 - HE-S - Digitalisierung aus einer Hand","isPartOf":{"@id":"https:\/\/he-s.com\/#website"},"primaryImageOfPage":{"@id":"https:\/\/he-s.com\/juli-2012-einfuehrung-einer-dokumenterzeugung-die-personalabteilung-und-ihre-not-artikel-im-sonderheft-spport\/#primaryimage"},"image":{"@id":"https:\/\/he-s.com\/juli-2012-einfuehrung-einer-dokumenterzeugung-die-personalabteilung-und-ihre-not-artikel-im-sonderheft-spport\/#primaryimage"},"thumbnailUrl":"http:\/\/newworld.he-s.digital\/wp-content\/uploads\/2022\/01\/Fachartikel_2012_Juli-724x1024.jpg","datePublished":"2022-01-24T12:45:15+00:00","dateModified":"2022-02-21T14:49:52+00:00","description":"Ein Ver\u00f6ffentlichung, bei einem international t\u00e4tigen Versicherungskonzern im Rahmen der Konsolidierung der bestehenden SAP-Systemlandschaft","breadcrumb":{"@id":"https:\/\/he-s.com\/juli-2012-einfuehrung-einer-dokumenterzeugung-die-personalabteilung-und-ihre-not-artikel-im-sonderheft-spport\/#breadcrumb"},"inLanguage":"en-GB","potentialAction":[{"@type":"ReadAction","target":["https:\/\/he-s.com\/juli-2012-einfuehrung-einer-dokumenterzeugung-die-personalabteilung-und-ihre-not-artikel-im-sonderheft-spport\/"]}]},{"@type":"ImageObject","inLanguage":"en-GB","@id":"https:\/\/he-s.com\/juli-2012-einfuehrung-einer-dokumenterzeugung-die-personalabteilung-und-ihre-not-artikel-im-sonderheft-spport\/#primaryimage","url":"http:\/\/newworld.he-s.digital\/wp-content\/uploads\/2022\/01\/Fachartikel_2012_Juli-724x1024.jpg","contentUrl":"http:\/\/newworld.he-s.digital\/wp-content\/uploads\/2022\/01\/Fachartikel_2012_Juli-724x1024.jpg"},{"@type":"BreadcrumbList","@id":"https:\/\/he-s.com\/juli-2012-einfuehrung-einer-dokumenterzeugung-die-personalabteilung-und-ihre-not-artikel-im-sonderheft-spport\/#breadcrumb","itemListElement":[{"@type":"ListItem","position":1,"name":"Startseite","item":"https:\/\/he-s.com\/"},{"@type":"ListItem","position":2,"name":"Juli 2012 Einf\u00fchrung einer Dokumenterzeugung DIE PERSONALABTEILUNG UND IHRE NOT &#8211; Artikel im Sonderheft S@pport"}]},{"@type":"WebSite","@id":"https:\/\/he-s.com\/#website","url":"https:\/\/he-s.com\/","name":"HE-S - Digitalisierung aus einer Hand","description":"Deine innovative Aufgabenorganisation","publisher":{"@id":"https:\/\/he-s.com\/#organization"},"potentialAction":[{"@type":"SearchAction","target":{"@type":"EntryPoint","urlTemplate":"https:\/\/he-s.com\/?s={search_term_string}"},"query-input":{"@type":"PropertyValueSpecification","valueRequired":true,"valueName":"search_term_string"}}],"inLanguage":"en-GB"},{"@type":"Organization","@id":"https:\/\/he-s.com\/#organization","name":"HE-S - Digitalisierung aus einer Hand","url":"https:\/\/he-s.com\/","logo":{"@type":"ImageObject","inLanguage":"en-GB","@id":"https:\/\/he-s.com\/#\/schema\/logo\/image\/","url":"https:\/\/he-s.com\/wp-content\/uploads\/2022\/03\/cropped-20191019_Logo_Kreis_HE-S_cmyk_orange-removebg-preview-1.png","contentUrl":"https:\/\/he-s.com\/wp-content\/uploads\/2022\/03\/cropped-20191019_Logo_Kreis_HE-S_cmyk_orange-removebg-preview-1.png","width":499,"height":500,"caption":"HE-S - Digitalisierung aus einer Hand"},"image":{"@id":"https:\/\/he-s.com\/#\/schema\/logo\/image\/"}}]}},"_links":{"self":[{"href":"https:\/\/he-s.com\/en\/wp-json\/wp\/v2\/pages\/2734","targetHints":{"allow":["GET"]}}],"collection":[{"href":"https:\/\/he-s.com\/en\/wp-json\/wp\/v2\/pages"}],"about":[{"href":"https:\/\/he-s.com\/en\/wp-json\/wp\/v2\/types\/page"}],"author":[{"embeddable":true,"href":"https:\/\/he-s.com\/en\/wp-json\/wp\/v2\/users\/1"}],"replies":[{"embeddable":true,"href":"https:\/\/he-s.com\/en\/wp-json\/wp\/v2\/comments?post=2734"}],"version-history":[{"count":14,"href":"https:\/\/he-s.com\/en\/wp-json\/wp\/v2\/pages\/2734\/revisions"}],"predecessor-version":[{"id":4253,"href":"https:\/\/he-s.com\/en\/wp-json\/wp\/v2\/pages\/2734\/revisions\/4253"}],"wp:attachment":[{"href":"https:\/\/he-s.com\/en\/wp-json\/wp\/v2\/media?parent=2734"}],"curies":[{"name":"wp","href":"https:\/\/api.w.org\/{rel}","templated":true}]}}