{"id":3131,"date":"2022-01-26T12:28:31","date_gmt":"2022-01-26T12:28:31","guid":{"rendered":"http:\/\/newworld.he-s.digital\/?page_id=3131"},"modified":"2022-02-21T15:47:54","modified_gmt":"2022-02-21T14:47:54","slug":"interview-mit-rinaldo-heck-im-main-echo","status":"publish","type":"page","link":"https:\/\/he-s.com\/en\/interview-mit-rinaldo-heck-im-main-echo\/","title":{"rendered":"INTERVIEW WITH RINALDO HECK IN MAIN-ECHO"},"content":{"rendered":"<div data-elementor-type=\"wp-page\" data-elementor-id=\"3131\" class=\"elementor elementor-3131\">\n\t\t\t\t\t\t<section class=\"elementor-section elementor-top-section elementor-element elementor-element-4fbc29e elementor-section-full_width elementor-section-height-min-height elementor-section-height-default elementor-section-items-middle\" data-id=\"4fbc29e\" data-element_type=\"section\" data-e-type=\"section\" data-settings=\"{&quot;background_background&quot;:&quot;classic&quot;}\">\n\t\t\t\t\t\t\t<div class=\"elementor-background-overlay\"><\/div>\n\t\t\t\t\t\t\t<div class=\"elementor-container elementor-column-gap-default\">\n\t\t\t\t\t<div class=\"elementor-column elementor-col-100 elementor-top-column elementor-element elementor-element-1071df7\" data-id=\"1071df7\" data-element_type=\"column\" data-e-type=\"column\">\n\t\t\t<div class=\"elementor-widget-wrap elementor-element-populated\">\n\t\t\t\t\t\t<div class=\"elementor-element elementor-element-05c6e17 elementor-widget elementor-widget-heading\" data-id=\"05c6e17\" data-element_type=\"widget\" data-e-type=\"widget\" data-widget_type=\"heading.default\">\n\t\t\t\t<div class=\"elementor-widget-container\">\n\t\t\t\t\t<h2 class=\"elementor-heading-title elementor-size-default\">13. Dezember 2021<\/h2>\t\t\t\t<\/div>\n\t\t\t\t<\/div>\n\t\t\t\t\t<\/div>\n\t\t<\/div>\n\t\t\t\t\t<\/div>\n\t\t<\/section>\n\t\t\t\t<section class=\"elementor-section elementor-top-section elementor-element elementor-element-d559a60 elementor-section-boxed elementor-section-height-default elementor-section-height-default\" data-id=\"d559a60\" data-element_type=\"section\" data-e-type=\"section\">\n\t\t\t\t\t\t<div class=\"elementor-container elementor-column-gap-default\">\n\t\t\t\t\t<div class=\"elementor-column elementor-col-100 elementor-top-column elementor-element elementor-element-6b84813\" data-id=\"6b84813\" data-element_type=\"column\" data-e-type=\"column\">\n\t\t\t<div class=\"elementor-widget-wrap elementor-element-populated\">\n\t\t\t\t\t\t<div class=\"elementor-element elementor-element-88502f4 elementor-widget elementor-widget-spacer\" data-id=\"88502f4\" data-element_type=\"widget\" data-e-type=\"widget\" data-widget_type=\"spacer.default\">\n\t\t\t\t<div class=\"elementor-widget-container\">\n\t\t\t\t\t\t\t<div class=\"elementor-spacer\">\n\t\t\t<div class=\"elementor-spacer-inner\"><\/div>\n\t\t<\/div>\n\t\t\t\t\t\t<\/div>\n\t\t\t\t<\/div>\n\t\t\t\t<div class=\"elementor-element elementor-element-16a8c271 elementor-widget elementor-widget-heading\" data-id=\"16a8c271\" data-element_type=\"widget\" data-e-type=\"widget\" data-widget_type=\"heading.default\">\n\t\t\t\t<div class=\"elementor-widget-container\">\n\t\t\t\t\t<h1 class=\"elementor-heading-title elementor-size-default\">INTERVIEW WITH RINALDO HECK IN MAIN-ECHO<\/h1>\t\t\t\t<\/div>\n\t\t\t\t<\/div>\n\t\t\t\t\t<\/div>\n\t\t<\/div>\n\t\t\t\t\t<\/div>\n\t\t<\/section>\n\t\t\t\t<section class=\"elementor-section elementor-top-section elementor-element elementor-element-7cf11189 elementor-section-height-min-height elementor-section-full_width elementor-section-items-stretch elementor-reverse-mobile elementor-section-height-default\" data-id=\"7cf11189\" data-element_type=\"section\" data-e-type=\"section\" data-settings=\"{&quot;background_background&quot;:&quot;video&quot;,&quot;background_video_link&quot;:&quot;https:\\\/\\\/www.youtube.com\\\/watch?v=pWZ0TkNsC-Y&quot;,&quot;background_video_start&quot;:15}\">\n\t\t\t\t\t\t\t\t<div class=\"elementor-background-video-container elementor-hidden-mobile\">\n\t\t\t\t\t\t\t\t\t\t\t\t\t<div class=\"elementor-background-video-embed\" role=\"presentation\"><\/div>\n\t\t\t\t\t\t\t\t\t\t\t\t<\/div>\n\t\t\t\t\t\t\t\t\t<div class=\"elementor-background-overlay\"><\/div>\n\t\t\t\t\t\t\t<div class=\"elementor-container elementor-column-gap-no\">\n\t\t\t\t\t<div class=\"elementor-column elementor-col-50 elementor-top-column elementor-element elementor-element-769a2373\" data-id=\"769a2373\" data-element_type=\"column\" data-e-type=\"column\" data-settings=\"{&quot;background_background&quot;:&quot;classic&quot;}\">\n\t\t\t<div class=\"elementor-widget-wrap elementor-element-populated\">\n\t\t\t\t\t\t<section class=\"elementor-section elementor-inner-section elementor-element elementor-element-29835722 elementor-section-boxed elementor-section-height-default elementor-section-height-default\" data-id=\"29835722\" data-element_type=\"section\" data-e-type=\"section\">\n\t\t\t\t\t\t<div class=\"elementor-container elementor-column-gap-default\">\n\t\t\t\t\t<div class=\"elementor-column elementor-col-100 elementor-inner-column elementor-element elementor-element-652ea18e\" data-id=\"652ea18e\" data-element_type=\"column\" data-e-type=\"column\">\n\t\t\t<div class=\"elementor-widget-wrap elementor-element-populated\">\n\t\t\t\t\t\t<div class=\"elementor-element elementor-element-7f278cbe elementor-widget elementor-widget-spacer\" data-id=\"7f278cbe\" data-element_type=\"widget\" data-e-type=\"widget\" data-widget_type=\"spacer.default\">\n\t\t\t\t<div class=\"elementor-widget-container\">\n\t\t\t\t\t\t\t<div class=\"elementor-spacer\">\n\t\t\t<div class=\"elementor-spacer-inner\"><\/div>\n\t\t<\/div>\n\t\t\t\t\t\t<\/div>\n\t\t\t\t<\/div>\n\t\t\t\t<div class=\"elementor-element elementor-element-4146df91 elementor-widget elementor-widget-heading\" data-id=\"4146df91\" data-element_type=\"widget\" data-e-type=\"widget\" data-widget_type=\"heading.default\">\n\t\t\t\t<div class=\"elementor-widget-container\">\n\t\t\t\t\t<h2 class=\"elementor-heading-title elementor-size-default\">We would like to thank chief reporter Claus Morhart from the Main-Echo for the great and authentic Interview with our managing director Rinaldo Heck.<\/h2>\t\t\t\t<\/div>\n\t\t\t\t<\/div>\n\t\t\t\t<div class=\"elementor-element elementor-element-7ce73c88 elementor-widget elementor-widget-spacer\" data-id=\"7ce73c88\" data-element_type=\"widget\" data-e-type=\"widget\" data-widget_type=\"spacer.default\">\n\t\t\t\t<div class=\"elementor-widget-container\">\n\t\t\t\t\t\t\t<div class=\"elementor-spacer\">\n\t\t\t<div class=\"elementor-spacer-inner\"><\/div>\n\t\t<\/div>\n\t\t\t\t\t\t<\/div>\n\t\t\t\t<\/div>\n\t\t\t\t<div class=\"elementor-element elementor-element-3f67b327 elementor-widget elementor-widget-text-editor\" data-id=\"3f67b327\" data-element_type=\"widget\" data-e-type=\"widget\" data-widget_type=\"text-editor.default\">\n\t\t\t\t<div class=\"elementor-widget-container\">\n\t\t\t\t\t\t\t\t\t<p>In the Interview, Rinaldo Heck answers questions and reports on the development and functions of the Business Organizer.<\/p>\n<p>Hier der&nbsp;<a href=\"https:\/\/www.main-echo.de\/regional\/stadt-kreis-aschaffenburg\/corona-macht-johannesberger-erfinderisch-rinaldo-heck-hat-technik-zum-kampf-gegen-planungschaos-entwickelt-art-7438491\" target=\"_blank\" rel=\"noopener noreferrer\">Link zum Artikel<\/a>.&nbsp;<\/p>\t\t\t\t\t\t\t\t<\/div>\n\t\t\t\t<\/div>\n\t\t\t\t\t<\/div>\n\t\t<\/div>\n\t\t\t\t\t<\/div>\n\t\t<\/section>\n\t\t\t\t\t<\/div>\n\t\t<\/div>\n\t\t\t\t<div class=\"elementor-column elementor-col-50 elementor-top-column elementor-element elementor-element-3b3b68d9\" data-id=\"3b3b68d9\" data-element_type=\"column\" data-e-type=\"column\" data-settings=\"{&quot;background_background&quot;:&quot;classic&quot;}\">\n\t\t\t<div class=\"elementor-widget-wrap elementor-element-populated\">\n\t\t\t\t\t<div class=\"elementor-background-overlay\"><\/div>\n\t\t\t\t\t\t<div class=\"elementor-element elementor-element-4639a7eb elementor-widget elementor-widget-image\" data-id=\"4639a7eb\" data-element_type=\"widget\" data-e-type=\"widget\" data-widget_type=\"image.default\">\n\t\t\t\t<div class=\"elementor-widget-container\">\n\t\t\t\t\t\t\t\t\t\t\t\t\t\t\t<img fetchpriority=\"high\" decoding=\"async\" width=\"768\" height=\"651\" src=\"https:\/\/he-s.com\/wp-content\/uploads\/2022\/01\/20211210_Foto_Interview-768x651.png\" class=\"attachment-medium_large size-medium_large wp-image-3009\" alt=\"Zeitungsartikel vom Main Echo zum Business Organizer\" srcset=\"https:\/\/he-s.com\/wp-content\/uploads\/2022\/01\/20211210_Foto_Interview-768x651.png 768w, https:\/\/he-s.com\/wp-content\/uploads\/2022\/01\/20211210_Foto_Interview-300x254.png 300w, https:\/\/he-s.com\/wp-content\/uploads\/2022\/01\/20211210_Foto_Interview.png 889w\" sizes=\"(max-width: 768px) 100vw, 768px\" \/>\t\t\t\t\t\t\t\t\t\t\t\t\t\t\t<\/div>\n\t\t\t\t<\/div>\n\t\t\t\t\t<\/div>\n\t\t<\/div>\n\t\t\t\t\t<\/div>\n\t\t<\/section>\n\t\t\t\t<\/div>","protected":false},"excerpt":{"rendered":"<p>13. Dezember 2021 Interview mit Rinaldo Heck im Main-Echo Wir bedanken uns ganz herzlich bei Chefreporter Claus Morhart vom Main Echo, f\u00fcr das tolle und authentische Interview mit unserem Gesch\u00e4ftsf\u00fchrer Rinaldo Heck. Im Interview steht Rinaldo Heck Rede und Antwort und berichtet \u00fcber die Entstehung und die Funktionen des Business Organizers. Hier der&nbsp;Link zum Artikel.&nbsp;<\/p>","protected":false},"author":1,"featured_media":0,"parent":0,"menu_order":0,"comment_status":"closed","ping_status":"closed","template":"","meta":{"ocean_post_layout":"full-screen","ocean_both_sidebars_style":"","ocean_both_sidebars_content_width":0,"ocean_both_sidebars_sidebars_width":0,"ocean_sidebar":"0","ocean_second_sidebar":"0","ocean_disable_margins":"enable","ocean_add_body_class":"","ocean_shortcode_before_top_bar":"","ocean_shortcode_after_top_bar":"","ocean_shortcode_before_header":"","ocean_shortcode_after_header":"","ocean_has_shortcode":"","ocean_shortcode_after_title":"","ocean_shortcode_before_footer_widgets":"","ocean_shortcode_after_footer_widgets":"","ocean_shortcode_before_footer_bottom":"","ocean_shortcode_after_footer_bottom":"","ocean_display_top_bar":"default","ocean_display_header":"default","ocean_header_style":"","ocean_center_header_left_menu":"0","ocean_custom_header_template":"0","ocean_custom_logo":0,"ocean_custom_retina_logo":0,"ocean_custom_logo_max_width":0,"ocean_custom_logo_tablet_max_width":0,"ocean_custom_logo_mobile_max_width":0,"ocean_custom_logo_max_height":0,"ocean_custom_logo_tablet_max_height":0,"ocean_custom_logo_mobile_max_height":0,"ocean_header_custom_menu":"4","ocean_menu_typo_font_family":"0","ocean_menu_typo_font_subset":"","ocean_menu_typo_font_size":0,"ocean_menu_typo_font_size_tablet":0,"ocean_menu_typo_font_size_mobile":0,"ocean_menu_typo_font_size_unit":"px","ocean_menu_typo_font_weight":"","ocean_menu_typo_font_weight_tablet":"","ocean_menu_typo_font_weight_mobile":"","ocean_menu_typo_transform":"","ocean_menu_typo_transform_tablet":"","ocean_menu_typo_transform_mobile":"","ocean_menu_typo_line_height":0,"ocean_menu_typo_line_height_tablet":0,"ocean_menu_typo_line_height_mobile":0,"ocean_menu_typo_line_height_unit":"","ocean_menu_typo_spacing":0,"ocean_menu_typo_spacing_tablet":0,"ocean_menu_typo_spacing_mobile":0,"ocean_menu_typo_spacing_unit":"","ocean_menu_link_color":"","ocean_menu_link_color_hover":"","ocean_menu_link_color_active":"","ocean_menu_link_background":"","ocean_menu_link_hover_background":"","ocean_menu_link_active_background":"","ocean_menu_social_links_bg":"","ocean_menu_social_hover_links_bg":"","ocean_menu_social_links_color":"","ocean_menu_social_hover_links_color":"","ocean_disable_title":"on","ocean_disable_heading":"default","ocean_post_title":"","ocean_post_subheading":"","ocean_post_title_style":"","ocean_post_title_background_color":"","ocean_post_title_background":0,"ocean_post_title_bg_image_position":"","ocean_post_title_bg_image_attachment":"","ocean_post_title_bg_image_repeat":"","ocean_post_title_bg_image_size":"","ocean_post_title_height":0,"ocean_post_title_bg_overlay":0.5,"ocean_post_title_bg_overlay_color":"","ocean_disable_breadcrumbs":"off","ocean_breadcrumbs_color":"","ocean_breadcrumbs_separator_color":"","ocean_breadcrumbs_links_color":"","ocean_breadcrumbs_links_hover_color":"","ocean_display_footer_widgets":"default","ocean_display_footer_bottom":"default","ocean_custom_footer_template":"0","footnotes":""},"class_list":["post-3131","page","type-page","status-publish","hentry","entry"],"yoast_head":"<!-- This site is optimized with the Yoast SEO plugin v27.3 - https:\/\/yoast.com\/product\/yoast-seo-wordpress\/ -->\n<title>Pressemitteilung Dezember 2021 - HE-S - Digitalisierung aus einer Hand<\/title>\n<meta name=\"description\" content=\"Wir bedanken uns ganz herzlich bei Chefreporter Claus Morhart vom Main Echo, f\u00fcr die Pressemitteilung und authentische Interview mit uns.\" \/>\n<meta name=\"robots\" content=\"index, follow, max-snippet:-1, max-image-preview:large, max-video-preview:-1\" \/>\n<link rel=\"canonical\" href=\"https:\/\/he-s.com\/en\/interview-mit-rinaldo-heck-im-main-echo\/\" \/>\n<meta property=\"og:locale\" content=\"en_GB\" \/>\n<meta property=\"og:type\" content=\"article\" \/>\n<meta property=\"og:title\" content=\"Pressemitteilung Dezember 2021 - HE-S - Digitalisierung aus einer Hand\" \/>\n<meta property=\"og:description\" content=\"Wir bedanken uns ganz herzlich bei Chefreporter Claus Morhart vom Main Echo, f\u00fcr die Pressemitteilung und authentische Interview mit uns.\" \/>\n<meta property=\"og:url\" content=\"https:\/\/he-s.com\/en\/interview-mit-rinaldo-heck-im-main-echo\/\" \/>\n<meta property=\"og:site_name\" content=\"HE-S - Digitalisierung aus einer Hand\" \/>\n<meta property=\"article:modified_time\" content=\"2022-02-21T14:47:54+00:00\" \/>\n<meta property=\"og:image\" content=\"http:\/\/newworld.he-s.digital\/wp-content\/uploads\/2022\/01\/20211210_Foto_Interview-768x651.png\" \/>\n<meta name=\"twitter:card\" content=\"summary_large_image\" \/>\n<meta name=\"twitter:label1\" content=\"Estimated reading time\" \/>\n\t<meta name=\"twitter:data1\" content=\"1 minute\" \/>\n<script type=\"application\/ld+json\" class=\"yoast-schema-graph\">{\"@context\":\"https:\\\/\\\/schema.org\",\"@graph\":[{\"@type\":\"WebPage\",\"@id\":\"https:\\\/\\\/he-s.com\\\/interview-mit-rinaldo-heck-im-main-echo\\\/\",\"url\":\"https:\\\/\\\/he-s.com\\\/interview-mit-rinaldo-heck-im-main-echo\\\/\",\"name\":\"Pressemitteilung Dezember 2021 - HE-S - Digitalisierung aus einer Hand\",\"isPartOf\":{\"@id\":\"https:\\\/\\\/he-s.com\\\/#website\"},\"primaryImageOfPage\":{\"@id\":\"https:\\\/\\\/he-s.com\\\/interview-mit-rinaldo-heck-im-main-echo\\\/#primaryimage\"},\"image\":{\"@id\":\"https:\\\/\\\/he-s.com\\\/interview-mit-rinaldo-heck-im-main-echo\\\/#primaryimage\"},\"thumbnailUrl\":\"http:\\\/\\\/newworld.he-s.digital\\\/wp-content\\\/uploads\\\/2022\\\/01\\\/20211210_Foto_Interview-768x651.png\",\"datePublished\":\"2022-01-26T12:28:31+00:00\",\"dateModified\":\"2022-02-21T14:47:54+00:00\",\"description\":\"Wir bedanken uns ganz herzlich bei Chefreporter Claus Morhart vom Main Echo, f\u00fcr die Pressemitteilung und authentische Interview mit uns.\",\"breadcrumb\":{\"@id\":\"https:\\\/\\\/he-s.com\\\/interview-mit-rinaldo-heck-im-main-echo\\\/#breadcrumb\"},\"inLanguage\":\"en-GB\",\"potentialAction\":[{\"@type\":\"ReadAction\",\"target\":[\"https:\\\/\\\/he-s.com\\\/interview-mit-rinaldo-heck-im-main-echo\\\/\"]}]},{\"@type\":\"ImageObject\",\"inLanguage\":\"en-GB\",\"@id\":\"https:\\\/\\\/he-s.com\\\/interview-mit-rinaldo-heck-im-main-echo\\\/#primaryimage\",\"url\":\"http:\\\/\\\/newworld.he-s.digital\\\/wp-content\\\/uploads\\\/2022\\\/01\\\/20211210_Foto_Interview-768x651.png\",\"contentUrl\":\"http:\\\/\\\/newworld.he-s.digital\\\/wp-content\\\/uploads\\\/2022\\\/01\\\/20211210_Foto_Interview-768x651.png\"},{\"@type\":\"BreadcrumbList\",\"@id\":\"https:\\\/\\\/he-s.com\\\/interview-mit-rinaldo-heck-im-main-echo\\\/#breadcrumb\",\"itemListElement\":[{\"@type\":\"ListItem\",\"position\":1,\"name\":\"Startseite\",\"item\":\"https:\\\/\\\/he-s.com\\\/\"},{\"@type\":\"ListItem\",\"position\":2,\"name\":\"Interview mit Rinaldo Heck im Main-Echo\"}]},{\"@type\":\"WebSite\",\"@id\":\"https:\\\/\\\/he-s.com\\\/#website\",\"url\":\"https:\\\/\\\/he-s.com\\\/\",\"name\":\"HE-S - Digitalisierung aus einer Hand\",\"description\":\"Deine innovative Aufgabenorganisation\",\"publisher\":{\"@id\":\"https:\\\/\\\/he-s.com\\\/#organization\"},\"potentialAction\":[{\"@type\":\"SearchAction\",\"target\":{\"@type\":\"EntryPoint\",\"urlTemplate\":\"https:\\\/\\\/he-s.com\\\/?s={search_term_string}\"},\"query-input\":{\"@type\":\"PropertyValueSpecification\",\"valueRequired\":true,\"valueName\":\"search_term_string\"}}],\"inLanguage\":\"en-GB\"},{\"@type\":\"Organization\",\"@id\":\"https:\\\/\\\/he-s.com\\\/#organization\",\"name\":\"HE-S - Digitalisierung aus einer Hand\",\"url\":\"https:\\\/\\\/he-s.com\\\/\",\"logo\":{\"@type\":\"ImageObject\",\"inLanguage\":\"en-GB\",\"@id\":\"https:\\\/\\\/he-s.com\\\/#\\\/schema\\\/logo\\\/image\\\/\",\"url\":\"https:\\\/\\\/he-s.com\\\/wp-content\\\/uploads\\\/2022\\\/03\\\/cropped-20191019_Logo_Kreis_HE-S_cmyk_orange-removebg-preview-1.png\",\"contentUrl\":\"https:\\\/\\\/he-s.com\\\/wp-content\\\/uploads\\\/2022\\\/03\\\/cropped-20191019_Logo_Kreis_HE-S_cmyk_orange-removebg-preview-1.png\",\"width\":499,\"height\":500,\"caption\":\"HE-S - Digitalisierung aus einer Hand\"},\"image\":{\"@id\":\"https:\\\/\\\/he-s.com\\\/#\\\/schema\\\/logo\\\/image\\\/\"}}]}<\/script>\n<!-- \/ Yoast SEO plugin. -->","yoast_head_json":{"title":"Pressemitteilung Dezember 2021 - HE-S - Digitalisierung aus einer Hand","description":"Wir bedanken uns ganz herzlich bei Chefreporter Claus Morhart vom Main Echo, f\u00fcr die Pressemitteilung und authentische Interview mit uns.","robots":{"index":"index","follow":"follow","max-snippet":"max-snippet:-1","max-image-preview":"max-image-preview:large","max-video-preview":"max-video-preview:-1"},"canonical":"https:\/\/he-s.com\/en\/interview-mit-rinaldo-heck-im-main-echo\/","og_locale":"en_GB","og_type":"article","og_title":"Pressemitteilung Dezember 2021 - HE-S - Digitalisierung aus einer Hand","og_description":"Wir bedanken uns ganz herzlich bei Chefreporter Claus Morhart vom Main Echo, f\u00fcr die Pressemitteilung und authentische Interview mit uns.","og_url":"https:\/\/he-s.com\/en\/interview-mit-rinaldo-heck-im-main-echo\/","og_site_name":"HE-S - Digitalisierung aus einer Hand","article_modified_time":"2022-02-21T14:47:54+00:00","og_image":[{"url":"http:\/\/newworld.he-s.digital\/wp-content\/uploads\/2022\/01\/20211210_Foto_Interview-768x651.png","type":"","width":"","height":""}],"twitter_card":"summary_large_image","twitter_misc":{"Estimated reading time":"1 minute"},"schema":{"@context":"https:\/\/schema.org","@graph":[{"@type":"WebPage","@id":"https:\/\/he-s.com\/interview-mit-rinaldo-heck-im-main-echo\/","url":"https:\/\/he-s.com\/interview-mit-rinaldo-heck-im-main-echo\/","name":"Pressemitteilung Dezember 2021 - HE-S - Digitalisierung aus einer Hand","isPartOf":{"@id":"https:\/\/he-s.com\/#website"},"primaryImageOfPage":{"@id":"https:\/\/he-s.com\/interview-mit-rinaldo-heck-im-main-echo\/#primaryimage"},"image":{"@id":"https:\/\/he-s.com\/interview-mit-rinaldo-heck-im-main-echo\/#primaryimage"},"thumbnailUrl":"http:\/\/newworld.he-s.digital\/wp-content\/uploads\/2022\/01\/20211210_Foto_Interview-768x651.png","datePublished":"2022-01-26T12:28:31+00:00","dateModified":"2022-02-21T14:47:54+00:00","description":"Wir bedanken uns ganz herzlich bei Chefreporter Claus Morhart vom Main Echo, f\u00fcr die Pressemitteilung und authentische Interview mit uns.","breadcrumb":{"@id":"https:\/\/he-s.com\/interview-mit-rinaldo-heck-im-main-echo\/#breadcrumb"},"inLanguage":"en-GB","potentialAction":[{"@type":"ReadAction","target":["https:\/\/he-s.com\/interview-mit-rinaldo-heck-im-main-echo\/"]}]},{"@type":"ImageObject","inLanguage":"en-GB","@id":"https:\/\/he-s.com\/interview-mit-rinaldo-heck-im-main-echo\/#primaryimage","url":"http:\/\/newworld.he-s.digital\/wp-content\/uploads\/2022\/01\/20211210_Foto_Interview-768x651.png","contentUrl":"http:\/\/newworld.he-s.digital\/wp-content\/uploads\/2022\/01\/20211210_Foto_Interview-768x651.png"},{"@type":"BreadcrumbList","@id":"https:\/\/he-s.com\/interview-mit-rinaldo-heck-im-main-echo\/#breadcrumb","itemListElement":[{"@type":"ListItem","position":1,"name":"Startseite","item":"https:\/\/he-s.com\/"},{"@type":"ListItem","position":2,"name":"Interview mit Rinaldo Heck im Main-Echo"}]},{"@type":"WebSite","@id":"https:\/\/he-s.com\/#website","url":"https:\/\/he-s.com\/","name":"HE-S - Digitalisierung aus einer Hand","description":"Deine innovative Aufgabenorganisation","publisher":{"@id":"https:\/\/he-s.com\/#organization"},"potentialAction":[{"@type":"SearchAction","target":{"@type":"EntryPoint","urlTemplate":"https:\/\/he-s.com\/?s={search_term_string}"},"query-input":{"@type":"PropertyValueSpecification","valueRequired":true,"valueName":"search_term_string"}}],"inLanguage":"en-GB"},{"@type":"Organization","@id":"https:\/\/he-s.com\/#organization","name":"HE-S - Digitalisierung aus einer Hand","url":"https:\/\/he-s.com\/","logo":{"@type":"ImageObject","inLanguage":"en-GB","@id":"https:\/\/he-s.com\/#\/schema\/logo\/image\/","url":"https:\/\/he-s.com\/wp-content\/uploads\/2022\/03\/cropped-20191019_Logo_Kreis_HE-S_cmyk_orange-removebg-preview-1.png","contentUrl":"https:\/\/he-s.com\/wp-content\/uploads\/2022\/03\/cropped-20191019_Logo_Kreis_HE-S_cmyk_orange-removebg-preview-1.png","width":499,"height":500,"caption":"HE-S - Digitalisierung aus einer Hand"},"image":{"@id":"https:\/\/he-s.com\/#\/schema\/logo\/image\/"}}]}},"_links":{"self":[{"href":"https:\/\/he-s.com\/en\/wp-json\/wp\/v2\/pages\/3131","targetHints":{"allow":["GET"]}}],"collection":[{"href":"https:\/\/he-s.com\/en\/wp-json\/wp\/v2\/pages"}],"about":[{"href":"https:\/\/he-s.com\/en\/wp-json\/wp\/v2\/types\/page"}],"author":[{"embeddable":true,"href":"https:\/\/he-s.com\/en\/wp-json\/wp\/v2\/users\/1"}],"replies":[{"embeddable":true,"href":"https:\/\/he-s.com\/en\/wp-json\/wp\/v2\/comments?post=3131"}],"version-history":[{"count":20,"href":"https:\/\/he-s.com\/en\/wp-json\/wp\/v2\/pages\/3131\/revisions"}],"predecessor-version":[{"id":4252,"href":"https:\/\/he-s.com\/en\/wp-json\/wp\/v2\/pages\/3131\/revisions\/4252"}],"wp:attachment":[{"href":"https:\/\/he-s.com\/en\/wp-json\/wp\/v2\/media?parent=3131"}],"curies":[{"name":"wp","href":"https:\/\/api.w.org\/{rel}","templated":true}]}}