{"id":3223,"date":"2022-01-26T13:12:36","date_gmt":"2022-01-26T13:12:36","guid":{"rendered":"http:\/\/newworld.he-s.digital\/?page_id=3223"},"modified":"2022-02-23T09:37:49","modified_gmt":"2022-02-23T08:37:49","slug":"september-2020-he-s-heck-software-gmbh-wird-he-s-digital-management-gmbh","status":"publish","type":"page","link":"https:\/\/he-s.com\/en\/september-2020-he-s-heck-software-gmbh-wird-he-s-digital-management-gmbh\/","title":{"rendered":"September 2020 HE-S Heck Software GmbH wird HE-S Digital Management GmbH"},"content":{"rendered":"<div data-elementor-type=\"wp-page\" data-elementor-id=\"3223\" class=\"elementor elementor-3223\">\n\t\t\t\t\t\t<section class=\"elementor-section elementor-top-section elementor-element elementor-element-4fbc29e elementor-section-full_width elementor-section-height-min-height elementor-section-height-default elementor-section-items-middle\" data-id=\"4fbc29e\" data-element_type=\"section\" data-e-type=\"section\" data-settings=\"{&quot;background_background&quot;:&quot;classic&quot;}\">\n\t\t\t\t\t\t\t<div class=\"elementor-background-overlay\"><\/div>\n\t\t\t\t\t\t\t<div class=\"elementor-container elementor-column-gap-default\">\n\t\t\t\t\t<div class=\"elementor-column elementor-col-100 elementor-top-column elementor-element elementor-element-1071df7\" data-id=\"1071df7\" data-element_type=\"column\" data-e-type=\"column\">\n\t\t\t<div class=\"elementor-widget-wrap elementor-element-populated\">\n\t\t\t\t\t\t<div class=\"elementor-element elementor-element-05c6e17 elementor-widget elementor-widget-heading\" data-id=\"05c6e17\" data-element_type=\"widget\" data-e-type=\"widget\" data-widget_type=\"heading.default\">\n\t\t\t\t<div class=\"elementor-widget-container\">\n\t\t\t\t\t<h2 class=\"elementor-heading-title elementor-size-default\">26. September 2020<\/h2>\t\t\t\t<\/div>\n\t\t\t\t<\/div>\n\t\t\t\t\t<\/div>\n\t\t<\/div>\n\t\t\t\t\t<\/div>\n\t\t<\/section>\n\t\t\t\t<section class=\"elementor-section elementor-top-section elementor-element elementor-element-d559a60 elementor-section-boxed elementor-section-height-default elementor-section-height-default\" data-id=\"d559a60\" data-element_type=\"section\" data-e-type=\"section\">\n\t\t\t\t\t\t<div class=\"elementor-container elementor-column-gap-default\">\n\t\t\t\t\t<div class=\"elementor-column elementor-col-100 elementor-top-column elementor-element elementor-element-6b84813\" data-id=\"6b84813\" data-element_type=\"column\" data-e-type=\"column\">\n\t\t\t<div class=\"elementor-widget-wrap elementor-element-populated\">\n\t\t\t\t\t\t<div class=\"elementor-element elementor-element-88502f4 elementor-widget elementor-widget-spacer\" data-id=\"88502f4\" data-element_type=\"widget\" data-e-type=\"widget\" data-widget_type=\"spacer.default\">\n\t\t\t\t<div class=\"elementor-widget-container\">\n\t\t\t\t\t\t\t<div class=\"elementor-spacer\">\n\t\t\t<div class=\"elementor-spacer-inner\"><\/div>\n\t\t<\/div>\n\t\t\t\t\t\t<\/div>\n\t\t\t\t<\/div>\n\t\t\t\t<div class=\"elementor-element elementor-element-16a8c271 elementor-widget elementor-widget-heading\" data-id=\"16a8c271\" data-element_type=\"widget\" data-e-type=\"widget\" data-widget_type=\"heading.default\">\n\t\t\t\t<div class=\"elementor-widget-container\">\n\t\t\t\t\t<h1 class=\"elementor-heading-title elementor-size-default\"> HE-S HECK SOFTWARE BECOMES HE-S DIGITAL MANAGEMENT GMBH<\/h1>\t\t\t\t<\/div>\n\t\t\t\t<\/div>\n\t\t\t\t\t<\/div>\n\t\t<\/div>\n\t\t\t\t\t<\/div>\n\t\t<\/section>\n\t\t\t\t<section class=\"elementor-section elementor-top-section elementor-element elementor-element-7cf11189 elementor-section-height-min-height elementor-section-full_width elementor-section-items-stretch elementor-reverse-mobile elementor-section-height-default\" data-id=\"7cf11189\" data-element_type=\"section\" data-e-type=\"section\" data-settings=\"{&quot;background_background&quot;:&quot;video&quot;,&quot;background_video_link&quot;:&quot;https:\\\/\\\/www.youtube.com\\\/watch?v=pWZ0TkNsC-Y&quot;,&quot;background_video_start&quot;:15}\">\n\t\t\t\t\t\t\t\t<div class=\"elementor-background-video-container elementor-hidden-mobile\">\n\t\t\t\t\t\t\t\t\t\t\t\t\t<div class=\"elementor-background-video-embed\" role=\"presentation\"><\/div>\n\t\t\t\t\t\t\t\t\t\t\t\t<\/div>\n\t\t\t\t\t\t\t\t\t<div class=\"elementor-background-overlay\"><\/div>\n\t\t\t\t\t\t\t<div class=\"elementor-container elementor-column-gap-no\">\n\t\t\t\t\t<div class=\"elementor-column elementor-col-50 elementor-top-column elementor-element elementor-element-769a2373\" data-id=\"769a2373\" data-element_type=\"column\" data-e-type=\"column\" data-settings=\"{&quot;background_background&quot;:&quot;classic&quot;}\">\n\t\t\t<div class=\"elementor-widget-wrap elementor-element-populated\">\n\t\t\t\t\t\t<section class=\"elementor-section elementor-inner-section elementor-element elementor-element-29835722 elementor-section-boxed elementor-section-height-default elementor-section-height-default\" data-id=\"29835722\" data-element_type=\"section\" data-e-type=\"section\">\n\t\t\t\t\t\t<div class=\"elementor-container elementor-column-gap-default\">\n\t\t\t\t\t<div class=\"elementor-column elementor-col-100 elementor-inner-column elementor-element elementor-element-652ea18e\" data-id=\"652ea18e\" data-element_type=\"column\" data-e-type=\"column\">\n\t\t\t<div class=\"elementor-widget-wrap elementor-element-populated\">\n\t\t\t\t\t\t<div class=\"elementor-element elementor-element-7f278cbe elementor-widget elementor-widget-spacer\" data-id=\"7f278cbe\" data-element_type=\"widget\" data-e-type=\"widget\" data-widget_type=\"spacer.default\">\n\t\t\t\t<div class=\"elementor-widget-container\">\n\t\t\t\t\t\t\t<div class=\"elementor-spacer\">\n\t\t\t<div class=\"elementor-spacer-inner\"><\/div>\n\t\t<\/div>\n\t\t\t\t\t\t<\/div>\n\t\t\t\t<\/div>\n\t\t\t\t<div class=\"elementor-element elementor-element-4146df91 elementor-widget elementor-widget-heading\" data-id=\"4146df91\" data-element_type=\"widget\" data-e-type=\"widget\" data-widget_type=\"heading.default\">\n\t\t\t\t<div class=\"elementor-widget-container\">\n\t\t\t\t\t<h2 class=\"elementor-heading-title elementor-size-default\">HE-S HECK SOFTWARE GMBH BECOMES HE-S DIGITAL MANAGEMENT GMBH...<\/h2>\t\t\t\t<\/div>\n\t\t\t\t<\/div>\n\t\t\t\t<div class=\"elementor-element elementor-element-7ce73c88 elementor-widget elementor-widget-spacer\" data-id=\"7ce73c88\" data-element_type=\"widget\" data-e-type=\"widget\" data-widget_type=\"spacer.default\">\n\t\t\t\t<div class=\"elementor-widget-container\">\n\t\t\t\t\t\t\t<div class=\"elementor-spacer\">\n\t\t\t<div class=\"elementor-spacer-inner\"><\/div>\n\t\t<\/div>\n\t\t\t\t\t\t<\/div>\n\t\t\t\t<\/div>\n\t\t\t\t<div class=\"elementor-element elementor-element-3f67b327 elementor-widget elementor-widget-text-editor\" data-id=\"3f67b327\" data-element_type=\"widget\" data-e-type=\"widget\" data-widget_type=\"text-editor.default\">\n\t\t\t\t<div class=\"elementor-widget-container\">\n\t\t\t\t\t\t\t\t\t<p>HE-S Heck Software GmbH becomes HE-S Digital Managment GmbH. This means that the name and the company object will be adapted to the current portfolio.<\/p><p>\"We want to be able to serve our customers completely. The lives of our customers have become even more complicated due to Covid-19 and its effects. That's why, on the other hand, we make it easier for our customers to cope with events of this kind. We now have a single point of contact for all issues, from hardware and software (including individual software development) to the very important support of end users.\u00a0<strong>\"Simple digitisation from a single source\"<\/strong>is how Rinaldo Heck (managing partner) describes the change. At the same time, the most favourable relocation in the history of HE-S could take place. Due to the delivery from 2 streets (Oberafferbacher Stra\u00dfe and Marienstra\u00dfe), there was always confusion. Now the address has been changed (without moving) to Marienstra\u00dfe 7, making it much easier to find HE-S.<a href=\"https:\/\/he-s.com\/en\/digital-arbeiten.html\/\">\u00a0DigitalArbeiten.HE-S.com.<\/a>\u00a0There and on social media, a lot of new things will be presented in the next few weeks. Be curious.<\/p>\t\t\t\t\t\t\t\t<\/div>\n\t\t\t\t<\/div>\n\t\t\t\t\t<\/div>\n\t\t<\/div>\n\t\t\t\t\t<\/div>\n\t\t<\/section>\n\t\t\t\t\t<\/div>\n\t\t<\/div>\n\t\t\t\t<div class=\"elementor-column elementor-col-50 elementor-top-column elementor-element elementor-element-3b3b68d9\" data-id=\"3b3b68d9\" data-element_type=\"column\" data-e-type=\"column\" data-settings=\"{&quot;background_background&quot;:&quot;classic&quot;}\">\n\t\t\t<div class=\"elementor-widget-wrap elementor-element-populated\">\n\t\t\t\t\t<div class=\"elementor-background-overlay\"><\/div>\n\t\t\t\t\t\t<div class=\"elementor-element elementor-element-4639a7eb elementor-widget elementor-widget-image\" data-id=\"4639a7eb\" data-element_type=\"widget\" data-e-type=\"widget\" data-widget_type=\"image.default\">\n\t\t\t\t<div class=\"elementor-widget-container\">\n\t\t\t\t\t\t\t\t\t\t\t\t\t\t\t<img fetchpriority=\"high\" decoding=\"async\" width=\"768\" height=\"431\" src=\"https:\/\/he-s.com\/wp-content\/uploads\/2022\/01\/20200831_Software_wird_Digital_Management_GmbH-768x431.png\" class=\"attachment-medium_large size-medium_large wp-image-3014\" alt=\"Firmennamens\u00e4nderung von HE-S Heck Software GmbH zu HE-S Digital Management GmbH\" srcset=\"https:\/\/he-s.com\/wp-content\/uploads\/2022\/01\/20200831_Software_wird_Digital_Management_GmbH-768x431.png 768w, https:\/\/he-s.com\/wp-content\/uploads\/2022\/01\/20200831_Software_wird_Digital_Management_GmbH-300x168.png 300w, https:\/\/he-s.com\/wp-content\/uploads\/2022\/01\/20200831_Software_wird_Digital_Management_GmbH-1024x575.png 1024w, https:\/\/he-s.com\/wp-content\/uploads\/2022\/01\/20200831_Software_wird_Digital_Management_GmbH-1536x862.png 1536w, https:\/\/he-s.com\/wp-content\/uploads\/2022\/01\/20200831_Software_wird_Digital_Management_GmbH.png 1910w\" sizes=\"(max-width: 768px) 100vw, 768px\" \/>\t\t\t\t\t\t\t\t\t\t\t\t\t\t\t<\/div>\n\t\t\t\t<\/div>\n\t\t\t\t\t<\/div>\n\t\t<\/div>\n\t\t\t\t\t<\/div>\n\t\t<\/section>\n\t\t\t\t<\/div>","protected":false},"excerpt":{"rendered":"<p>26. September 2020 HE-S Heck Software GmbH wird HE-S Digital Management GmbH HE-S Heck Software GmbH wird zu HE-S Digital Management GmbH&#8230; HE-S Heck Software GmbH wird zu HE-S Digital Managment GmbH. Damit wird der Name und der Unternehmensgegenstand dem aktuellen Portfolio angepasst. &#8222;Wir m\u00f6chten unsere Kunden*innen vollst\u00e4ndig bedienen k\u00f6nnen. Das Leben unserer Kunden*innen ist [&hellip;]<\/p>\n","protected":false},"author":1,"featured_media":0,"parent":0,"menu_order":0,"comment_status":"closed","ping_status":"closed","template":"","meta":{"ocean_post_layout":"full-screen","ocean_both_sidebars_style":"","ocean_both_sidebars_content_width":0,"ocean_both_sidebars_sidebars_width":0,"ocean_sidebar":"0","ocean_second_sidebar":"0","ocean_disable_margins":"enable","ocean_add_body_class":"","ocean_shortcode_before_top_bar":"","ocean_shortcode_after_top_bar":"","ocean_shortcode_before_header":"","ocean_shortcode_after_header":"","ocean_has_shortcode":"","ocean_shortcode_after_title":"","ocean_shortcode_before_footer_widgets":"","ocean_shortcode_after_footer_widgets":"","ocean_shortcode_before_footer_bottom":"","ocean_shortcode_after_footer_bottom":"","ocean_display_top_bar":"default","ocean_display_header":"default","ocean_header_style":"","ocean_center_header_left_menu":"0","ocean_custom_header_template":"0","ocean_custom_logo":0,"ocean_custom_retina_logo":0,"ocean_custom_logo_max_width":0,"ocean_custom_logo_tablet_max_width":0,"ocean_custom_logo_mobile_max_width":0,"ocean_custom_logo_max_height":0,"ocean_custom_logo_tablet_max_height":0,"ocean_custom_logo_mobile_max_height":0,"ocean_header_custom_menu":"4","ocean_menu_typo_font_family":"0","ocean_menu_typo_font_subset":"","ocean_menu_typo_font_size":0,"ocean_menu_typo_font_size_tablet":0,"ocean_menu_typo_font_size_mobile":0,"ocean_menu_typo_font_size_unit":"px","ocean_menu_typo_font_weight":"","ocean_menu_typo_font_weight_tablet":"","ocean_menu_typo_font_weight_mobile":"","ocean_menu_typo_transform":"","ocean_menu_typo_transform_tablet":"","ocean_menu_typo_transform_mobile":"","ocean_menu_typo_line_height":0,"ocean_menu_typo_line_height_tablet":0,"ocean_menu_typo_line_height_mobile":0,"ocean_menu_typo_line_height_unit":"","ocean_menu_typo_spacing":0,"ocean_menu_typo_spacing_tablet":0,"ocean_menu_typo_spacing_mobile":0,"ocean_menu_typo_spacing_unit":"","ocean_menu_link_color":"","ocean_menu_link_color_hover":"","ocean_menu_link_color_active":"","ocean_menu_link_background":"","ocean_menu_link_hover_background":"","ocean_menu_link_active_background":"","ocean_menu_social_links_bg":"","ocean_menu_social_hover_links_bg":"","ocean_menu_social_links_color":"","ocean_menu_social_hover_links_color":"","ocean_disable_title":"on","ocean_disable_heading":"default","ocean_post_title":"","ocean_post_subheading":"","ocean_post_title_style":"","ocean_post_title_background_color":"","ocean_post_title_background":0,"ocean_post_title_bg_image_position":"","ocean_post_title_bg_image_attachment":"","ocean_post_title_bg_image_repeat":"","ocean_post_title_bg_image_size":"","ocean_post_title_height":0,"ocean_post_title_bg_overlay":0.5,"ocean_post_title_bg_overlay_color":"","ocean_disable_breadcrumbs":"off","ocean_breadcrumbs_color":"","ocean_breadcrumbs_separator_color":"","ocean_breadcrumbs_links_color":"","ocean_breadcrumbs_links_hover_color":"","ocean_display_footer_widgets":"default","ocean_display_footer_bottom":"default","ocean_custom_footer_template":"0","footnotes":""},"class_list":["post-3223","page","type-page","status-publish","hentry","entry"],"yoast_head":"<!-- This site is optimized with the Yoast SEO plugin v27.3 - https:\/\/yoast.com\/product\/yoast-seo-wordpress\/ -->\n<title>Ver\u00f6ffentlichung September 2020 - HE-S - Digitalisierung aus einer Hand<\/title>\n<meta name=\"description\" content=\"HE-S Heck Software GmbH wird zu HE-S Digital Managment GmbH. &quot;Wir m\u00f6chten unsere Kunden*innen vollst\u00e4ndig bedienen k\u00f6nnen.\" \/>\n<meta name=\"robots\" content=\"index, follow, max-snippet:-1, max-image-preview:large, max-video-preview:-1\" \/>\n<link rel=\"canonical\" href=\"https:\/\/he-s.com\/en\/september-2020-he-s-heck-software-gmbh-wird-he-s-digital-management-gmbh\/\" \/>\n<meta property=\"og:locale\" content=\"en_GB\" \/>\n<meta property=\"og:type\" content=\"article\" \/>\n<meta property=\"og:title\" content=\"Ver\u00f6ffentlichung September 2020 - HE-S - Digitalisierung aus einer Hand\" \/>\n<meta property=\"og:description\" content=\"HE-S Heck Software GmbH wird zu HE-S Digital Managment GmbH. &quot;Wir m\u00f6chten unsere Kunden*innen vollst\u00e4ndig bedienen k\u00f6nnen.\" \/>\n<meta property=\"og:url\" content=\"https:\/\/he-s.com\/en\/september-2020-he-s-heck-software-gmbh-wird-he-s-digital-management-gmbh\/\" \/>\n<meta property=\"og:site_name\" content=\"HE-S - Digitalisierung aus einer Hand\" \/>\n<meta property=\"article:modified_time\" content=\"2022-02-23T08:37:49+00:00\" \/>\n<meta property=\"og:image\" content=\"http:\/\/newworld.he-s.digital\/wp-content\/uploads\/2022\/01\/20200831_Software_wird_Digital_Management_GmbH-768x431.png\" \/>\n<meta name=\"twitter:card\" content=\"summary_large_image\" \/>\n<meta name=\"twitter:label1\" content=\"Estimated reading time\" \/>\n\t<meta name=\"twitter:data1\" content=\"2 minutes\" \/>\n<script type=\"application\/ld+json\" class=\"yoast-schema-graph\">{\"@context\":\"https:\\\/\\\/schema.org\",\"@graph\":[{\"@type\":\"WebPage\",\"@id\":\"https:\\\/\\\/he-s.com\\\/september-2020-he-s-heck-software-gmbh-wird-he-s-digital-management-gmbh\\\/\",\"url\":\"https:\\\/\\\/he-s.com\\\/september-2020-he-s-heck-software-gmbh-wird-he-s-digital-management-gmbh\\\/\",\"name\":\"Ver\u00f6ffentlichung September 2020 - HE-S - Digitalisierung aus einer Hand\",\"isPartOf\":{\"@id\":\"https:\\\/\\\/he-s.com\\\/#website\"},\"primaryImageOfPage\":{\"@id\":\"https:\\\/\\\/he-s.com\\\/september-2020-he-s-heck-software-gmbh-wird-he-s-digital-management-gmbh\\\/#primaryimage\"},\"image\":{\"@id\":\"https:\\\/\\\/he-s.com\\\/september-2020-he-s-heck-software-gmbh-wird-he-s-digital-management-gmbh\\\/#primaryimage\"},\"thumbnailUrl\":\"http:\\\/\\\/newworld.he-s.digital\\\/wp-content\\\/uploads\\\/2022\\\/01\\\/20200831_Software_wird_Digital_Management_GmbH-768x431.png\",\"datePublished\":\"2022-01-26T13:12:36+00:00\",\"dateModified\":\"2022-02-23T08:37:49+00:00\",\"description\":\"HE-S Heck Software GmbH wird zu HE-S Digital Managment GmbH. \\\"Wir m\u00f6chten unsere Kunden*innen vollst\u00e4ndig bedienen k\u00f6nnen.\",\"breadcrumb\":{\"@id\":\"https:\\\/\\\/he-s.com\\\/september-2020-he-s-heck-software-gmbh-wird-he-s-digital-management-gmbh\\\/#breadcrumb\"},\"inLanguage\":\"en-GB\",\"potentialAction\":[{\"@type\":\"ReadAction\",\"target\":[\"https:\\\/\\\/he-s.com\\\/september-2020-he-s-heck-software-gmbh-wird-he-s-digital-management-gmbh\\\/\"]}]},{\"@type\":\"ImageObject\",\"inLanguage\":\"en-GB\",\"@id\":\"https:\\\/\\\/he-s.com\\\/september-2020-he-s-heck-software-gmbh-wird-he-s-digital-management-gmbh\\\/#primaryimage\",\"url\":\"http:\\\/\\\/newworld.he-s.digital\\\/wp-content\\\/uploads\\\/2022\\\/01\\\/20200831_Software_wird_Digital_Management_GmbH-768x431.png\",\"contentUrl\":\"http:\\\/\\\/newworld.he-s.digital\\\/wp-content\\\/uploads\\\/2022\\\/01\\\/20200831_Software_wird_Digital_Management_GmbH-768x431.png\"},{\"@type\":\"BreadcrumbList\",\"@id\":\"https:\\\/\\\/he-s.com\\\/september-2020-he-s-heck-software-gmbh-wird-he-s-digital-management-gmbh\\\/#breadcrumb\",\"itemListElement\":[{\"@type\":\"ListItem\",\"position\":1,\"name\":\"Startseite\",\"item\":\"https:\\\/\\\/he-s.com\\\/\"},{\"@type\":\"ListItem\",\"position\":2,\"name\":\"September 2020 HE-S Heck Software GmbH wird HE-S Digital Management GmbH\"}]},{\"@type\":\"WebSite\",\"@id\":\"https:\\\/\\\/he-s.com\\\/#website\",\"url\":\"https:\\\/\\\/he-s.com\\\/\",\"name\":\"HE-S - Digitalisierung aus einer Hand\",\"description\":\"Deine innovative Aufgabenorganisation\",\"publisher\":{\"@id\":\"https:\\\/\\\/he-s.com\\\/#organization\"},\"potentialAction\":[{\"@type\":\"SearchAction\",\"target\":{\"@type\":\"EntryPoint\",\"urlTemplate\":\"https:\\\/\\\/he-s.com\\\/?s={search_term_string}\"},\"query-input\":{\"@type\":\"PropertyValueSpecification\",\"valueRequired\":true,\"valueName\":\"search_term_string\"}}],\"inLanguage\":\"en-GB\"},{\"@type\":\"Organization\",\"@id\":\"https:\\\/\\\/he-s.com\\\/#organization\",\"name\":\"HE-S - Digitalisierung aus einer Hand\",\"url\":\"https:\\\/\\\/he-s.com\\\/\",\"logo\":{\"@type\":\"ImageObject\",\"inLanguage\":\"en-GB\",\"@id\":\"https:\\\/\\\/he-s.com\\\/#\\\/schema\\\/logo\\\/image\\\/\",\"url\":\"https:\\\/\\\/he-s.com\\\/wp-content\\\/uploads\\\/2022\\\/03\\\/cropped-20191019_Logo_Kreis_HE-S_cmyk_orange-removebg-preview-1.png\",\"contentUrl\":\"https:\\\/\\\/he-s.com\\\/wp-content\\\/uploads\\\/2022\\\/03\\\/cropped-20191019_Logo_Kreis_HE-S_cmyk_orange-removebg-preview-1.png\",\"width\":499,\"height\":500,\"caption\":\"HE-S - Digitalisierung aus einer Hand\"},\"image\":{\"@id\":\"https:\\\/\\\/he-s.com\\\/#\\\/schema\\\/logo\\\/image\\\/\"}}]}<\/script>\n<!-- \/ Yoast SEO plugin. -->","yoast_head_json":{"title":"Ver\u00f6ffentlichung September 2020 - HE-S - Digitalisierung aus einer Hand","description":"HE-S Heck Software GmbH wird zu HE-S Digital Managment GmbH. \"Wir m\u00f6chten unsere Kunden*innen vollst\u00e4ndig bedienen k\u00f6nnen.","robots":{"index":"index","follow":"follow","max-snippet":"max-snippet:-1","max-image-preview":"max-image-preview:large","max-video-preview":"max-video-preview:-1"},"canonical":"https:\/\/he-s.com\/en\/september-2020-he-s-heck-software-gmbh-wird-he-s-digital-management-gmbh\/","og_locale":"en_GB","og_type":"article","og_title":"Ver\u00f6ffentlichung September 2020 - HE-S - Digitalisierung aus einer Hand","og_description":"HE-S Heck Software GmbH wird zu HE-S Digital Managment GmbH. \"Wir m\u00f6chten unsere Kunden*innen vollst\u00e4ndig bedienen k\u00f6nnen.","og_url":"https:\/\/he-s.com\/en\/september-2020-he-s-heck-software-gmbh-wird-he-s-digital-management-gmbh\/","og_site_name":"HE-S - Digitalisierung aus einer Hand","article_modified_time":"2022-02-23T08:37:49+00:00","og_image":[{"url":"http:\/\/newworld.he-s.digital\/wp-content\/uploads\/2022\/01\/20200831_Software_wird_Digital_Management_GmbH-768x431.png","type":"","width":"","height":""}],"twitter_card":"summary_large_image","twitter_misc":{"Estimated reading time":"2 minutes"},"schema":{"@context":"https:\/\/schema.org","@graph":[{"@type":"WebPage","@id":"https:\/\/he-s.com\/september-2020-he-s-heck-software-gmbh-wird-he-s-digital-management-gmbh\/","url":"https:\/\/he-s.com\/september-2020-he-s-heck-software-gmbh-wird-he-s-digital-management-gmbh\/","name":"Ver\u00f6ffentlichung September 2020 - HE-S - Digitalisierung aus einer Hand","isPartOf":{"@id":"https:\/\/he-s.com\/#website"},"primaryImageOfPage":{"@id":"https:\/\/he-s.com\/september-2020-he-s-heck-software-gmbh-wird-he-s-digital-management-gmbh\/#primaryimage"},"image":{"@id":"https:\/\/he-s.com\/september-2020-he-s-heck-software-gmbh-wird-he-s-digital-management-gmbh\/#primaryimage"},"thumbnailUrl":"http:\/\/newworld.he-s.digital\/wp-content\/uploads\/2022\/01\/20200831_Software_wird_Digital_Management_GmbH-768x431.png","datePublished":"2022-01-26T13:12:36+00:00","dateModified":"2022-02-23T08:37:49+00:00","description":"HE-S Heck Software GmbH wird zu HE-S Digital Managment GmbH. \"Wir m\u00f6chten unsere Kunden*innen vollst\u00e4ndig bedienen k\u00f6nnen.","breadcrumb":{"@id":"https:\/\/he-s.com\/september-2020-he-s-heck-software-gmbh-wird-he-s-digital-management-gmbh\/#breadcrumb"},"inLanguage":"en-GB","potentialAction":[{"@type":"ReadAction","target":["https:\/\/he-s.com\/september-2020-he-s-heck-software-gmbh-wird-he-s-digital-management-gmbh\/"]}]},{"@type":"ImageObject","inLanguage":"en-GB","@id":"https:\/\/he-s.com\/september-2020-he-s-heck-software-gmbh-wird-he-s-digital-management-gmbh\/#primaryimage","url":"http:\/\/newworld.he-s.digital\/wp-content\/uploads\/2022\/01\/20200831_Software_wird_Digital_Management_GmbH-768x431.png","contentUrl":"http:\/\/newworld.he-s.digital\/wp-content\/uploads\/2022\/01\/20200831_Software_wird_Digital_Management_GmbH-768x431.png"},{"@type":"BreadcrumbList","@id":"https:\/\/he-s.com\/september-2020-he-s-heck-software-gmbh-wird-he-s-digital-management-gmbh\/#breadcrumb","itemListElement":[{"@type":"ListItem","position":1,"name":"Startseite","item":"https:\/\/he-s.com\/"},{"@type":"ListItem","position":2,"name":"September 2020 HE-S Heck Software GmbH wird HE-S Digital Management GmbH"}]},{"@type":"WebSite","@id":"https:\/\/he-s.com\/#website","url":"https:\/\/he-s.com\/","name":"HE-S - Digitalisierung aus einer Hand","description":"Deine innovative Aufgabenorganisation","publisher":{"@id":"https:\/\/he-s.com\/#organization"},"potentialAction":[{"@type":"SearchAction","target":{"@type":"EntryPoint","urlTemplate":"https:\/\/he-s.com\/?s={search_term_string}"},"query-input":{"@type":"PropertyValueSpecification","valueRequired":true,"valueName":"search_term_string"}}],"inLanguage":"en-GB"},{"@type":"Organization","@id":"https:\/\/he-s.com\/#organization","name":"HE-S - Digitalisierung aus einer Hand","url":"https:\/\/he-s.com\/","logo":{"@type":"ImageObject","inLanguage":"en-GB","@id":"https:\/\/he-s.com\/#\/schema\/logo\/image\/","url":"https:\/\/he-s.com\/wp-content\/uploads\/2022\/03\/cropped-20191019_Logo_Kreis_HE-S_cmyk_orange-removebg-preview-1.png","contentUrl":"https:\/\/he-s.com\/wp-content\/uploads\/2022\/03\/cropped-20191019_Logo_Kreis_HE-S_cmyk_orange-removebg-preview-1.png","width":499,"height":500,"caption":"HE-S - Digitalisierung aus einer Hand"},"image":{"@id":"https:\/\/he-s.com\/#\/schema\/logo\/image\/"}}]}},"_links":{"self":[{"href":"https:\/\/he-s.com\/en\/wp-json\/wp\/v2\/pages\/3223","targetHints":{"allow":["GET"]}}],"collection":[{"href":"https:\/\/he-s.com\/en\/wp-json\/wp\/v2\/pages"}],"about":[{"href":"https:\/\/he-s.com\/en\/wp-json\/wp\/v2\/types\/page"}],"author":[{"embeddable":true,"href":"https:\/\/he-s.com\/en\/wp-json\/wp\/v2\/users\/1"}],"replies":[{"embeddable":true,"href":"https:\/\/he-s.com\/en\/wp-json\/wp\/v2\/comments?post=3223"}],"version-history":[{"count":17,"href":"https:\/\/he-s.com\/en\/wp-json\/wp\/v2\/pages\/3223\/revisions"}],"predecessor-version":[{"id":4280,"href":"https:\/\/he-s.com\/en\/wp-json\/wp\/v2\/pages\/3223\/revisions\/4280"}],"wp:attachment":[{"href":"https:\/\/he-s.com\/en\/wp-json\/wp\/v2\/media?parent=3223"}],"curies":[{"name":"wp","href":"https:\/\/api.w.org\/{rel}","templated":true}]}}