{"id":3238,"date":"2022-01-26T13:18:17","date_gmt":"2022-01-26T13:18:17","guid":{"rendered":"http:\/\/newworld.he-s.digital\/?page_id=3238"},"modified":"2022-02-23T09:02:15","modified_gmt":"2022-02-23T08:02:15","slug":"ries-exkursion-des-friedrich-dessauer-gymnasiums-he-s-unterstuetzt-grosszuegig","status":"publish","type":"page","link":"https:\/\/he-s.com\/en\/ries-exkursion-des-friedrich-dessauer-gymnasiums-he-s-unterstuetzt-grosszuegig\/","title":{"rendered":"Ries-Exkursion des Friedrich Dessauer Gymnasiums &#8211; HE-S unterst\u00fctzt gro\u00dfz\u00fcgig"},"content":{"rendered":"<div data-elementor-type=\"wp-page\" data-elementor-id=\"3238\" class=\"elementor elementor-3238\">\n\t\t\t\t\t\t<section class=\"elementor-section elementor-top-section elementor-element elementor-element-4fbc29e elementor-section-full_width elementor-section-height-min-height elementor-section-height-default elementor-section-items-middle\" data-id=\"4fbc29e\" data-element_type=\"section\" data-e-type=\"section\" data-settings=\"{&quot;background_background&quot;:&quot;classic&quot;}\">\n\t\t\t\t\t\t\t<div class=\"elementor-background-overlay\"><\/div>\n\t\t\t\t\t\t\t<div class=\"elementor-container elementor-column-gap-default\">\n\t\t\t\t\t<div class=\"elementor-column elementor-col-100 elementor-top-column elementor-element elementor-element-1071df7\" data-id=\"1071df7\" data-element_type=\"column\" data-e-type=\"column\">\n\t\t\t<div class=\"elementor-widget-wrap elementor-element-populated\">\n\t\t\t\t\t\t<div class=\"elementor-element elementor-element-05c6e17 elementor-widget elementor-widget-heading\" data-id=\"05c6e17\" data-element_type=\"widget\" data-e-type=\"widget\" data-widget_type=\"heading.default\">\n\t\t\t\t<div class=\"elementor-widget-container\">\n\t\t\t\t\t<h2 class=\"elementor-heading-title elementor-size-default\">09. September 2020<\/h2>\t\t\t\t<\/div>\n\t\t\t\t<\/div>\n\t\t\t\t\t<\/div>\n\t\t<\/div>\n\t\t\t\t\t<\/div>\n\t\t<\/section>\n\t\t\t\t<section class=\"elementor-section elementor-top-section elementor-element elementor-element-d559a60 elementor-section-boxed elementor-section-height-default elementor-section-height-default\" data-id=\"d559a60\" data-element_type=\"section\" data-e-type=\"section\">\n\t\t\t\t\t\t<div class=\"elementor-container elementor-column-gap-default\">\n\t\t\t\t\t<div class=\"elementor-column elementor-col-100 elementor-top-column elementor-element elementor-element-6b84813\" data-id=\"6b84813\" data-element_type=\"column\" data-e-type=\"column\">\n\t\t\t<div class=\"elementor-widget-wrap elementor-element-populated\">\n\t\t\t\t\t\t<div class=\"elementor-element elementor-element-88502f4 elementor-widget elementor-widget-spacer\" data-id=\"88502f4\" data-element_type=\"widget\" data-e-type=\"widget\" data-widget_type=\"spacer.default\">\n\t\t\t\t<div class=\"elementor-widget-container\">\n\t\t\t\t\t\t\t<div class=\"elementor-spacer\">\n\t\t\t<div class=\"elementor-spacer-inner\"><\/div>\n\t\t<\/div>\n\t\t\t\t\t\t<\/div>\n\t\t\t\t<\/div>\n\t\t\t\t<div class=\"elementor-element elementor-element-16a8c271 elementor-widget elementor-widget-heading\" data-id=\"16a8c271\" data-element_type=\"widget\" data-e-type=\"widget\" data-widget_type=\"heading.default\">\n\t\t\t\t<div class=\"elementor-widget-container\">\n\t\t\t\t\t<h1 class=\"elementor-heading-title elementor-size-default\">RIES EXCURSION OF FRIEDRICH DESSAUER GYMNASIUM \u2013 HE-S PROVIDES GENEROUS SUPPORT<\/h1>\t\t\t\t<\/div>\n\t\t\t\t<\/div>\n\t\t\t\t\t<\/div>\n\t\t<\/div>\n\t\t\t\t\t<\/div>\n\t\t<\/section>\n\t\t\t\t<section class=\"elementor-section elementor-top-section elementor-element elementor-element-7cf11189 elementor-section-height-min-height elementor-section-full_width elementor-section-items-stretch elementor-reverse-mobile elementor-section-height-default\" data-id=\"7cf11189\" data-element_type=\"section\" data-e-type=\"section\" data-settings=\"{&quot;background_background&quot;:&quot;video&quot;,&quot;background_video_link&quot;:&quot;https:\\\/\\\/www.youtube.com\\\/watch?v=pWZ0TkNsC-Y&quot;,&quot;background_video_start&quot;:15}\">\n\t\t\t\t\t\t\t\t<div class=\"elementor-background-video-container elementor-hidden-mobile\">\n\t\t\t\t\t\t\t\t\t\t\t\t\t<div class=\"elementor-background-video-embed\" role=\"presentation\"><\/div>\n\t\t\t\t\t\t\t\t\t\t\t\t<\/div>\n\t\t\t\t\t\t\t\t\t<div class=\"elementor-background-overlay\"><\/div>\n\t\t\t\t\t\t\t<div class=\"elementor-container elementor-column-gap-no\">\n\t\t\t\t\t<div class=\"elementor-column elementor-col-50 elementor-top-column elementor-element elementor-element-769a2373\" data-id=\"769a2373\" data-element_type=\"column\" data-e-type=\"column\" data-settings=\"{&quot;background_background&quot;:&quot;classic&quot;}\">\n\t\t\t<div class=\"elementor-widget-wrap elementor-element-populated\">\n\t\t\t\t\t\t<section class=\"elementor-section elementor-inner-section elementor-element elementor-element-29835722 elementor-section-boxed elementor-section-height-default elementor-section-height-default\" data-id=\"29835722\" data-element_type=\"section\" data-e-type=\"section\">\n\t\t\t\t\t\t<div class=\"elementor-container elementor-column-gap-default\">\n\t\t\t\t\t<div class=\"elementor-column elementor-col-100 elementor-inner-column elementor-element elementor-element-652ea18e\" data-id=\"652ea18e\" data-element_type=\"column\" data-e-type=\"column\">\n\t\t\t<div class=\"elementor-widget-wrap elementor-element-populated\">\n\t\t\t\t\t\t<div class=\"elementor-element elementor-element-7f278cbe elementor-widget elementor-widget-spacer\" data-id=\"7f278cbe\" data-element_type=\"widget\" data-e-type=\"widget\" data-widget_type=\"spacer.default\">\n\t\t\t\t<div class=\"elementor-widget-container\">\n\t\t\t\t\t\t\t<div class=\"elementor-spacer\">\n\t\t\t<div class=\"elementor-spacer-inner\"><\/div>\n\t\t<\/div>\n\t\t\t\t\t\t<\/div>\n\t\t\t\t<\/div>\n\t\t\t\t<div class=\"elementor-element elementor-element-4146df91 elementor-widget elementor-widget-heading\" data-id=\"4146df91\" data-element_type=\"widget\" data-e-type=\"widget\" data-widget_type=\"heading.default\">\n\t\t\t\t<div class=\"elementor-widget-container\">\n\t\t\t\t\t<h2 class=\"elementor-heading-title elementor-size-default\">WE LIKE TO SUPPORT SUCH EVENTS...<\/h2>\t\t\t\t<\/div>\n\t\t\t\t<\/div>\n\t\t\t\t<div class=\"elementor-element elementor-element-7ce73c88 elementor-widget elementor-widget-spacer\" data-id=\"7ce73c88\" data-element_type=\"widget\" data-e-type=\"widget\" data-widget_type=\"spacer.default\">\n\t\t\t\t<div class=\"elementor-widget-container\">\n\t\t\t\t\t\t\t<div class=\"elementor-spacer\">\n\t\t\t<div class=\"elementor-spacer-inner\"><\/div>\n\t\t<\/div>\n\t\t\t\t\t\t<\/div>\n\t\t\t\t<\/div>\n\t\t\t\t<div class=\"elementor-element elementor-element-3f67b327 elementor-widget elementor-widget-text-editor\" data-id=\"3f67b327\" data-element_type=\"widget\" data-e-type=\"widget\" data-widget_type=\"text-editor.default\">\n\t\t\t\t<div class=\"elementor-widget-container\">\n\t\t\t\t\t\t\t\t\t<p>Monday, 25 March 2019, 7:30 am. Ms Koller, Mr Krasa and 16 students from the geology course start the three-hour journey to the N\u00f6rdlinger Ries. Their faces are still awake and motivated, but that will change after the packed programme of the upcoming two days. After all, the excursion is relevant for some of the students' A-levels.<\/p>\n<p>The first item on the programme follows at 11:30 a.m.: the guided tour of the Oettinger brewery, which is an important part of the cultural landscape of the Ries. Here we see the first effects of the crater landscape: the groundwater in Oettingen and the surrounding area is too hard for brewing due to calcareous soil and therefore has to be softened first. Surprisingly, we also learn that many types of beer - such as \"Falkenfelser\" - contain Oettingen beer. Of course, a short tasting is not to be missed, for which the parents' consent was obtained in advance.<\/p>\n<p>The next stop is the Ries Crater Museum in N\u00f6rdlingen. Here we are shown the formation and history of the Ries crater in the form of a guided tour of the museum. 15 million years ago, an asteroid hit this area and left behind an impact crater with a diameter of 25 km, which offers all kinds of geological peculiarities, for example its double crater ring. Particularly eye-catching are the Neuschwanstein meteorite and the exposed stone from the moon.<\/p>\n<p>Afterwards we walk to the town centre and climb the 90-metre-high church tower, the \"Daniel\", which offers a fabulous view over the town and the landscape of the Ries. Around 5 pm and after a short walk we arrive at the youth hostel.<\/p>\n<p>After a breather and dinner, a guided tour of the town follows. In one and a half hours we visit the former free imperial city via its completely preserved city wall, the former soldiers' quarters and learn more about the witch hunts of that time. Afterwards, in a Greek bar, many order a hot chocolate to chase away the cold and get warm again, until we finally fall exhausted into the beds of the youth hostel after the call of the turret.<\/p>\n<p>The next morning, after a relatively short night, we get up at around 7am, as the rooms have to be vacated at 8am and at 8.30am we go with a geologist to visit four quarries and the two Ofnet caves. After the previous very theoretical day, the focus here is on practical work, which many have been looking forward to. That's why, in addition to helmets, which are compulsory in some quarries, hammers, p\u00fcrckhauer (a drill stick) and hydrochloric acid are in our luggage. Especially at the sight of the hammers, some students fall into a childlike euphoria. We draw, take soil samples, identify stones and find fossils. At the end of the day, we start our journey home completely exhausted and with a lot of new knowledge. It was an exhausting but very nice excursion!<\/p>\t\t\t\t\t\t\t\t<\/div>\n\t\t\t\t<\/div>\n\t\t\t\t\t<\/div>\n\t\t<\/div>\n\t\t\t\t\t<\/div>\n\t\t<\/section>\n\t\t\t\t\t<\/div>\n\t\t<\/div>\n\t\t\t\t<div class=\"elementor-column elementor-col-50 elementor-top-column elementor-element elementor-element-3b3b68d9\" data-id=\"3b3b68d9\" data-element_type=\"column\" data-e-type=\"column\" data-settings=\"{&quot;background_background&quot;:&quot;classic&quot;}\">\n\t\t\t<div class=\"elementor-widget-wrap elementor-element-populated\">\n\t\t\t\t\t<div class=\"elementor-background-overlay\"><\/div>\n\t\t\t\t\t\t<div class=\"elementor-element elementor-element-4639a7eb elementor-widget elementor-widget-image\" data-id=\"4639a7eb\" data-element_type=\"widget\" data-e-type=\"widget\" data-widget_type=\"image.default\">\n\t\t\t\t<div class=\"elementor-widget-container\">\n\t\t\t\t\t\t\t\t\t\t\t\t\t\t\t<img fetchpriority=\"high\" decoding=\"async\" width=\"768\" height=\"576\" src=\"https:\/\/he-s.com\/wp-content\/uploads\/2022\/01\/csm_20190326_100040_7de2694a2a-768x576.jpg\" class=\"attachment-medium_large size-medium_large wp-image-3015\" alt=\"Schulklasse steht vor einer Schlucht mit Ausgrabungswerkzeug und posiert f\u00fcr ein Bild\" srcset=\"https:\/\/he-s.com\/wp-content\/uploads\/2022\/01\/csm_20190326_100040_7de2694a2a-768x576.jpg 768w, https:\/\/he-s.com\/wp-content\/uploads\/2022\/01\/csm_20190326_100040_7de2694a2a-300x225.jpg 300w, https:\/\/he-s.com\/wp-content\/uploads\/2022\/01\/csm_20190326_100040_7de2694a2a-1024x768.jpg 1024w, https:\/\/he-s.com\/wp-content\/uploads\/2022\/01\/csm_20190326_100040_7de2694a2a.jpg 1140w\" sizes=\"(max-width: 768px) 100vw, 768px\" \/>\t\t\t\t\t\t\t\t\t\t\t\t\t\t\t<\/div>\n\t\t\t\t<\/div>\n\t\t\t\t\t<\/div>\n\t\t<\/div>\n\t\t\t\t\t<\/div>\n\t\t<\/section>\n\t\t\t\t<\/div>","protected":false},"excerpt":{"rendered":"<p>09. September 2020 Ries-Exkursion des Friedrich Dessauer Gymnasiums &#8211; HE-S unterst\u00fctzt gro\u00dfz\u00fcgig Solche Aktionen unterst\u00fctzen wir gerne&#8230; Montag, der 25. M\u00e4rz 2019, 07:30 Uhr. Frau Koller, Herr Krasa und 16 Sch\u00fcler des Geologie- Kurses treten die dreist\u00fcndige Fahrt ins N\u00f6rdlinger Ries an. Noch sind die Gesichter wach und motiviert, doch das wird sich nach dem [&hellip;]<\/p>\n","protected":false},"author":1,"featured_media":0,"parent":0,"menu_order":0,"comment_status":"closed","ping_status":"closed","template":"","meta":{"ocean_post_layout":"full-screen","ocean_both_sidebars_style":"","ocean_both_sidebars_content_width":0,"ocean_both_sidebars_sidebars_width":0,"ocean_sidebar":"0","ocean_second_sidebar":"0","ocean_disable_margins":"enable","ocean_add_body_class":"","ocean_shortcode_before_top_bar":"","ocean_shortcode_after_top_bar":"","ocean_shortcode_before_header":"","ocean_shortcode_after_header":"","ocean_has_shortcode":"","ocean_shortcode_after_title":"","ocean_shortcode_before_footer_widgets":"","ocean_shortcode_after_footer_widgets":"","ocean_shortcode_before_footer_bottom":"","ocean_shortcode_after_footer_bottom":"","ocean_display_top_bar":"default","ocean_display_header":"default","ocean_header_style":"","ocean_center_header_left_menu":"0","ocean_custom_header_template":"0","ocean_custom_logo":0,"ocean_custom_retina_logo":0,"ocean_custom_logo_max_width":0,"ocean_custom_logo_tablet_max_width":0,"ocean_custom_logo_mobile_max_width":0,"ocean_custom_logo_max_height":0,"ocean_custom_logo_tablet_max_height":0,"ocean_custom_logo_mobile_max_height":0,"ocean_header_custom_menu":"4","ocean_menu_typo_font_family":"0","ocean_menu_typo_font_subset":"","ocean_menu_typo_font_size":0,"ocean_menu_typo_font_size_tablet":0,"ocean_menu_typo_font_size_mobile":0,"ocean_menu_typo_font_size_unit":"px","ocean_menu_typo_font_weight":"","ocean_menu_typo_font_weight_tablet":"","ocean_menu_typo_font_weight_mobile":"","ocean_menu_typo_transform":"","ocean_menu_typo_transform_tablet":"","ocean_menu_typo_transform_mobile":"","ocean_menu_typo_line_height":0,"ocean_menu_typo_line_height_tablet":0,"ocean_menu_typo_line_height_mobile":0,"ocean_menu_typo_line_height_unit":"","ocean_menu_typo_spacing":0,"ocean_menu_typo_spacing_tablet":0,"ocean_menu_typo_spacing_mobile":0,"ocean_menu_typo_spacing_unit":"","ocean_menu_link_color":"","ocean_menu_link_color_hover":"","ocean_menu_link_color_active":"","ocean_menu_link_background":"","ocean_menu_link_hover_background":"","ocean_menu_link_active_background":"","ocean_menu_social_links_bg":"","ocean_menu_social_hover_links_bg":"","ocean_menu_social_links_color":"","ocean_menu_social_hover_links_color":"","ocean_disable_title":"on","ocean_disable_heading":"default","ocean_post_title":"","ocean_post_subheading":"","ocean_post_title_style":"","ocean_post_title_background_color":"","ocean_post_title_background":0,"ocean_post_title_bg_image_position":"","ocean_post_title_bg_image_attachment":"","ocean_post_title_bg_image_repeat":"","ocean_post_title_bg_image_size":"","ocean_post_title_height":0,"ocean_post_title_bg_overlay":0.5,"ocean_post_title_bg_overlay_color":"","ocean_disable_breadcrumbs":"off","ocean_breadcrumbs_color":"","ocean_breadcrumbs_separator_color":"","ocean_breadcrumbs_links_color":"","ocean_breadcrumbs_links_hover_color":"","ocean_display_footer_widgets":"default","ocean_display_footer_bottom":"default","ocean_custom_footer_template":"0","footnotes":""},"class_list":["post-3238","page","type-page","status-publish","hentry","entry"],"yoast_head":"<!-- This site is optimized with the Yoast SEO plugin v27.4 - https:\/\/yoast.com\/product\/yoast-seo-wordpress\/ -->\n<title>Pressemitteilung September 2020 - HE-S - Digitalisierung aus einer Hand<\/title>\n<meta name=\"description\" content=\"Frau Koller, Herr Krasa und 16 Sch\u00fcler des Geologie- Kurses treten die dreist\u00fcndige Fahrt ins N\u00f6rdlinger Ries an\" \/>\n<meta name=\"robots\" content=\"index, follow, max-snippet:-1, max-image-preview:large, max-video-preview:-1\" \/>\n<link rel=\"canonical\" href=\"https:\/\/he-s.com\/en\/ries-exkursion-des-friedrich-dessauer-gymnasiums-he-s-unterstuetzt-grosszuegig\/\" \/>\n<meta property=\"og:locale\" content=\"en_GB\" \/>\n<meta property=\"og:type\" content=\"article\" \/>\n<meta property=\"og:title\" content=\"Pressemitteilung September 2020 - HE-S - Digitalisierung aus einer Hand\" \/>\n<meta property=\"og:description\" content=\"Frau Koller, Herr Krasa und 16 Sch\u00fcler des Geologie- Kurses treten die dreist\u00fcndige Fahrt ins N\u00f6rdlinger Ries an\" \/>\n<meta property=\"og:url\" content=\"https:\/\/he-s.com\/en\/ries-exkursion-des-friedrich-dessauer-gymnasiums-he-s-unterstuetzt-grosszuegig\/\" \/>\n<meta property=\"og:site_name\" content=\"HE-S - Digitalisierung aus einer Hand\" \/>\n<meta property=\"article:modified_time\" content=\"2022-02-23T08:02:15+00:00\" \/>\n<meta property=\"og:image\" content=\"http:\/\/newworld.he-s.digital\/wp-content\/uploads\/2022\/01\/csm_20190326_100040_7de2694a2a-768x576.jpg\" \/>\n<meta name=\"twitter:card\" content=\"summary_large_image\" \/>\n<meta name=\"twitter:label1\" content=\"Estimated reading time\" \/>\n\t<meta name=\"twitter:data1\" content=\"3 minutes\" \/>\n<script type=\"application\/ld+json\" class=\"yoast-schema-graph\">{\"@context\":\"https:\\\/\\\/schema.org\",\"@graph\":[{\"@type\":\"WebPage\",\"@id\":\"https:\\\/\\\/he-s.com\\\/ries-exkursion-des-friedrich-dessauer-gymnasiums-he-s-unterstuetzt-grosszuegig\\\/\",\"url\":\"https:\\\/\\\/he-s.com\\\/ries-exkursion-des-friedrich-dessauer-gymnasiums-he-s-unterstuetzt-grosszuegig\\\/\",\"name\":\"Pressemitteilung September 2020 - HE-S - Digitalisierung aus einer Hand\",\"isPartOf\":{\"@id\":\"https:\\\/\\\/he-s.com\\\/#website\"},\"primaryImageOfPage\":{\"@id\":\"https:\\\/\\\/he-s.com\\\/ries-exkursion-des-friedrich-dessauer-gymnasiums-he-s-unterstuetzt-grosszuegig\\\/#primaryimage\"},\"image\":{\"@id\":\"https:\\\/\\\/he-s.com\\\/ries-exkursion-des-friedrich-dessauer-gymnasiums-he-s-unterstuetzt-grosszuegig\\\/#primaryimage\"},\"thumbnailUrl\":\"http:\\\/\\\/newworld.he-s.digital\\\/wp-content\\\/uploads\\\/2022\\\/01\\\/csm_20190326_100040_7de2694a2a-768x576.jpg\",\"datePublished\":\"2022-01-26T13:18:17+00:00\",\"dateModified\":\"2022-02-23T08:02:15+00:00\",\"description\":\"Frau Koller, Herr Krasa und 16 Sch\u00fcler des Geologie- Kurses treten die dreist\u00fcndige Fahrt ins N\u00f6rdlinger Ries an\",\"breadcrumb\":{\"@id\":\"https:\\\/\\\/he-s.com\\\/ries-exkursion-des-friedrich-dessauer-gymnasiums-he-s-unterstuetzt-grosszuegig\\\/#breadcrumb\"},\"inLanguage\":\"en-GB\",\"potentialAction\":[{\"@type\":\"ReadAction\",\"target\":[\"https:\\\/\\\/he-s.com\\\/ries-exkursion-des-friedrich-dessauer-gymnasiums-he-s-unterstuetzt-grosszuegig\\\/\"]}]},{\"@type\":\"ImageObject\",\"inLanguage\":\"en-GB\",\"@id\":\"https:\\\/\\\/he-s.com\\\/ries-exkursion-des-friedrich-dessauer-gymnasiums-he-s-unterstuetzt-grosszuegig\\\/#primaryimage\",\"url\":\"http:\\\/\\\/newworld.he-s.digital\\\/wp-content\\\/uploads\\\/2022\\\/01\\\/csm_20190326_100040_7de2694a2a-768x576.jpg\",\"contentUrl\":\"http:\\\/\\\/newworld.he-s.digital\\\/wp-content\\\/uploads\\\/2022\\\/01\\\/csm_20190326_100040_7de2694a2a-768x576.jpg\"},{\"@type\":\"BreadcrumbList\",\"@id\":\"https:\\\/\\\/he-s.com\\\/ries-exkursion-des-friedrich-dessauer-gymnasiums-he-s-unterstuetzt-grosszuegig\\\/#breadcrumb\",\"itemListElement\":[{\"@type\":\"ListItem\",\"position\":1,\"name\":\"Startseite\",\"item\":\"https:\\\/\\\/he-s.com\\\/\"},{\"@type\":\"ListItem\",\"position\":2,\"name\":\"Ries-Exkursion des Friedrich Dessauer Gymnasiums &#8211; HE-S unterst\u00fctzt gro\u00dfz\u00fcgig\"}]},{\"@type\":\"WebSite\",\"@id\":\"https:\\\/\\\/he-s.com\\\/#website\",\"url\":\"https:\\\/\\\/he-s.com\\\/\",\"name\":\"HE-S - Digitalisierung aus einer Hand\",\"description\":\"Deine innovative Aufgabenorganisation\",\"publisher\":{\"@id\":\"https:\\\/\\\/he-s.com\\\/#organization\"},\"potentialAction\":[{\"@type\":\"SearchAction\",\"target\":{\"@type\":\"EntryPoint\",\"urlTemplate\":\"https:\\\/\\\/he-s.com\\\/?s={search_term_string}\"},\"query-input\":{\"@type\":\"PropertyValueSpecification\",\"valueRequired\":true,\"valueName\":\"search_term_string\"}}],\"inLanguage\":\"en-GB\"},{\"@type\":\"Organization\",\"@id\":\"https:\\\/\\\/he-s.com\\\/#organization\",\"name\":\"HE-S - Digitalisierung aus einer Hand\",\"url\":\"https:\\\/\\\/he-s.com\\\/\",\"logo\":{\"@type\":\"ImageObject\",\"inLanguage\":\"en-GB\",\"@id\":\"https:\\\/\\\/he-s.com\\\/#\\\/schema\\\/logo\\\/image\\\/\",\"url\":\"https:\\\/\\\/he-s.com\\\/wp-content\\\/uploads\\\/2022\\\/03\\\/cropped-20191019_Logo_Kreis_HE-S_cmyk_orange-removebg-preview-1.png\",\"contentUrl\":\"https:\\\/\\\/he-s.com\\\/wp-content\\\/uploads\\\/2022\\\/03\\\/cropped-20191019_Logo_Kreis_HE-S_cmyk_orange-removebg-preview-1.png\",\"width\":499,\"height\":500,\"caption\":\"HE-S - Digitalisierung aus einer Hand\"},\"image\":{\"@id\":\"https:\\\/\\\/he-s.com\\\/#\\\/schema\\\/logo\\\/image\\\/\"}}]}<\/script>\n<!-- \/ Yoast SEO plugin. -->","yoast_head_json":{"title":"Pressemitteilung September 2020 - HE-S - Digitalisierung aus einer Hand","description":"Frau Koller, Herr Krasa und 16 Sch\u00fcler des Geologie- Kurses treten die dreist\u00fcndige Fahrt ins N\u00f6rdlinger Ries an","robots":{"index":"index","follow":"follow","max-snippet":"max-snippet:-1","max-image-preview":"max-image-preview:large","max-video-preview":"max-video-preview:-1"},"canonical":"https:\/\/he-s.com\/en\/ries-exkursion-des-friedrich-dessauer-gymnasiums-he-s-unterstuetzt-grosszuegig\/","og_locale":"en_GB","og_type":"article","og_title":"Pressemitteilung September 2020 - HE-S - Digitalisierung aus einer Hand","og_description":"Frau Koller, Herr Krasa und 16 Sch\u00fcler des Geologie- Kurses treten die dreist\u00fcndige Fahrt ins N\u00f6rdlinger Ries an","og_url":"https:\/\/he-s.com\/en\/ries-exkursion-des-friedrich-dessauer-gymnasiums-he-s-unterstuetzt-grosszuegig\/","og_site_name":"HE-S - Digitalisierung aus einer Hand","article_modified_time":"2022-02-23T08:02:15+00:00","og_image":[{"url":"http:\/\/newworld.he-s.digital\/wp-content\/uploads\/2022\/01\/csm_20190326_100040_7de2694a2a-768x576.jpg","type":"","width":"","height":""}],"twitter_card":"summary_large_image","twitter_misc":{"Estimated reading time":"3 minutes"},"schema":{"@context":"https:\/\/schema.org","@graph":[{"@type":"WebPage","@id":"https:\/\/he-s.com\/ries-exkursion-des-friedrich-dessauer-gymnasiums-he-s-unterstuetzt-grosszuegig\/","url":"https:\/\/he-s.com\/ries-exkursion-des-friedrich-dessauer-gymnasiums-he-s-unterstuetzt-grosszuegig\/","name":"Pressemitteilung September 2020 - HE-S - Digitalisierung aus einer Hand","isPartOf":{"@id":"https:\/\/he-s.com\/#website"},"primaryImageOfPage":{"@id":"https:\/\/he-s.com\/ries-exkursion-des-friedrich-dessauer-gymnasiums-he-s-unterstuetzt-grosszuegig\/#primaryimage"},"image":{"@id":"https:\/\/he-s.com\/ries-exkursion-des-friedrich-dessauer-gymnasiums-he-s-unterstuetzt-grosszuegig\/#primaryimage"},"thumbnailUrl":"http:\/\/newworld.he-s.digital\/wp-content\/uploads\/2022\/01\/csm_20190326_100040_7de2694a2a-768x576.jpg","datePublished":"2022-01-26T13:18:17+00:00","dateModified":"2022-02-23T08:02:15+00:00","description":"Frau Koller, Herr Krasa und 16 Sch\u00fcler des Geologie- Kurses treten die dreist\u00fcndige Fahrt ins N\u00f6rdlinger Ries an","breadcrumb":{"@id":"https:\/\/he-s.com\/ries-exkursion-des-friedrich-dessauer-gymnasiums-he-s-unterstuetzt-grosszuegig\/#breadcrumb"},"inLanguage":"en-GB","potentialAction":[{"@type":"ReadAction","target":["https:\/\/he-s.com\/ries-exkursion-des-friedrich-dessauer-gymnasiums-he-s-unterstuetzt-grosszuegig\/"]}]},{"@type":"ImageObject","inLanguage":"en-GB","@id":"https:\/\/he-s.com\/ries-exkursion-des-friedrich-dessauer-gymnasiums-he-s-unterstuetzt-grosszuegig\/#primaryimage","url":"http:\/\/newworld.he-s.digital\/wp-content\/uploads\/2022\/01\/csm_20190326_100040_7de2694a2a-768x576.jpg","contentUrl":"http:\/\/newworld.he-s.digital\/wp-content\/uploads\/2022\/01\/csm_20190326_100040_7de2694a2a-768x576.jpg"},{"@type":"BreadcrumbList","@id":"https:\/\/he-s.com\/ries-exkursion-des-friedrich-dessauer-gymnasiums-he-s-unterstuetzt-grosszuegig\/#breadcrumb","itemListElement":[{"@type":"ListItem","position":1,"name":"Startseite","item":"https:\/\/he-s.com\/"},{"@type":"ListItem","position":2,"name":"Ries-Exkursion des Friedrich Dessauer Gymnasiums &#8211; HE-S unterst\u00fctzt gro\u00dfz\u00fcgig"}]},{"@type":"WebSite","@id":"https:\/\/he-s.com\/#website","url":"https:\/\/he-s.com\/","name":"HE-S - Digitalisierung aus einer Hand","description":"Deine innovative Aufgabenorganisation","publisher":{"@id":"https:\/\/he-s.com\/#organization"},"potentialAction":[{"@type":"SearchAction","target":{"@type":"EntryPoint","urlTemplate":"https:\/\/he-s.com\/?s={search_term_string}"},"query-input":{"@type":"PropertyValueSpecification","valueRequired":true,"valueName":"search_term_string"}}],"inLanguage":"en-GB"},{"@type":"Organization","@id":"https:\/\/he-s.com\/#organization","name":"HE-S - Digitalisierung aus einer Hand","url":"https:\/\/he-s.com\/","logo":{"@type":"ImageObject","inLanguage":"en-GB","@id":"https:\/\/he-s.com\/#\/schema\/logo\/image\/","url":"https:\/\/he-s.com\/wp-content\/uploads\/2022\/03\/cropped-20191019_Logo_Kreis_HE-S_cmyk_orange-removebg-preview-1.png","contentUrl":"https:\/\/he-s.com\/wp-content\/uploads\/2022\/03\/cropped-20191019_Logo_Kreis_HE-S_cmyk_orange-removebg-preview-1.png","width":499,"height":500,"caption":"HE-S - Digitalisierung aus einer Hand"},"image":{"@id":"https:\/\/he-s.com\/#\/schema\/logo\/image\/"}}]}},"_links":{"self":[{"href":"https:\/\/he-s.com\/en\/wp-json\/wp\/v2\/pages\/3238","targetHints":{"allow":["GET"]}}],"collection":[{"href":"https:\/\/he-s.com\/en\/wp-json\/wp\/v2\/pages"}],"about":[{"href":"https:\/\/he-s.com\/en\/wp-json\/wp\/v2\/types\/page"}],"author":[{"embeddable":true,"href":"https:\/\/he-s.com\/en\/wp-json\/wp\/v2\/users\/1"}],"replies":[{"embeddable":true,"href":"https:\/\/he-s.com\/en\/wp-json\/wp\/v2\/comments?post=3238"}],"version-history":[{"count":17,"href":"https:\/\/he-s.com\/en\/wp-json\/wp\/v2\/pages\/3238\/revisions"}],"predecessor-version":[{"id":4274,"href":"https:\/\/he-s.com\/en\/wp-json\/wp\/v2\/pages\/3238\/revisions\/4274"}],"wp:attachment":[{"href":"https:\/\/he-s.com\/en\/wp-json\/wp\/v2\/media?parent=3238"}],"curies":[{"name":"wp","href":"https:\/\/api.w.org\/{rel}","templated":true}]}}