{"id":410,"date":"2021-12-03T11:24:43","date_gmt":"2021-12-03T11:24:43","guid":{"rendered":"http:\/\/newworld.he-s.digital\/?page_id=410"},"modified":"2022-02-09T14:55:31","modified_gmt":"2022-02-09T13:55:31","slug":"digital-arbeiten","status":"publish","type":"page","link":"https:\/\/he-s.com\/en\/digital-arbeiten\/","title":{"rendered":"Digital Arbeiten"},"content":{"rendered":"<div data-elementor-type=\"wp-page\" data-elementor-id=\"410\" class=\"elementor elementor-410\">\n\t\t\t\t\t\t<section class=\"elementor-section elementor-top-section elementor-element elementor-element-708f8240 elementor-section-height-min-height elementor-section-boxed elementor-section-height-default elementor-section-items-middle\" data-id=\"708f8240\" data-element_type=\"section\" data-e-type=\"section\" data-settings=\"{&quot;background_background&quot;:&quot;classic&quot;}\">\n\t\t\t\t\t\t\t<div class=\"elementor-background-overlay\"><\/div>\n\t\t\t\t\t\t\t<div class=\"elementor-container elementor-column-gap-default\">\n\t\t\t\t\t<div class=\"elementor-column elementor-col-100 elementor-top-column elementor-element elementor-element-509a7f16\" data-id=\"509a7f16\" data-element_type=\"column\" data-e-type=\"column\">\n\t\t\t<div class=\"elementor-widget-wrap elementor-element-populated\">\n\t\t\t\t\t<div class=\"elementor-background-overlay\"><\/div>\n\t\t\t\t\t\t<div class=\"elementor-element elementor-element-9248f2e elementor-widget elementor-widget-heading\" data-id=\"9248f2e\" data-element_type=\"widget\" data-e-type=\"widget\" data-widget_type=\"heading.default\">\n\t\t\t\t<div class=\"elementor-widget-container\">\n\t\t\t\t\t<h1 class=\"elementor-heading-title elementor-size-default\">#DigitalArbeiten<\/h1>\t\t\t\t<\/div>\n\t\t\t\t<\/div>\n\t\t\t\t\t<\/div>\n\t\t<\/div>\n\t\t\t\t\t<\/div>\n\t\t<\/section>\n\t\t\t\t<section class=\"elementor-section elementor-top-section elementor-element elementor-element-1c33bb5 elementor-section-boxed elementor-section-height-default elementor-section-height-default\" data-id=\"1c33bb5\" data-element_type=\"section\" data-e-type=\"section\">\n\t\t\t\t\t\t<div class=\"elementor-container elementor-column-gap-default\">\n\t\t\t\t\t<div class=\"elementor-column elementor-col-100 elementor-top-column elementor-element elementor-element-5734534\" data-id=\"5734534\" data-element_type=\"column\" data-e-type=\"column\">\n\t\t\t<div class=\"elementor-widget-wrap elementor-element-populated\">\n\t\t\t\t\t\t<div class=\"elementor-element elementor-element-8c0012e elementor-widget elementor-widget-spacer\" data-id=\"8c0012e\" data-element_type=\"widget\" data-e-type=\"widget\" data-widget_type=\"spacer.default\">\n\t\t\t\t<div class=\"elementor-widget-container\">\n\t\t\t\t\t\t\t<div class=\"elementor-spacer\">\n\t\t\t<div class=\"elementor-spacer-inner\"><\/div>\n\t\t<\/div>\n\t\t\t\t\t\t<\/div>\n\t\t\t\t<\/div>\n\t\t\t\t<div class=\"elementor-element elementor-element-90a3d16 elementor-invisible elementor-widget elementor-widget-heading\" data-id=\"90a3d16\" data-element_type=\"widget\" data-e-type=\"widget\" data-settings=\"{&quot;_animation&quot;:&quot;slideInUp&quot;}\" data-widget_type=\"heading.default\">\n\t\t\t\t<div class=\"elementor-widget-container\">\n\t\t\t\t\t<h2 class=\"elementor-heading-title elementor-size-default\">Digitalisierung aus einer Hand<\/h2>\t\t\t\t<\/div>\n\t\t\t\t<\/div>\n\t\t\t\t<div class=\"elementor-element elementor-element-3b11d70 elementor-widget elementor-widget-spacer\" data-id=\"3b11d70\" data-element_type=\"widget\" data-e-type=\"widget\" data-widget_type=\"spacer.default\">\n\t\t\t\t<div class=\"elementor-widget-container\">\n\t\t\t\t\t\t\t<div class=\"elementor-spacer\">\n\t\t\t<div class=\"elementor-spacer-inner\"><\/div>\n\t\t<\/div>\n\t\t\t\t\t\t<\/div>\n\t\t\t\t<\/div>\n\t\t\t\t<div class=\"elementor-element elementor-element-5c3e02a elementor-invisible elementor-widget elementor-widget-image\" data-id=\"5c3e02a\" data-element_type=\"widget\" data-e-type=\"widget\" data-settings=\"{&quot;_animation&quot;:&quot;slideInUp&quot;}\" data-widget_type=\"image.default\">\n\t\t\t\t<div class=\"elementor-widget-container\">\n\t\t\t\t\t\t\t\t\t\t\t\t\t\t\t<img decoding=\"async\" width=\"300\" height=\"148\" data-src=\"https:\/\/he-s.com\/wp-content\/uploads\/2022\/01\/undraw_Geraete-300x148.png\" class=\"attachment-medium size-medium wp-image-1918 lazyload\" alt=\"Frau steht neben mehreren Endger\u00e4ten\" data-srcset=\"https:\/\/he-s.com\/wp-content\/uploads\/2022\/01\/undraw_Geraete-300x148.png 300w, https:\/\/he-s.com\/wp-content\/uploads\/2022\/01\/undraw_Geraete-1024x505.png 1024w, https:\/\/he-s.com\/wp-content\/uploads\/2022\/01\/undraw_Geraete-768x379.png 768w, https:\/\/he-s.com\/wp-content\/uploads\/2022\/01\/undraw_Geraete.png 1160w\" data-sizes=\"(max-width: 300px) 100vw, 300px\" src=\"data:image\/svg+xml;base64,PHN2ZyB3aWR0aD0iMSIgaGVpZ2h0PSIxIiB4bWxucz0iaHR0cDovL3d3dy53My5vcmcvMjAwMC9zdmciPjwvc3ZnPg==\" style=\"--smush-placeholder-width: 300px; --smush-placeholder-aspect-ratio: 300\/148;\" \/>\t\t\t\t\t\t\t\t\t\t\t\t\t\t\t<\/div>\n\t\t\t\t<\/div>\n\t\t\t\t<div class=\"elementor-element elementor-element-42ed5fc elementor-widget elementor-widget-spacer\" data-id=\"42ed5fc\" data-element_type=\"widget\" data-e-type=\"widget\" data-widget_type=\"spacer.default\">\n\t\t\t\t<div class=\"elementor-widget-container\">\n\t\t\t\t\t\t\t<div class=\"elementor-spacer\">\n\t\t\t<div class=\"elementor-spacer-inner\"><\/div>\n\t\t<\/div>\n\t\t\t\t\t\t<\/div>\n\t\t\t\t<\/div>\n\t\t\t\t<div class=\"elementor-element elementor-element-ec33b32 elementor-invisible elementor-widget elementor-widget-heading\" data-id=\"ec33b32\" data-element_type=\"widget\" data-e-type=\"widget\" data-settings=\"{&quot;_animation&quot;:&quot;slideInUp&quot;}\" data-widget_type=\"heading.default\">\n\t\t\t\t<div class=\"elementor-widget-container\">\n\t\t\t\t\t<h2 class=\"elementor-heading-title elementor-size-default\">Der Einstieg<\/h2>\t\t\t\t<\/div>\n\t\t\t\t<\/div>\n\t\t\t\t<div class=\"elementor-element elementor-element-a561d46 elementor-invisible elementor-widget elementor-widget-text-editor\" data-id=\"a561d46\" data-element_type=\"widget\" data-e-type=\"widget\" data-settings=\"{&quot;_animation&quot;:&quot;slideInUp&quot;}\" data-widget_type=\"text-editor.default\">\n\t\t\t\t<div class=\"elementor-widget-container\">\n\t\t\t\t\t\t\t\t\t<p>Die digitale Arbeit ist st\u00e4ndiger Begleiter unseres Lebens.\u00a0F\u00fcr den einen ist es Fluch, f\u00fcr den anderen Segen.\u00a0<\/p><p><em>&#8222;Viele K\u00f6che verderben den Brei&#8220;<\/em>\u00a0sagt ein Sprichwort.<\/p><p>Dies hat HE-S in den letzten 11 Jahren und der Gesch\u00e4ftsf\u00fchrer Rinaldo Heck in \u00fcber 20 Jahren in IT-Projekten viel zu oft erleben d\u00fcrfen. Es ging dabei\u00a0um Integration von verschiedenen Systemen. Hinzu kamen immer verschiedene Abteilungen, verschiedene Sichtweisen und die vermittelnde\u00a0Kommunikation, welches das Projekt nicht leichter machten.<\/p><p>HE-S bietet\u00a0mit seinem\u00a0Angebot\u00a0der\u00a0<strong>DIGITALISIERUNG AUS EINER HAND<\/strong>\u00a0eine einfache\u00a0komplette Projektabwicklung und einen Ansprechpartner f\u00fcr alle IT-Themen der Gesch\u00e4ftsprozesse.\u00a0<\/p><p>Digitalisierung ist zu 100% Integration von\u00a0<strong>Menschen<\/strong>,\u00a0<strong>Software<\/strong>\u00a0und<strong>\u00a0Hardware<\/strong>\u00a0in die\u00a0<strong>Gesch\u00e4ftsprozesse<\/strong>\u00a0des Unternehmens oder Kommune.<\/p><p>Genau diese 4 Elemente greift HE-S komplett auf und verbindet diese mit den 5 nebenstehenden Bausteinen.<\/p>\t\t\t\t\t\t\t\t<\/div>\n\t\t\t\t<\/div>\n\t\t\t\t\t<\/div>\n\t\t<\/div>\n\t\t\t\t\t<\/div>\n\t\t<\/section>\n\t\t\t\t<\/div>","protected":false},"excerpt":{"rendered":"<p>#DigitalArbeiten Digitalisierung aus einer Hand Der Einstieg Die digitale Arbeit ist st\u00e4ndiger Begleiter unseres Lebens.&nbsp;F\u00fcr den einen ist es Fluch, f\u00fcr den anderen Segen.&nbsp; &#8222;Viele K\u00f6che verderben den Brei&#8220;&nbsp;sagt ein Sprichwort. Dies hat HE-S in den letzten 11 Jahren und der Gesch\u00e4ftsf\u00fchrer Rinaldo Heck in \u00fcber 20 Jahren in IT-Projekten viel zu oft erleben d\u00fcrfen. [&hellip;]<\/p>\n","protected":false},"author":1,"featured_media":0,"parent":0,"menu_order":0,"comment_status":"closed","ping_status":"closed","template":"","meta":{"ocean_post_layout":"full-screen","ocean_both_sidebars_style":"","ocean_both_sidebars_content_width":0,"ocean_both_sidebars_sidebars_width":0,"ocean_sidebar":"0","ocean_second_sidebar":"0","ocean_disable_margins":"enable","ocean_add_body_class":"","ocean_shortcode_before_top_bar":"","ocean_shortcode_after_top_bar":"","ocean_shortcode_before_header":"","ocean_shortcode_after_header":"","ocean_has_shortcode":"","ocean_shortcode_after_title":"","ocean_shortcode_before_footer_widgets":"","ocean_shortcode_after_footer_widgets":"","ocean_shortcode_before_footer_bottom":"","ocean_shortcode_after_footer_bottom":"","ocean_display_top_bar":"default","ocean_display_header":"default","ocean_header_style":"","ocean_center_header_left_menu":"0","ocean_custom_header_template":"0","ocean_custom_logo":0,"ocean_custom_retina_logo":0,"ocean_custom_logo_max_width":0,"ocean_custom_logo_tablet_max_width":0,"ocean_custom_logo_mobile_max_width":0,"ocean_custom_logo_max_height":0,"ocean_custom_logo_tablet_max_height":0,"ocean_custom_logo_mobile_max_height":0,"ocean_header_custom_menu":"4","ocean_menu_typo_font_family":"0","ocean_menu_typo_font_subset":"","ocean_menu_typo_font_size":0,"ocean_menu_typo_font_size_tablet":0,"ocean_menu_typo_font_size_mobile":0,"ocean_menu_typo_font_size_unit":"px","ocean_menu_typo_font_weight":"","ocean_menu_typo_font_weight_tablet":"","ocean_menu_typo_font_weight_mobile":"","ocean_menu_typo_transform":"","ocean_menu_typo_transform_tablet":"","ocean_menu_typo_transform_mobile":"","ocean_menu_typo_line_height":0,"ocean_menu_typo_line_height_tablet":0,"ocean_menu_typo_line_height_mobile":0,"ocean_menu_typo_line_height_unit":"","ocean_menu_typo_spacing":0,"ocean_menu_typo_spacing_tablet":0,"ocean_menu_typo_spacing_mobile":0,"ocean_menu_typo_spacing_unit":"","ocean_menu_link_color":"","ocean_menu_link_color_hover":"","ocean_menu_link_color_active":"","ocean_menu_link_background":"","ocean_menu_link_hover_background":"","ocean_menu_link_active_background":"","ocean_menu_social_links_bg":"","ocean_menu_social_hover_links_bg":"","ocean_menu_social_links_color":"","ocean_menu_social_hover_links_color":"","ocean_disable_title":"on","ocean_disable_heading":"default","ocean_post_title":"","ocean_post_subheading":"","ocean_post_title_style":"","ocean_post_title_background_color":"","ocean_post_title_background":0,"ocean_post_title_bg_image_position":"","ocean_post_title_bg_image_attachment":"","ocean_post_title_bg_image_repeat":"","ocean_post_title_bg_image_size":"","ocean_post_title_height":0,"ocean_post_title_bg_overlay":0.5,"ocean_post_title_bg_overlay_color":"","ocean_disable_breadcrumbs":"off","ocean_breadcrumbs_color":"","ocean_breadcrumbs_separator_color":"","ocean_breadcrumbs_links_color":"","ocean_breadcrumbs_links_hover_color":"","ocean_display_footer_widgets":"default","ocean_display_footer_bottom":"default","ocean_custom_footer_template":"0","footnotes":""},"class_list":["post-410","page","type-page","status-publish","hentry","entry"],"yoast_head":"<!-- This site is optimized with the Yoast SEO plugin v27.3 - https:\/\/yoast.com\/product\/yoast-seo-wordpress\/ -->\n<title>Digital Arbeiten - HE-S - Digitalisierung aus einer Hand<\/title>\n<meta name=\"robots\" content=\"index, follow, max-snippet:-1, max-image-preview:large, max-video-preview:-1\" \/>\n<link rel=\"canonical\" href=\"https:\/\/he-s.com\/en\/digital-arbeiten\/\" \/>\n<meta property=\"og:locale\" content=\"en_GB\" \/>\n<meta property=\"og:type\" content=\"article\" \/>\n<meta property=\"og:title\" content=\"Digital Arbeiten - HE-S - Digitalisierung aus einer Hand\" \/>\n<meta property=\"og:description\" content=\"#DigitalArbeiten Digitalisierung aus einer Hand Der Einstieg Die digitale Arbeit ist st\u00e4ndiger Begleiter unseres Lebens.&nbsp;F\u00fcr den einen ist es Fluch, f\u00fcr den anderen Segen.&nbsp; &#8222;Viele K\u00f6che verderben den Brei&#8220;&nbsp;sagt ein Sprichwort. Dies hat HE-S in den letzten 11 Jahren und der Gesch\u00e4ftsf\u00fchrer Rinaldo Heck in \u00fcber 20 Jahren in IT-Projekten viel zu oft erleben d\u00fcrfen. [&hellip;]\" \/>\n<meta property=\"og:url\" content=\"https:\/\/he-s.com\/en\/digital-arbeiten\/\" \/>\n<meta property=\"og:site_name\" content=\"HE-S - Digitalisierung aus einer Hand\" \/>\n<meta property=\"article:modified_time\" content=\"2022-02-09T13:55:31+00:00\" \/>\n<meta property=\"og:image\" content=\"http:\/\/newworld.he-s.digital\/wp-content\/uploads\/2022\/01\/undraw_Geraete-300x148.png\" \/>\n<meta name=\"twitter:card\" content=\"summary_large_image\" \/>\n<meta name=\"twitter:label1\" content=\"Estimated reading time\" \/>\n\t<meta name=\"twitter:data1\" content=\"2 minutes\" \/>\n<script type=\"application\/ld+json\" class=\"yoast-schema-graph\">{\"@context\":\"https:\\\/\\\/schema.org\",\"@graph\":[{\"@type\":\"WebPage\",\"@id\":\"https:\\\/\\\/he-s.com\\\/digital-arbeiten\\\/\",\"url\":\"https:\\\/\\\/he-s.com\\\/digital-arbeiten\\\/\",\"name\":\"Digital Arbeiten - HE-S - Digitalisierung aus einer Hand\",\"isPartOf\":{\"@id\":\"https:\\\/\\\/he-s.com\\\/#website\"},\"primaryImageOfPage\":{\"@id\":\"https:\\\/\\\/he-s.com\\\/digital-arbeiten\\\/#primaryimage\"},\"image\":{\"@id\":\"https:\\\/\\\/he-s.com\\\/digital-arbeiten\\\/#primaryimage\"},\"thumbnailUrl\":\"http:\\\/\\\/newworld.he-s.digital\\\/wp-content\\\/uploads\\\/2022\\\/01\\\/undraw_Geraete-300x148.png\",\"datePublished\":\"2021-12-03T11:24:43+00:00\",\"dateModified\":\"2022-02-09T13:55:31+00:00\",\"breadcrumb\":{\"@id\":\"https:\\\/\\\/he-s.com\\\/digital-arbeiten\\\/#breadcrumb\"},\"inLanguage\":\"en-GB\",\"potentialAction\":[{\"@type\":\"ReadAction\",\"target\":[\"https:\\\/\\\/he-s.com\\\/digital-arbeiten\\\/\"]}]},{\"@type\":\"ImageObject\",\"inLanguage\":\"en-GB\",\"@id\":\"https:\\\/\\\/he-s.com\\\/digital-arbeiten\\\/#primaryimage\",\"url\":\"http:\\\/\\\/newworld.he-s.digital\\\/wp-content\\\/uploads\\\/2022\\\/01\\\/undraw_Geraete-300x148.png\",\"contentUrl\":\"http:\\\/\\\/newworld.he-s.digital\\\/wp-content\\\/uploads\\\/2022\\\/01\\\/undraw_Geraete-300x148.png\"},{\"@type\":\"BreadcrumbList\",\"@id\":\"https:\\\/\\\/he-s.com\\\/digital-arbeiten\\\/#breadcrumb\",\"itemListElement\":[{\"@type\":\"ListItem\",\"position\":1,\"name\":\"Startseite\",\"item\":\"https:\\\/\\\/he-s.com\\\/\"},{\"@type\":\"ListItem\",\"position\":2,\"name\":\"Digital Arbeiten\"}]},{\"@type\":\"WebSite\",\"@id\":\"https:\\\/\\\/he-s.com\\\/#website\",\"url\":\"https:\\\/\\\/he-s.com\\\/\",\"name\":\"HE-S - Digitalisierung aus einer Hand\",\"description\":\"Deine innovative Aufgabenorganisation\",\"publisher\":{\"@id\":\"https:\\\/\\\/he-s.com\\\/#organization\"},\"potentialAction\":[{\"@type\":\"SearchAction\",\"target\":{\"@type\":\"EntryPoint\",\"urlTemplate\":\"https:\\\/\\\/he-s.com\\\/?s={search_term_string}\"},\"query-input\":{\"@type\":\"PropertyValueSpecification\",\"valueRequired\":true,\"valueName\":\"search_term_string\"}}],\"inLanguage\":\"en-GB\"},{\"@type\":\"Organization\",\"@id\":\"https:\\\/\\\/he-s.com\\\/#organization\",\"name\":\"HE-S - Digitalisierung aus einer Hand\",\"url\":\"https:\\\/\\\/he-s.com\\\/\",\"logo\":{\"@type\":\"ImageObject\",\"inLanguage\":\"en-GB\",\"@id\":\"https:\\\/\\\/he-s.com\\\/#\\\/schema\\\/logo\\\/image\\\/\",\"url\":\"https:\\\/\\\/he-s.com\\\/wp-content\\\/uploads\\\/2022\\\/03\\\/cropped-20191019_Logo_Kreis_HE-S_cmyk_orange-removebg-preview-1.png\",\"contentUrl\":\"https:\\\/\\\/he-s.com\\\/wp-content\\\/uploads\\\/2022\\\/03\\\/cropped-20191019_Logo_Kreis_HE-S_cmyk_orange-removebg-preview-1.png\",\"width\":499,\"height\":500,\"caption\":\"HE-S - Digitalisierung aus einer Hand\"},\"image\":{\"@id\":\"https:\\\/\\\/he-s.com\\\/#\\\/schema\\\/logo\\\/image\\\/\"}}]}<\/script>\n<!-- \/ Yoast SEO plugin. -->","yoast_head_json":{"title":"Digital Arbeiten - HE-S - Digitalisierung aus einer Hand","robots":{"index":"index","follow":"follow","max-snippet":"max-snippet:-1","max-image-preview":"max-image-preview:large","max-video-preview":"max-video-preview:-1"},"canonical":"https:\/\/he-s.com\/en\/digital-arbeiten\/","og_locale":"en_GB","og_type":"article","og_title":"Digital Arbeiten - HE-S - Digitalisierung aus einer Hand","og_description":"#DigitalArbeiten Digitalisierung aus einer Hand Der Einstieg Die digitale Arbeit ist st\u00e4ndiger Begleiter unseres Lebens.&nbsp;F\u00fcr den einen ist es Fluch, f\u00fcr den anderen Segen.&nbsp; &#8222;Viele K\u00f6che verderben den Brei&#8220;&nbsp;sagt ein Sprichwort. Dies hat HE-S in den letzten 11 Jahren und der Gesch\u00e4ftsf\u00fchrer Rinaldo Heck in \u00fcber 20 Jahren in IT-Projekten viel zu oft erleben d\u00fcrfen. [&hellip;]","og_url":"https:\/\/he-s.com\/en\/digital-arbeiten\/","og_site_name":"HE-S - Digitalisierung aus einer Hand","article_modified_time":"2022-02-09T13:55:31+00:00","og_image":[{"url":"http:\/\/newworld.he-s.digital\/wp-content\/uploads\/2022\/01\/undraw_Geraete-300x148.png","type":"","width":"","height":""}],"twitter_card":"summary_large_image","twitter_misc":{"Estimated reading time":"2 minutes"},"schema":{"@context":"https:\/\/schema.org","@graph":[{"@type":"WebPage","@id":"https:\/\/he-s.com\/digital-arbeiten\/","url":"https:\/\/he-s.com\/digital-arbeiten\/","name":"Digital Arbeiten - HE-S - Digitalisierung aus einer Hand","isPartOf":{"@id":"https:\/\/he-s.com\/#website"},"primaryImageOfPage":{"@id":"https:\/\/he-s.com\/digital-arbeiten\/#primaryimage"},"image":{"@id":"https:\/\/he-s.com\/digital-arbeiten\/#primaryimage"},"thumbnailUrl":"http:\/\/newworld.he-s.digital\/wp-content\/uploads\/2022\/01\/undraw_Geraete-300x148.png","datePublished":"2021-12-03T11:24:43+00:00","dateModified":"2022-02-09T13:55:31+00:00","breadcrumb":{"@id":"https:\/\/he-s.com\/digital-arbeiten\/#breadcrumb"},"inLanguage":"en-GB","potentialAction":[{"@type":"ReadAction","target":["https:\/\/he-s.com\/digital-arbeiten\/"]}]},{"@type":"ImageObject","inLanguage":"en-GB","@id":"https:\/\/he-s.com\/digital-arbeiten\/#primaryimage","url":"http:\/\/newworld.he-s.digital\/wp-content\/uploads\/2022\/01\/undraw_Geraete-300x148.png","contentUrl":"http:\/\/newworld.he-s.digital\/wp-content\/uploads\/2022\/01\/undraw_Geraete-300x148.png"},{"@type":"BreadcrumbList","@id":"https:\/\/he-s.com\/digital-arbeiten\/#breadcrumb","itemListElement":[{"@type":"ListItem","position":1,"name":"Startseite","item":"https:\/\/he-s.com\/"},{"@type":"ListItem","position":2,"name":"Digital Arbeiten"}]},{"@type":"WebSite","@id":"https:\/\/he-s.com\/#website","url":"https:\/\/he-s.com\/","name":"HE-S - Digitalisierung aus einer Hand","description":"Deine innovative Aufgabenorganisation","publisher":{"@id":"https:\/\/he-s.com\/#organization"},"potentialAction":[{"@type":"SearchAction","target":{"@type":"EntryPoint","urlTemplate":"https:\/\/he-s.com\/?s={search_term_string}"},"query-input":{"@type":"PropertyValueSpecification","valueRequired":true,"valueName":"search_term_string"}}],"inLanguage":"en-GB"},{"@type":"Organization","@id":"https:\/\/he-s.com\/#organization","name":"HE-S - Digitalisierung aus einer Hand","url":"https:\/\/he-s.com\/","logo":{"@type":"ImageObject","inLanguage":"en-GB","@id":"https:\/\/he-s.com\/#\/schema\/logo\/image\/","url":"https:\/\/he-s.com\/wp-content\/uploads\/2022\/03\/cropped-20191019_Logo_Kreis_HE-S_cmyk_orange-removebg-preview-1.png","contentUrl":"https:\/\/he-s.com\/wp-content\/uploads\/2022\/03\/cropped-20191019_Logo_Kreis_HE-S_cmyk_orange-removebg-preview-1.png","width":499,"height":500,"caption":"HE-S - Digitalisierung aus einer Hand"},"image":{"@id":"https:\/\/he-s.com\/#\/schema\/logo\/image\/"}}]}},"_links":{"self":[{"href":"https:\/\/he-s.com\/en\/wp-json\/wp\/v2\/pages\/410","targetHints":{"allow":["GET"]}}],"collection":[{"href":"https:\/\/he-s.com\/en\/wp-json\/wp\/v2\/pages"}],"about":[{"href":"https:\/\/he-s.com\/en\/wp-json\/wp\/v2\/types\/page"}],"author":[{"embeddable":true,"href":"https:\/\/he-s.com\/en\/wp-json\/wp\/v2\/users\/1"}],"replies":[{"embeddable":true,"href":"https:\/\/he-s.com\/en\/wp-json\/wp\/v2\/comments?post=410"}],"version-history":[{"count":15,"href":"https:\/\/he-s.com\/en\/wp-json\/wp\/v2\/pages\/410\/revisions"}],"predecessor-version":[{"id":7138,"href":"https:\/\/he-s.com\/en\/wp-json\/wp\/v2\/pages\/410\/revisions\/7138"}],"wp:attachment":[{"href":"https:\/\/he-s.com\/en\/wp-json\/wp\/v2\/media?parent=410"}],"curies":[{"name":"wp","href":"https:\/\/api.w.org\/{rel}","templated":true}]}}