{"id":6613,"date":"2022-05-20T10:15:50","date_gmt":"2022-05-20T09:15:50","guid":{"rendered":"https:\/\/he-s.com\/?page_id=6613"},"modified":"2022-06-20T10:44:32","modified_gmt":"2022-06-20T09:44:32","slug":"agenda-he-s-digitaltag","status":"publish","type":"page","link":"https:\/\/he-s.com\/en\/agenda-he-s-digitaltag\/","title":{"rendered":"Agenda HE-S Digitaltag"},"content":{"rendered":"<div data-elementor-type=\"wp-page\" data-elementor-id=\"6613\" class=\"elementor elementor-6613\">\n\t\t\t\t\t\t<section class=\"elementor-section elementor-top-section elementor-element elementor-element-5d611555 elementor-section-height-min-height elementor-section-boxed elementor-section-height-default elementor-section-items-middle\" data-id=\"5d611555\" data-element_type=\"section\" data-e-type=\"section\" data-settings=\"{&quot;background_background&quot;:&quot;classic&quot;}\">\n\t\t\t\t\t\t\t<div class=\"elementor-background-overlay\"><\/div>\n\t\t\t\t\t\t\t<div class=\"elementor-container elementor-column-gap-no\">\n\t\t\t\t\t<div class=\"elementor-column elementor-col-100 elementor-top-column elementor-element elementor-element-5af8e15f\" data-id=\"5af8e15f\" data-element_type=\"column\" data-e-type=\"column\" data-settings=\"{&quot;background_background&quot;:&quot;classic&quot;}\">\n\t\t\t<div class=\"elementor-widget-wrap elementor-element-populated\">\n\t\t\t\t\t\t<div class=\"elementor-element elementor-element-1e035630 elementor-widget elementor-widget-heading\" data-id=\"1e035630\" data-element_type=\"widget\" data-e-type=\"widget\" data-widget_type=\"heading.default\">\n\t\t\t\t<div class=\"elementor-widget-container\">\n\t\t\t\t\t<h1 class=\"elementor-heading-title elementor-size-default\">HE-S Digitaltag<\/h1>\t\t\t\t<\/div>\n\t\t\t\t<\/div>\n\t\t\t\t\t<\/div>\n\t\t<\/div>\n\t\t\t\t\t<\/div>\n\t\t<\/section>\n\t\t\t\t<section class=\"elementor-section elementor-top-section elementor-element elementor-element-20b940a6 elementor-section-boxed elementor-section-height-default elementor-section-height-default\" data-id=\"20b940a6\" data-element_type=\"section\" data-e-type=\"section\" data-settings=\"{&quot;background_background&quot;:&quot;classic&quot;}\">\n\t\t\t\t\t\t\t<div class=\"elementor-background-overlay\"><\/div>\n\t\t\t\t\t\t\t<div class=\"elementor-container elementor-column-gap-default\">\n\t\t\t\t\t<div class=\"elementor-column elementor-col-100 elementor-top-column elementor-element elementor-element-74e8ff59\" data-id=\"74e8ff59\" data-element_type=\"column\" data-e-type=\"column\">\n\t\t\t<div class=\"elementor-widget-wrap elementor-element-populated\">\n\t\t\t\t\t\t<section class=\"elementor-section elementor-inner-section elementor-element elementor-element-7bc8369 elementor-section-boxed elementor-section-height-default elementor-section-height-default\" data-id=\"7bc8369\" data-element_type=\"section\" data-e-type=\"section\" data-settings=\"{&quot;background_background&quot;:&quot;classic&quot;}\">\n\t\t\t\t\t\t<div class=\"elementor-container elementor-column-gap-wider\">\n\t\t\t\t\t<div class=\"elementor-column elementor-col-100 elementor-inner-column elementor-element elementor-element-4ed6aba\" data-id=\"4ed6aba\" data-element_type=\"column\" data-e-type=\"column\">\n\t\t\t<div class=\"elementor-widget-wrap elementor-element-populated\">\n\t\t\t\t\t\t<div class=\"elementor-element elementor-element-39ac9fe0 elementor-widget elementor-widget-heading\" data-id=\"39ac9fe0\" data-element_type=\"widget\" data-e-type=\"widget\" data-widget_type=\"heading.default\">\n\t\t\t\t<div class=\"elementor-widget-container\">\n\t\t\t\t\t<h2 class=\"elementor-heading-title elementor-size-default\">Programm<\/h2>\t\t\t\t<\/div>\n\t\t\t\t<\/div>\n\t\t\t\t\t<\/div>\n\t\t<\/div>\n\t\t\t\t\t<\/div>\n\t\t<\/section>\n\t\t\t\t<div class=\"elementor-element elementor-element-75b33ca elementor-widget elementor-widget-text-editor\" data-id=\"75b33ca\" data-element_type=\"widget\" data-e-type=\"widget\" data-widget_type=\"text-editor.default\">\n\t\t\t\t<div class=\"elementor-widget-container\">\n\t\t\t\t\t\t\t\t\t<p class=\"text-center\">Das erwartet Sie am HE-S Digital Tag:<\/p>\t\t\t\t\t\t\t\t<\/div>\n\t\t\t\t<\/div>\n\t\t\t\t<div class=\"elementor-element elementor-element-685a333 elementor-widget elementor-widget-image\" data-id=\"685a333\" data-element_type=\"widget\" data-e-type=\"widget\" data-widget_type=\"image.default\">\n\t\t\t\t<div class=\"elementor-widget-container\">\n\t\t\t\t\t\t\t\t\t\t\t\t\t\t\t<img fetchpriority=\"high\" decoding=\"async\" width=\"717\" height=\"449\" src=\"https:\/\/he-s.com\/wp-content\/uploads\/2022\/06\/20220620_Screenshot_Programm.png\" class=\"attachment-large size-large wp-image-6900\" alt=\"\" srcset=\"https:\/\/he-s.com\/wp-content\/uploads\/2022\/06\/20220620_Screenshot_Programm.png 717w, https:\/\/he-s.com\/wp-content\/uploads\/2022\/06\/20220620_Screenshot_Programm-300x188.png 300w, https:\/\/he-s.com\/wp-content\/uploads\/2022\/06\/20220620_Screenshot_Programm-18x12.png 18w\" sizes=\"(max-width: 717px) 100vw, 717px\" \/>\t\t\t\t\t\t\t\t\t\t\t\t\t\t\t<\/div>\n\t\t\t\t<\/div>\n\t\t\t\t<div class=\"elementor-element elementor-element-6d367c6 elementor-widget elementor-widget-text-editor\" data-id=\"6d367c6\" data-element_type=\"widget\" data-e-type=\"widget\" data-widget_type=\"text-editor.default\">\n\t\t\t\t<div class=\"elementor-widget-container\">\n\t\t\t\t\t\t\t\t\t<p>Zwischen, w\u00e4hrend und nach den Programmpunkten haben Sie die M\u00f6glichkeit Produkte anzufassen und auszuprobieren.<\/p>\t\t\t\t\t\t\t\t<\/div>\n\t\t\t\t<\/div>\n\t\t\t\t<div class=\"elementor-element elementor-element-30e8e31 elementor-widget elementor-widget-spacer\" data-id=\"30e8e31\" data-element_type=\"widget\" data-e-type=\"widget\" data-widget_type=\"spacer.default\">\n\t\t\t\t<div class=\"elementor-widget-container\">\n\t\t\t\t\t\t\t<div class=\"elementor-spacer\">\n\t\t\t<div class=\"elementor-spacer-inner\"><\/div>\n\t\t<\/div>\n\t\t\t\t\t\t<\/div>\n\t\t\t\t<\/div>\n\t\t\t\t\t<\/div>\n\t\t<\/div>\n\t\t\t\t\t<\/div>\n\t\t<\/section>\n\t\t\t\t<\/div>","protected":false},"excerpt":{"rendered":"<p>HE-S Digitaltag Programm Das erwartet Sie am HE-S Digital Tag: Zwischen, w\u00e4hrend und nach den Programmpunkten haben Sie die M\u00f6glichkeit Produkte anzufassen und auszuprobieren.<\/p>","protected":false},"author":1,"featured_media":0,"parent":0,"menu_order":0,"comment_status":"closed","ping_status":"closed","template":"","meta":{"ocean_post_layout":"full-screen","ocean_both_sidebars_style":"","ocean_both_sidebars_content_width":0,"ocean_both_sidebars_sidebars_width":0,"ocean_sidebar":"0","ocean_second_sidebar":"0","ocean_disable_margins":"enable","ocean_add_body_class":"","ocean_shortcode_before_top_bar":"","ocean_shortcode_after_top_bar":"","ocean_shortcode_before_header":"","ocean_shortcode_after_header":"","ocean_has_shortcode":"","ocean_shortcode_after_title":"","ocean_shortcode_before_footer_widgets":"","ocean_shortcode_after_footer_widgets":"","ocean_shortcode_before_footer_bottom":"","ocean_shortcode_after_footer_bottom":"","ocean_display_top_bar":"default","ocean_display_header":"default","ocean_header_style":"","ocean_center_header_left_menu":"0","ocean_custom_header_template":"0","ocean_custom_logo":0,"ocean_custom_retina_logo":0,"ocean_custom_logo_max_width":0,"ocean_custom_logo_tablet_max_width":0,"ocean_custom_logo_mobile_max_width":0,"ocean_custom_logo_max_height":0,"ocean_custom_logo_tablet_max_height":0,"ocean_custom_logo_mobile_max_height":0,"ocean_header_custom_menu":"0","ocean_menu_typo_font_family":"0","ocean_menu_typo_font_subset":"","ocean_menu_typo_font_size":0,"ocean_menu_typo_font_size_tablet":0,"ocean_menu_typo_font_size_mobile":0,"ocean_menu_typo_font_size_unit":"px","ocean_menu_typo_font_weight":"","ocean_menu_typo_font_weight_tablet":"","ocean_menu_typo_font_weight_mobile":"","ocean_menu_typo_transform":"","ocean_menu_typo_transform_tablet":"","ocean_menu_typo_transform_mobile":"","ocean_menu_typo_line_height":0,"ocean_menu_typo_line_height_tablet":0,"ocean_menu_typo_line_height_mobile":0,"ocean_menu_typo_line_height_unit":"","ocean_menu_typo_spacing":0,"ocean_menu_typo_spacing_tablet":0,"ocean_menu_typo_spacing_mobile":0,"ocean_menu_typo_spacing_unit":"","ocean_menu_link_color":"","ocean_menu_link_color_hover":"","ocean_menu_link_color_active":"","ocean_menu_link_background":"","ocean_menu_link_hover_background":"","ocean_menu_link_active_background":"","ocean_menu_social_links_bg":"","ocean_menu_social_hover_links_bg":"","ocean_menu_social_links_color":"","ocean_menu_social_hover_links_color":"","ocean_disable_title":"on","ocean_disable_heading":"default","ocean_post_title":"","ocean_post_subheading":"","ocean_post_title_style":"","ocean_post_title_background_color":"","ocean_post_title_background":0,"ocean_post_title_bg_image_position":"","ocean_post_title_bg_image_attachment":"","ocean_post_title_bg_image_repeat":"","ocean_post_title_bg_image_size":"","ocean_post_title_height":0,"ocean_post_title_bg_overlay":0.5,"ocean_post_title_bg_overlay_color":"","ocean_disable_breadcrumbs":"off","ocean_breadcrumbs_color":"","ocean_breadcrumbs_separator_color":"","ocean_breadcrumbs_links_color":"","ocean_breadcrumbs_links_hover_color":"","ocean_display_footer_widgets":"default","ocean_display_footer_bottom":"default","ocean_custom_footer_template":"0","footnotes":""},"class_list":["post-6613","page","type-page","status-publish","hentry","entry"],"yoast_head":"<!-- This site is optimized with the Yoast SEO plugin v27.5 - https:\/\/yoast.com\/product\/yoast-seo-wordpress\/ -->\n<title>Digital Tag - HE-S - Digitalisierung aus einer Hand<\/title>\n<meta name=\"description\" content=\"Bei unserem 10-j\u00e4hrigen Jubil\u00e4um hatten wir mit unseren G\u00e4sten eine Menge Spa\u00df. Wir freuen uns schon, auf das n\u00e4chste Jubil\u00e4um.\" \/>\n<meta name=\"robots\" content=\"index, follow, max-snippet:-1, max-image-preview:large, max-video-preview:-1\" \/>\n<link rel=\"canonical\" href=\"https:\/\/he-s.com\/en\/agenda-he-s-digitaltag\/\" \/>\n<meta property=\"og:locale\" content=\"en_GB\" \/>\n<meta property=\"og:type\" content=\"article\" \/>\n<meta property=\"og:title\" content=\"Digital Tag - HE-S - Digitalisierung aus einer Hand\" \/>\n<meta property=\"og:description\" content=\"Bei unserem 10-j\u00e4hrigen Jubil\u00e4um hatten wir mit unseren G\u00e4sten eine Menge Spa\u00df. Wir freuen uns schon, auf das n\u00e4chste Jubil\u00e4um.\" \/>\n<meta property=\"og:url\" content=\"https:\/\/he-s.com\/en\/agenda-he-s-digitaltag\/\" \/>\n<meta property=\"og:site_name\" content=\"HE-S - Digitalisierung aus einer Hand\" \/>\n<meta property=\"article:modified_time\" content=\"2022-06-20T09:44:32+00:00\" \/>\n<meta property=\"og:image\" content=\"https:\/\/he-s.com\/wp-content\/uploads\/2022\/06\/20220620_Screenshot_Programm.png\" \/>\n<meta name=\"twitter:card\" content=\"summary_large_image\" \/>\n<meta name=\"twitter:label1\" content=\"Estimated reading time\" \/>\n\t<meta name=\"twitter:data1\" content=\"1 minute\" \/>\n<script type=\"application\/ld+json\" class=\"yoast-schema-graph\">{\"@context\":\"https:\\\/\\\/schema.org\",\"@graph\":[{\"@type\":\"WebPage\",\"@id\":\"https:\\\/\\\/he-s.com\\\/agenda-he-s-digitaltag\\\/\",\"url\":\"https:\\\/\\\/he-s.com\\\/agenda-he-s-digitaltag\\\/\",\"name\":\"Digital Tag - HE-S - Digitalisierung aus einer Hand\",\"isPartOf\":{\"@id\":\"https:\\\/\\\/he-s.com\\\/#website\"},\"primaryImageOfPage\":{\"@id\":\"https:\\\/\\\/he-s.com\\\/agenda-he-s-digitaltag\\\/#primaryimage\"},\"image\":{\"@id\":\"https:\\\/\\\/he-s.com\\\/agenda-he-s-digitaltag\\\/#primaryimage\"},\"thumbnailUrl\":\"https:\\\/\\\/he-s.com\\\/wp-content\\\/uploads\\\/2022\\\/06\\\/20220620_Screenshot_Programm.png\",\"datePublished\":\"2022-05-20T09:15:50+00:00\",\"dateModified\":\"2022-06-20T09:44:32+00:00\",\"description\":\"Bei unserem 10-j\u00e4hrigen Jubil\u00e4um hatten wir mit unseren G\u00e4sten eine Menge Spa\u00df. Wir freuen uns schon, auf das n\u00e4chste Jubil\u00e4um.\",\"breadcrumb\":{\"@id\":\"https:\\\/\\\/he-s.com\\\/agenda-he-s-digitaltag\\\/#breadcrumb\"},\"inLanguage\":\"en-GB\",\"potentialAction\":[{\"@type\":\"ReadAction\",\"target\":[\"https:\\\/\\\/he-s.com\\\/agenda-he-s-digitaltag\\\/\"]}]},{\"@type\":\"ImageObject\",\"inLanguage\":\"en-GB\",\"@id\":\"https:\\\/\\\/he-s.com\\\/agenda-he-s-digitaltag\\\/#primaryimage\",\"url\":\"https:\\\/\\\/he-s.com\\\/wp-content\\\/uploads\\\/2022\\\/06\\\/20220620_Screenshot_Programm.png\",\"contentUrl\":\"https:\\\/\\\/he-s.com\\\/wp-content\\\/uploads\\\/2022\\\/06\\\/20220620_Screenshot_Programm.png\"},{\"@type\":\"BreadcrumbList\",\"@id\":\"https:\\\/\\\/he-s.com\\\/agenda-he-s-digitaltag\\\/#breadcrumb\",\"itemListElement\":[{\"@type\":\"ListItem\",\"position\":1,\"name\":\"Startseite\",\"item\":\"https:\\\/\\\/he-s.com\\\/\"},{\"@type\":\"ListItem\",\"position\":2,\"name\":\"Agenda HE-S Digitaltag\"}]},{\"@type\":\"WebSite\",\"@id\":\"https:\\\/\\\/he-s.com\\\/#website\",\"url\":\"https:\\\/\\\/he-s.com\\\/\",\"name\":\"HE-S - Digitalisierung aus einer Hand\",\"description\":\"Deine innovative Aufgabenorganisation\",\"publisher\":{\"@id\":\"https:\\\/\\\/he-s.com\\\/#organization\"},\"potentialAction\":[{\"@type\":\"SearchAction\",\"target\":{\"@type\":\"EntryPoint\",\"urlTemplate\":\"https:\\\/\\\/he-s.com\\\/?s={search_term_string}\"},\"query-input\":{\"@type\":\"PropertyValueSpecification\",\"valueRequired\":true,\"valueName\":\"search_term_string\"}}],\"inLanguage\":\"en-GB\"},{\"@type\":\"Organization\",\"@id\":\"https:\\\/\\\/he-s.com\\\/#organization\",\"name\":\"HE-S - Digitalisierung aus einer Hand\",\"url\":\"https:\\\/\\\/he-s.com\\\/\",\"logo\":{\"@type\":\"ImageObject\",\"inLanguage\":\"en-GB\",\"@id\":\"https:\\\/\\\/he-s.com\\\/#\\\/schema\\\/logo\\\/image\\\/\",\"url\":\"https:\\\/\\\/he-s.com\\\/wp-content\\\/uploads\\\/2022\\\/03\\\/cropped-20191019_Logo_Kreis_HE-S_cmyk_orange-removebg-preview-1.png\",\"contentUrl\":\"https:\\\/\\\/he-s.com\\\/wp-content\\\/uploads\\\/2022\\\/03\\\/cropped-20191019_Logo_Kreis_HE-S_cmyk_orange-removebg-preview-1.png\",\"width\":499,\"height\":500,\"caption\":\"HE-S - Digitalisierung aus einer Hand\"},\"image\":{\"@id\":\"https:\\\/\\\/he-s.com\\\/#\\\/schema\\\/logo\\\/image\\\/\"}}]}<\/script>\n<!-- \/ Yoast SEO plugin. -->","yoast_head_json":{"title":"Digital Tag - HE-S - Digitalisierung aus einer Hand","description":"Bei unserem 10-j\u00e4hrigen Jubil\u00e4um hatten wir mit unseren G\u00e4sten eine Menge Spa\u00df. Wir freuen uns schon, auf das n\u00e4chste Jubil\u00e4um.","robots":{"index":"index","follow":"follow","max-snippet":"max-snippet:-1","max-image-preview":"max-image-preview:large","max-video-preview":"max-video-preview:-1"},"canonical":"https:\/\/he-s.com\/en\/agenda-he-s-digitaltag\/","og_locale":"en_GB","og_type":"article","og_title":"Digital Tag - HE-S - Digitalisierung aus einer Hand","og_description":"Bei unserem 10-j\u00e4hrigen Jubil\u00e4um hatten wir mit unseren G\u00e4sten eine Menge Spa\u00df. Wir freuen uns schon, auf das n\u00e4chste Jubil\u00e4um.","og_url":"https:\/\/he-s.com\/en\/agenda-he-s-digitaltag\/","og_site_name":"HE-S - Digitalisierung aus einer Hand","article_modified_time":"2022-06-20T09:44:32+00:00","og_image":[{"url":"https:\/\/he-s.com\/wp-content\/uploads\/2022\/06\/20220620_Screenshot_Programm.png","type":"","width":"","height":""}],"twitter_card":"summary_large_image","twitter_misc":{"Estimated reading time":"1 minute"},"schema":{"@context":"https:\/\/schema.org","@graph":[{"@type":"WebPage","@id":"https:\/\/he-s.com\/agenda-he-s-digitaltag\/","url":"https:\/\/he-s.com\/agenda-he-s-digitaltag\/","name":"Digital Tag - HE-S - Digitalisierung aus einer Hand","isPartOf":{"@id":"https:\/\/he-s.com\/#website"},"primaryImageOfPage":{"@id":"https:\/\/he-s.com\/agenda-he-s-digitaltag\/#primaryimage"},"image":{"@id":"https:\/\/he-s.com\/agenda-he-s-digitaltag\/#primaryimage"},"thumbnailUrl":"https:\/\/he-s.com\/wp-content\/uploads\/2022\/06\/20220620_Screenshot_Programm.png","datePublished":"2022-05-20T09:15:50+00:00","dateModified":"2022-06-20T09:44:32+00:00","description":"Bei unserem 10-j\u00e4hrigen Jubil\u00e4um hatten wir mit unseren G\u00e4sten eine Menge Spa\u00df. Wir freuen uns schon, auf das n\u00e4chste Jubil\u00e4um.","breadcrumb":{"@id":"https:\/\/he-s.com\/agenda-he-s-digitaltag\/#breadcrumb"},"inLanguage":"en-GB","potentialAction":[{"@type":"ReadAction","target":["https:\/\/he-s.com\/agenda-he-s-digitaltag\/"]}]},{"@type":"ImageObject","inLanguage":"en-GB","@id":"https:\/\/he-s.com\/agenda-he-s-digitaltag\/#primaryimage","url":"https:\/\/he-s.com\/wp-content\/uploads\/2022\/06\/20220620_Screenshot_Programm.png","contentUrl":"https:\/\/he-s.com\/wp-content\/uploads\/2022\/06\/20220620_Screenshot_Programm.png"},{"@type":"BreadcrumbList","@id":"https:\/\/he-s.com\/agenda-he-s-digitaltag\/#breadcrumb","itemListElement":[{"@type":"ListItem","position":1,"name":"Startseite","item":"https:\/\/he-s.com\/"},{"@type":"ListItem","position":2,"name":"Agenda HE-S Digitaltag"}]},{"@type":"WebSite","@id":"https:\/\/he-s.com\/#website","url":"https:\/\/he-s.com\/","name":"HE-S - Digitalisierung aus einer Hand","description":"Deine innovative Aufgabenorganisation","publisher":{"@id":"https:\/\/he-s.com\/#organization"},"potentialAction":[{"@type":"SearchAction","target":{"@type":"EntryPoint","urlTemplate":"https:\/\/he-s.com\/?s={search_term_string}"},"query-input":{"@type":"PropertyValueSpecification","valueRequired":true,"valueName":"search_term_string"}}],"inLanguage":"en-GB"},{"@type":"Organization","@id":"https:\/\/he-s.com\/#organization","name":"HE-S - Digitalisierung aus einer Hand","url":"https:\/\/he-s.com\/","logo":{"@type":"ImageObject","inLanguage":"en-GB","@id":"https:\/\/he-s.com\/#\/schema\/logo\/image\/","url":"https:\/\/he-s.com\/wp-content\/uploads\/2022\/03\/cropped-20191019_Logo_Kreis_HE-S_cmyk_orange-removebg-preview-1.png","contentUrl":"https:\/\/he-s.com\/wp-content\/uploads\/2022\/03\/cropped-20191019_Logo_Kreis_HE-S_cmyk_orange-removebg-preview-1.png","width":499,"height":500,"caption":"HE-S - Digitalisierung aus einer Hand"},"image":{"@id":"https:\/\/he-s.com\/#\/schema\/logo\/image\/"}}]}},"_links":{"self":[{"href":"https:\/\/he-s.com\/en\/wp-json\/wp\/v2\/pages\/6613","targetHints":{"allow":["GET"]}}],"collection":[{"href":"https:\/\/he-s.com\/en\/wp-json\/wp\/v2\/pages"}],"about":[{"href":"https:\/\/he-s.com\/en\/wp-json\/wp\/v2\/types\/page"}],"author":[{"embeddable":true,"href":"https:\/\/he-s.com\/en\/wp-json\/wp\/v2\/users\/1"}],"replies":[{"embeddable":true,"href":"https:\/\/he-s.com\/en\/wp-json\/wp\/v2\/comments?post=6613"}],"version-history":[{"count":32,"href":"https:\/\/he-s.com\/en\/wp-json\/wp\/v2\/pages\/6613\/revisions"}],"predecessor-version":[{"id":6903,"href":"https:\/\/he-s.com\/en\/wp-json\/wp\/v2\/pages\/6613\/revisions\/6903"}],"wp:attachment":[{"href":"https:\/\/he-s.com\/en\/wp-json\/wp\/v2\/media?parent=6613"}],"curies":[{"name":"wp","href":"https:\/\/api.w.org\/{rel}","templated":true}]}}