{"id":7561,"date":"2023-08-29T08:43:45","date_gmt":"2023-08-29T07:43:45","guid":{"rendered":"https:\/\/he-s.com\/?page_id=7561"},"modified":"2023-09-04T08:27:37","modified_gmt":"2023-09-04T07:27:37","slug":"dokumentenmanagement-fuer-sap-systeme-artec-und-he-s-schliessen-strategische-partnerschaft","status":"publish","type":"page","link":"https:\/\/he-s.com\/en\/dokumentenmanagement-fuer-sap-systeme-artec-und-he-s-schliessen-strategische-partnerschaft\/","title":{"rendered":"Dokumentenmanagement f\u00fcr SAP-Systeme: ARTEC und HE-S schlie\u00dfen strategische Partnerschaft"},"content":{"rendered":"<div data-elementor-type=\"wp-page\" data-elementor-id=\"7561\" class=\"elementor elementor-7561\">\n\t\t\t\t\t\t<section class=\"elementor-section elementor-top-section elementor-element elementor-element-4fbc29e elementor-section-full_width elementor-section-height-min-height elementor-section-height-default elementor-section-items-middle\" data-id=\"4fbc29e\" data-element_type=\"section\" data-e-type=\"section\" data-settings=\"{&quot;background_background&quot;:&quot;classic&quot;}\">\n\t\t\t\t\t\t\t<div class=\"elementor-background-overlay\"><\/div>\n\t\t\t\t\t\t\t<div class=\"elementor-container elementor-column-gap-default\">\n\t\t\t\t\t<div class=\"elementor-column elementor-col-100 elementor-top-column elementor-element elementor-element-1071df7\" data-id=\"1071df7\" data-element_type=\"column\" data-e-type=\"column\">\n\t\t\t<div class=\"elementor-widget-wrap elementor-element-populated\">\n\t\t\t\t\t\t<div class=\"elementor-element elementor-element-05c6e17 elementor-widget elementor-widget-heading\" data-id=\"05c6e17\" data-element_type=\"widget\" data-e-type=\"widget\" data-widget_type=\"heading.default\">\n\t\t\t\t<div class=\"elementor-widget-container\">\n\t\t\t\t\t<h2 class=\"elementor-heading-title elementor-size-default\">04. September 2023<\/h2>\t\t\t\t<\/div>\n\t\t\t\t<\/div>\n\t\t\t\t\t<\/div>\n\t\t<\/div>\n\t\t\t\t\t<\/div>\n\t\t<\/section>\n\t\t\t\t<section class=\"elementor-section elementor-top-section elementor-element elementor-element-d559a60 elementor-section-boxed elementor-section-height-default elementor-section-height-default\" data-id=\"d559a60\" data-element_type=\"section\" data-e-type=\"section\">\n\t\t\t\t\t\t<div class=\"elementor-container elementor-column-gap-default\">\n\t\t\t\t\t<div class=\"elementor-column elementor-col-100 elementor-top-column elementor-element elementor-element-6b84813\" data-id=\"6b84813\" data-element_type=\"column\" data-e-type=\"column\">\n\t\t\t<div class=\"elementor-widget-wrap elementor-element-populated\">\n\t\t\t\t\t\t<div class=\"elementor-element elementor-element-88502f4 elementor-widget elementor-widget-spacer\" data-id=\"88502f4\" data-element_type=\"widget\" data-e-type=\"widget\" data-widget_type=\"spacer.default\">\n\t\t\t\t<div class=\"elementor-widget-container\">\n\t\t\t\t\t\t\t<div class=\"elementor-spacer\">\n\t\t\t<div class=\"elementor-spacer-inner\"><\/div>\n\t\t<\/div>\n\t\t\t\t\t\t<\/div>\n\t\t\t\t<\/div>\n\t\t\t\t<div class=\"elementor-element elementor-element-16a8c271 elementor-widget elementor-widget-heading\" data-id=\"16a8c271\" data-element_type=\"widget\" data-e-type=\"widget\" data-widget_type=\"heading.default\">\n\t\t\t\t<div class=\"elementor-widget-container\">\n\t\t\t\t\t<h1 class=\"elementor-heading-title elementor-size-default\">Dokumentenmanagement f\u00fcr SAP-Systeme: ARTEC und HE-S schlie\u00dfen strategische Partnerschaft <\/h1>\t\t\t\t<\/div>\n\t\t\t\t<\/div>\n\t\t\t\t\t<\/div>\n\t\t<\/div>\n\t\t\t\t\t<\/div>\n\t\t<\/section>\n\t\t\t\t<section class=\"elementor-section elementor-top-section elementor-element elementor-element-7cf11189 elementor-section-height-min-height elementor-section-full_width elementor-section-items-stretch elementor-reverse-mobile elementor-section-height-default\" data-id=\"7cf11189\" data-element_type=\"section\" data-e-type=\"section\" data-settings=\"{&quot;background_background&quot;:&quot;video&quot;,&quot;background_video_link&quot;:&quot;https:\\\/\\\/www.youtube.com\\\/watch?v=pWZ0TkNsC-Y&quot;,&quot;background_video_start&quot;:15}\">\n\t\t\t\t\t\t\t\t<div class=\"elementor-background-video-container elementor-hidden-mobile\">\n\t\t\t\t\t\t\t\t\t\t\t\t\t<div class=\"elementor-background-video-embed\" role=\"presentation\"><\/div>\n\t\t\t\t\t\t\t\t\t\t\t\t<\/div>\n\t\t\t\t\t\t\t\t\t<div class=\"elementor-background-overlay\"><\/div>\n\t\t\t\t\t\t\t<div class=\"elementor-container elementor-column-gap-no\">\n\t\t\t\t\t<div class=\"elementor-column elementor-col-50 elementor-top-column elementor-element elementor-element-769a2373\" data-id=\"769a2373\" data-element_type=\"column\" data-e-type=\"column\" data-settings=\"{&quot;background_background&quot;:&quot;classic&quot;}\">\n\t\t\t<div class=\"elementor-widget-wrap elementor-element-populated\">\n\t\t\t\t\t\t<section class=\"elementor-section elementor-inner-section elementor-element elementor-element-29835722 elementor-section-boxed elementor-section-height-default elementor-section-height-default\" data-id=\"29835722\" data-element_type=\"section\" data-e-type=\"section\">\n\t\t\t\t\t\t<div class=\"elementor-container elementor-column-gap-default\">\n\t\t\t\t\t<div class=\"elementor-column elementor-col-100 elementor-inner-column elementor-element elementor-element-652ea18e\" data-id=\"652ea18e\" data-element_type=\"column\" data-e-type=\"column\">\n\t\t\t<div class=\"elementor-widget-wrap elementor-element-populated\">\n\t\t\t\t\t\t<div class=\"elementor-element elementor-element-7f278cbe elementor-widget elementor-widget-spacer\" data-id=\"7f278cbe\" data-element_type=\"widget\" data-e-type=\"widget\" data-widget_type=\"spacer.default\">\n\t\t\t\t<div class=\"elementor-widget-container\">\n\t\t\t\t\t\t\t<div class=\"elementor-spacer\">\n\t\t\t<div class=\"elementor-spacer-inner\"><\/div>\n\t\t<\/div>\n\t\t\t\t\t\t<\/div>\n\t\t\t\t<\/div>\n\t\t\t\t<div class=\"elementor-element elementor-element-4146df91 elementor-widget elementor-widget-heading\" data-id=\"4146df91\" data-element_type=\"widget\" data-e-type=\"widget\" data-widget_type=\"heading.default\">\n\t\t\t\t<div class=\"elementor-widget-container\">\n\t\t\t\t\t<h2 class=\"elementor-heading-title elementor-size-default\">ARTEC IT Solutions und HE-S geben den Abschluss einer strategischen Partnerschaft bekannt. <\/h2>\t\t\t\t<\/div>\n\t\t\t\t<\/div>\n\t\t\t\t<div class=\"elementor-element elementor-element-7ce73c88 elementor-widget elementor-widget-spacer\" data-id=\"7ce73c88\" data-element_type=\"widget\" data-e-type=\"widget\" data-widget_type=\"spacer.default\">\n\t\t\t\t<div class=\"elementor-widget-container\">\n\t\t\t\t\t\t\t<div class=\"elementor-spacer\">\n\t\t\t<div class=\"elementor-spacer-inner\"><\/div>\n\t\t<\/div>\n\t\t\t\t\t\t<\/div>\n\t\t\t\t<\/div>\n\t\t\t\t<div class=\"elementor-element elementor-element-3f67b327 elementor-widget elementor-widget-text-editor\" data-id=\"3f67b327\" data-element_type=\"widget\" data-e-type=\"widget\" data-widget_type=\"text-editor.default\">\n\t\t\t\t<div class=\"elementor-widget-container\">\n\t\t\t\t\t\t\t\t\t<p>Beide Unternehmen b\u00fcndeln ihre Kompetenzen im Bereich Dokumentenmanagement f\u00fcr SAP-Systeme, um ihren Kunden ein noch umfassenderes und effizienteres Leistungsspektrum bieten zu k\u00f6nnen.<\/p><p><a href=\"https:\/\/www.artec-it.de\/de\/Default.aspx\">ARTEC IT Solutions<\/a>\u00a0besch\u00e4ftigt sich als f\u00fchrender Hersteller seit fast 30 Jahren mit umfassenden L\u00f6sungen im Bereich Datenmanagement und Datensicherheit. Die L\u00f6sungen von ARTEC decken s\u00e4mtliche Aspekte von der Erfassung \u00fcber die effiziente Nutzung bis hin zur sicheren Speicherung und rechtskonformen Archivierung relevanter Unternehmensdaten ab. Mit Hauptsitz in Deutschland und weiteren Standorten in den USA und Korea ist ARTEC global pr\u00e4sent.<\/p><p>HE-S Digital Managementbegleitet Unternehmen bei der Digitalisierung ihrer Gesch\u00e4ftsprozesse. Als Spezialist f\u00fcr Integrationen und Prozessmanagement bietet HE-S eine Rundumberatung. Insbesondere im SAP-Umfeld verf\u00fcgt das Unternehmen \u00fcber fundierte Kenntnisse und langj\u00e4hrige Erfahrung.<\/p><p>\u201eDie St\u00e4rken und Kompetenzen von HE-S im SAP-Umfeld erg\u00e4nzen sich optimal mit unseren L\u00f6sungen f\u00fcr das effiziente Management und die sichere Aufbewahrung und Archivierung von Daten\u201c, erkl\u00e4rt Jerry J. Artishdad, Gesch\u00e4ftsf\u00fchrer der ARTEC IT Solutions GmbH. \u201eWir sind sehr stolz auf diese neue Partnerschaft und davon \u00fcberzeugt, damit gro\u00dfen Mehrwert f\u00fcr gemeinsame Kunden erzielen zu k\u00f6nnen.\u201c<\/p><p>Kunden von ARTEC und HE-S profitieren zuk\u00fcnftig von einer aufeinander abgestimmten Palette an L\u00f6sungen und Dienstleistungen in den Bereichen Dokumentenmanagement, Datensicherheit und rechtskonforme Archivierung f\u00fcr SAP-Systeme. Die geb\u00fcndelte Fachkompetenz erm\u00f6glicht es, ma\u00dfgeschneiderte Beratung und L\u00f6sungen anzubieten, die auf die individuellen Anforderungen der Kunden zugeschnitten sind.<\/p><p>\u201eDie L\u00f6sungen von ARTEC haben sich in Kundenprojekten bereits bew\u00e4hrt\u201c, sagt Rinaldo Heck, Gesch\u00e4ftsf\u00fchrer der HE-S Digital Management GmbH. \u201eGerade vor dem Hintergrund der in vielen Unternehmen derzeit bevorstehenden Migrationen zu S\/4HANA sind wir durch die strategische Partnerschaft in der Lage, Kunden leistungsf\u00e4hige und effiziente, gleichzeitig aber wirtschaftlich sinnvolle und bezahlbare L\u00f6sungen anzubieten, mit denen wir sie auf diesem Weg optimal begleiten k\u00f6nnen.\u201c<\/p>\t\t\t\t\t\t\t\t<\/div>\n\t\t\t\t<\/div>\n\t\t\t\t\t<\/div>\n\t\t<\/div>\n\t\t\t\t\t<\/div>\n\t\t<\/section>\n\t\t\t\t\t<\/div>\n\t\t<\/div>\n\t\t\t\t<div class=\"elementor-column elementor-col-50 elementor-top-column elementor-element elementor-element-3b3b68d9\" data-id=\"3b3b68d9\" data-element_type=\"column\" data-e-type=\"column\" data-settings=\"{&quot;background_background&quot;:&quot;classic&quot;}\">\n\t\t\t<div class=\"elementor-widget-wrap elementor-element-populated\">\n\t\t\t\t\t<div class=\"elementor-background-overlay\"><\/div>\n\t\t\t\t\t\t<div class=\"elementor-element elementor-element-4639a7eb elementor-widget elementor-widget-image\" data-id=\"4639a7eb\" data-element_type=\"widget\" data-e-type=\"widget\" data-widget_type=\"image.default\">\n\t\t\t\t<div class=\"elementor-widget-container\">\n\t\t\t\t\t\t\t\t\t\t\t\t\t\t\t<img fetchpriority=\"high\" decoding=\"async\" width=\"768\" height=\"644\" src=\"https:\/\/he-s.com\/wp-content\/uploads\/2023\/09\/20230901_Partnerschaft_Artec-768x644.png\" class=\"attachment-medium_large size-medium_large wp-image-7578\" alt=\"\" srcset=\"https:\/\/he-s.com\/wp-content\/uploads\/2023\/09\/20230901_Partnerschaft_Artec-768x644.png 768w, https:\/\/he-s.com\/wp-content\/uploads\/2023\/09\/20230901_Partnerschaft_Artec-300x251.png 300w, https:\/\/he-s.com\/wp-content\/uploads\/2023\/09\/20230901_Partnerschaft_Artec-14x12.png 14w, https:\/\/he-s.com\/wp-content\/uploads\/2023\/09\/20230901_Partnerschaft_Artec.png 940w\" sizes=\"(max-width: 768px) 100vw, 768px\" \/>\t\t\t\t\t\t\t\t\t\t\t\t\t\t\t<\/div>\n\t\t\t\t<\/div>\n\t\t\t\t\t<\/div>\n\t\t<\/div>\n\t\t\t\t\t<\/div>\n\t\t<\/section>\n\t\t\t\t<\/div>","protected":false},"excerpt":{"rendered":"<p>04. September 2023 Dokumentenmanagement f\u00fcr SAP-Systeme: ARTEC und HE-S schlie\u00dfen strategische Partnerschaft ARTEC IT Solutions und HE-S geben den Abschluss einer strategischen Partnerschaft bekannt. Beide Unternehmen b\u00fcndeln ihre Kompetenzen im Bereich Dokumentenmanagement f\u00fcr SAP-Systeme, um ihren Kunden ein noch umfassenderes und effizienteres Leistungsspektrum bieten zu k\u00f6nnen. ARTEC IT Solutions\u00a0besch\u00e4ftigt sich als f\u00fchrender Hersteller seit fast [&hellip;]<\/p>\n","protected":false},"author":1,"featured_media":0,"parent":0,"menu_order":0,"comment_status":"closed","ping_status":"closed","template":"","meta":{"ocean_post_layout":"full-screen","ocean_both_sidebars_style":"","ocean_both_sidebars_content_width":0,"ocean_both_sidebars_sidebars_width":0,"ocean_sidebar":"0","ocean_second_sidebar":"0","ocean_disable_margins":"enable","ocean_add_body_class":"","ocean_shortcode_before_top_bar":"","ocean_shortcode_after_top_bar":"","ocean_shortcode_before_header":"","ocean_shortcode_after_header":"","ocean_has_shortcode":"","ocean_shortcode_after_title":"","ocean_shortcode_before_footer_widgets":"","ocean_shortcode_after_footer_widgets":"","ocean_shortcode_before_footer_bottom":"","ocean_shortcode_after_footer_bottom":"","ocean_display_top_bar":"default","ocean_display_header":"default","ocean_header_style":"","ocean_center_header_left_menu":"0","ocean_custom_header_template":"0","ocean_custom_logo":0,"ocean_custom_retina_logo":0,"ocean_custom_logo_max_width":0,"ocean_custom_logo_tablet_max_width":0,"ocean_custom_logo_mobile_max_width":0,"ocean_custom_logo_max_height":0,"ocean_custom_logo_tablet_max_height":0,"ocean_custom_logo_mobile_max_height":0,"ocean_header_custom_menu":"0","ocean_menu_typo_font_family":"0","ocean_menu_typo_font_subset":"","ocean_menu_typo_font_size":0,"ocean_menu_typo_font_size_tablet":0,"ocean_menu_typo_font_size_mobile":0,"ocean_menu_typo_font_size_unit":"px","ocean_menu_typo_font_weight":"","ocean_menu_typo_font_weight_tablet":"","ocean_menu_typo_font_weight_mobile":"","ocean_menu_typo_transform":"","ocean_menu_typo_transform_tablet":"","ocean_menu_typo_transform_mobile":"","ocean_menu_typo_line_height":0,"ocean_menu_typo_line_height_tablet":0,"ocean_menu_typo_line_height_mobile":0,"ocean_menu_typo_line_height_unit":"","ocean_menu_typo_spacing":0,"ocean_menu_typo_spacing_tablet":0,"ocean_menu_typo_spacing_mobile":0,"ocean_menu_typo_spacing_unit":"","ocean_menu_link_color":"","ocean_menu_link_color_hover":"","ocean_menu_link_color_active":"","ocean_menu_link_background":"","ocean_menu_link_hover_background":"","ocean_menu_link_active_background":"","ocean_menu_social_links_bg":"","ocean_menu_social_hover_links_bg":"","ocean_menu_social_links_color":"","ocean_menu_social_hover_links_color":"","ocean_disable_title":"on","ocean_disable_heading":"default","ocean_post_title":"","ocean_post_subheading":"","ocean_post_title_style":"","ocean_post_title_background_color":"","ocean_post_title_background":0,"ocean_post_title_bg_image_position":"","ocean_post_title_bg_image_attachment":"","ocean_post_title_bg_image_repeat":"","ocean_post_title_bg_image_size":"","ocean_post_title_height":0,"ocean_post_title_bg_overlay":0.5,"ocean_post_title_bg_overlay_color":"","ocean_disable_breadcrumbs":"off","ocean_breadcrumbs_color":"","ocean_breadcrumbs_separator_color":"","ocean_breadcrumbs_links_color":"","ocean_breadcrumbs_links_hover_color":"","ocean_display_footer_widgets":"default","ocean_display_footer_bottom":"default","ocean_custom_footer_template":"0","footnotes":""},"class_list":["post-7561","page","type-page","status-publish","hentry","entry"],"yoast_head":"<!-- This site is optimized with the Yoast SEO plugin v27.3 - https:\/\/yoast.com\/product\/yoast-seo-wordpress\/ -->\n<title>Pressemitteilung September 2023 - HE-S - Digitalisierung aus einer Hand<\/title>\n<meta name=\"description\" content=\"Diese Partnerschaft b\u00fcndelt die Kompetenzen im Dokumentenmanagement f\u00fcr SAP-Systeme, um Kunden in diesem Bereich noch besser zu bedienen.\" \/>\n<meta name=\"robots\" content=\"index, follow, max-snippet:-1, max-image-preview:large, max-video-preview:-1\" \/>\n<link rel=\"canonical\" href=\"https:\/\/he-s.com\/en\/dokumentenmanagement-fuer-sap-systeme-artec-und-he-s-schliessen-strategische-partnerschaft\/\" \/>\n<meta property=\"og:locale\" content=\"en_GB\" \/>\n<meta property=\"og:type\" content=\"article\" \/>\n<meta property=\"og:title\" content=\"Pressemitteilung September 2023 - HE-S - Digitalisierung aus einer Hand\" \/>\n<meta property=\"og:description\" content=\"Diese Partnerschaft b\u00fcndelt die Kompetenzen im Dokumentenmanagement f\u00fcr SAP-Systeme, um Kunden in diesem Bereich noch besser zu bedienen.\" \/>\n<meta property=\"og:url\" content=\"https:\/\/he-s.com\/en\/dokumentenmanagement-fuer-sap-systeme-artec-und-he-s-schliessen-strategische-partnerschaft\/\" \/>\n<meta property=\"og:site_name\" content=\"HE-S - Digitalisierung aus einer Hand\" \/>\n<meta property=\"article:modified_time\" content=\"2023-09-04T07:27:37+00:00\" \/>\n<meta property=\"og:image\" content=\"https:\/\/he-s.com\/wp-content\/uploads\/2023\/09\/20230901_Partnerschaft_Artec-768x644.png\" \/>\n<meta name=\"twitter:card\" content=\"summary_large_image\" \/>\n<meta name=\"twitter:label1\" content=\"Estimated reading time\" \/>\n\t<meta name=\"twitter:data1\" content=\"2 minutes\" \/>\n<script type=\"application\/ld+json\" class=\"yoast-schema-graph\">{\"@context\":\"https:\\\/\\\/schema.org\",\"@graph\":[{\"@type\":\"WebPage\",\"@id\":\"https:\\\/\\\/he-s.com\\\/dokumentenmanagement-fuer-sap-systeme-artec-und-he-s-schliessen-strategische-partnerschaft\\\/\",\"url\":\"https:\\\/\\\/he-s.com\\\/dokumentenmanagement-fuer-sap-systeme-artec-und-he-s-schliessen-strategische-partnerschaft\\\/\",\"name\":\"Pressemitteilung September 2023 - HE-S - Digitalisierung aus einer Hand\",\"isPartOf\":{\"@id\":\"https:\\\/\\\/he-s.com\\\/#website\"},\"primaryImageOfPage\":{\"@id\":\"https:\\\/\\\/he-s.com\\\/dokumentenmanagement-fuer-sap-systeme-artec-und-he-s-schliessen-strategische-partnerschaft\\\/#primaryimage\"},\"image\":{\"@id\":\"https:\\\/\\\/he-s.com\\\/dokumentenmanagement-fuer-sap-systeme-artec-und-he-s-schliessen-strategische-partnerschaft\\\/#primaryimage\"},\"thumbnailUrl\":\"https:\\\/\\\/he-s.com\\\/wp-content\\\/uploads\\\/2023\\\/09\\\/20230901_Partnerschaft_Artec-768x644.png\",\"datePublished\":\"2023-08-29T07:43:45+00:00\",\"dateModified\":\"2023-09-04T07:27:37+00:00\",\"description\":\"Diese Partnerschaft b\u00fcndelt die Kompetenzen im Dokumentenmanagement f\u00fcr SAP-Systeme, um Kunden in diesem Bereich noch besser zu bedienen.\",\"breadcrumb\":{\"@id\":\"https:\\\/\\\/he-s.com\\\/dokumentenmanagement-fuer-sap-systeme-artec-und-he-s-schliessen-strategische-partnerschaft\\\/#breadcrumb\"},\"inLanguage\":\"en-GB\",\"potentialAction\":[{\"@type\":\"ReadAction\",\"target\":[\"https:\\\/\\\/he-s.com\\\/dokumentenmanagement-fuer-sap-systeme-artec-und-he-s-schliessen-strategische-partnerschaft\\\/\"]}]},{\"@type\":\"ImageObject\",\"inLanguage\":\"en-GB\",\"@id\":\"https:\\\/\\\/he-s.com\\\/dokumentenmanagement-fuer-sap-systeme-artec-und-he-s-schliessen-strategische-partnerschaft\\\/#primaryimage\",\"url\":\"https:\\\/\\\/he-s.com\\\/wp-content\\\/uploads\\\/2023\\\/09\\\/20230901_Partnerschaft_Artec-768x644.png\",\"contentUrl\":\"https:\\\/\\\/he-s.com\\\/wp-content\\\/uploads\\\/2023\\\/09\\\/20230901_Partnerschaft_Artec-768x644.png\"},{\"@type\":\"BreadcrumbList\",\"@id\":\"https:\\\/\\\/he-s.com\\\/dokumentenmanagement-fuer-sap-systeme-artec-und-he-s-schliessen-strategische-partnerschaft\\\/#breadcrumb\",\"itemListElement\":[{\"@type\":\"ListItem\",\"position\":1,\"name\":\"Startseite\",\"item\":\"https:\\\/\\\/he-s.com\\\/\"},{\"@type\":\"ListItem\",\"position\":2,\"name\":\"Dokumentenmanagement f\u00fcr SAP-Systeme: ARTEC und HE-S schlie\u00dfen strategische Partnerschaft\"}]},{\"@type\":\"WebSite\",\"@id\":\"https:\\\/\\\/he-s.com\\\/#website\",\"url\":\"https:\\\/\\\/he-s.com\\\/\",\"name\":\"HE-S - Digitalisierung aus einer Hand\",\"description\":\"Deine innovative Aufgabenorganisation\",\"publisher\":{\"@id\":\"https:\\\/\\\/he-s.com\\\/#organization\"},\"potentialAction\":[{\"@type\":\"SearchAction\",\"target\":{\"@type\":\"EntryPoint\",\"urlTemplate\":\"https:\\\/\\\/he-s.com\\\/?s={search_term_string}\"},\"query-input\":{\"@type\":\"PropertyValueSpecification\",\"valueRequired\":true,\"valueName\":\"search_term_string\"}}],\"inLanguage\":\"en-GB\"},{\"@type\":\"Organization\",\"@id\":\"https:\\\/\\\/he-s.com\\\/#organization\",\"name\":\"HE-S - Digitalisierung aus einer Hand\",\"url\":\"https:\\\/\\\/he-s.com\\\/\",\"logo\":{\"@type\":\"ImageObject\",\"inLanguage\":\"en-GB\",\"@id\":\"https:\\\/\\\/he-s.com\\\/#\\\/schema\\\/logo\\\/image\\\/\",\"url\":\"https:\\\/\\\/he-s.com\\\/wp-content\\\/uploads\\\/2022\\\/03\\\/cropped-20191019_Logo_Kreis_HE-S_cmyk_orange-removebg-preview-1.png\",\"contentUrl\":\"https:\\\/\\\/he-s.com\\\/wp-content\\\/uploads\\\/2022\\\/03\\\/cropped-20191019_Logo_Kreis_HE-S_cmyk_orange-removebg-preview-1.png\",\"width\":499,\"height\":500,\"caption\":\"HE-S - Digitalisierung aus einer Hand\"},\"image\":{\"@id\":\"https:\\\/\\\/he-s.com\\\/#\\\/schema\\\/logo\\\/image\\\/\"}}]}<\/script>\n<!-- \/ Yoast SEO plugin. -->","yoast_head_json":{"title":"Pressemitteilung September 2023 - HE-S - Digitalisierung aus einer Hand","description":"Diese Partnerschaft b\u00fcndelt die Kompetenzen im Dokumentenmanagement f\u00fcr SAP-Systeme, um Kunden in diesem Bereich noch besser zu bedienen.","robots":{"index":"index","follow":"follow","max-snippet":"max-snippet:-1","max-image-preview":"max-image-preview:large","max-video-preview":"max-video-preview:-1"},"canonical":"https:\/\/he-s.com\/en\/dokumentenmanagement-fuer-sap-systeme-artec-und-he-s-schliessen-strategische-partnerschaft\/","og_locale":"en_GB","og_type":"article","og_title":"Pressemitteilung September 2023 - HE-S - Digitalisierung aus einer Hand","og_description":"Diese Partnerschaft b\u00fcndelt die Kompetenzen im Dokumentenmanagement f\u00fcr SAP-Systeme, um Kunden in diesem Bereich noch besser zu bedienen.","og_url":"https:\/\/he-s.com\/en\/dokumentenmanagement-fuer-sap-systeme-artec-und-he-s-schliessen-strategische-partnerschaft\/","og_site_name":"HE-S - Digitalisierung aus einer Hand","article_modified_time":"2023-09-04T07:27:37+00:00","og_image":[{"url":"https:\/\/he-s.com\/wp-content\/uploads\/2023\/09\/20230901_Partnerschaft_Artec-768x644.png","type":"","width":"","height":""}],"twitter_card":"summary_large_image","twitter_misc":{"Estimated reading time":"2 minutes"},"schema":{"@context":"https:\/\/schema.org","@graph":[{"@type":"WebPage","@id":"https:\/\/he-s.com\/dokumentenmanagement-fuer-sap-systeme-artec-und-he-s-schliessen-strategische-partnerschaft\/","url":"https:\/\/he-s.com\/dokumentenmanagement-fuer-sap-systeme-artec-und-he-s-schliessen-strategische-partnerschaft\/","name":"Pressemitteilung September 2023 - HE-S - Digitalisierung aus einer Hand","isPartOf":{"@id":"https:\/\/he-s.com\/#website"},"primaryImageOfPage":{"@id":"https:\/\/he-s.com\/dokumentenmanagement-fuer-sap-systeme-artec-und-he-s-schliessen-strategische-partnerschaft\/#primaryimage"},"image":{"@id":"https:\/\/he-s.com\/dokumentenmanagement-fuer-sap-systeme-artec-und-he-s-schliessen-strategische-partnerschaft\/#primaryimage"},"thumbnailUrl":"https:\/\/he-s.com\/wp-content\/uploads\/2023\/09\/20230901_Partnerschaft_Artec-768x644.png","datePublished":"2023-08-29T07:43:45+00:00","dateModified":"2023-09-04T07:27:37+00:00","description":"Diese Partnerschaft b\u00fcndelt die Kompetenzen im Dokumentenmanagement f\u00fcr SAP-Systeme, um Kunden in diesem Bereich noch besser zu bedienen.","breadcrumb":{"@id":"https:\/\/he-s.com\/dokumentenmanagement-fuer-sap-systeme-artec-und-he-s-schliessen-strategische-partnerschaft\/#breadcrumb"},"inLanguage":"en-GB","potentialAction":[{"@type":"ReadAction","target":["https:\/\/he-s.com\/dokumentenmanagement-fuer-sap-systeme-artec-und-he-s-schliessen-strategische-partnerschaft\/"]}]},{"@type":"ImageObject","inLanguage":"en-GB","@id":"https:\/\/he-s.com\/dokumentenmanagement-fuer-sap-systeme-artec-und-he-s-schliessen-strategische-partnerschaft\/#primaryimage","url":"https:\/\/he-s.com\/wp-content\/uploads\/2023\/09\/20230901_Partnerschaft_Artec-768x644.png","contentUrl":"https:\/\/he-s.com\/wp-content\/uploads\/2023\/09\/20230901_Partnerschaft_Artec-768x644.png"},{"@type":"BreadcrumbList","@id":"https:\/\/he-s.com\/dokumentenmanagement-fuer-sap-systeme-artec-und-he-s-schliessen-strategische-partnerschaft\/#breadcrumb","itemListElement":[{"@type":"ListItem","position":1,"name":"Startseite","item":"https:\/\/he-s.com\/"},{"@type":"ListItem","position":2,"name":"Dokumentenmanagement f\u00fcr SAP-Systeme: ARTEC und HE-S schlie\u00dfen strategische Partnerschaft"}]},{"@type":"WebSite","@id":"https:\/\/he-s.com\/#website","url":"https:\/\/he-s.com\/","name":"HE-S - Digitalisierung aus einer Hand","description":"Deine innovative Aufgabenorganisation","publisher":{"@id":"https:\/\/he-s.com\/#organization"},"potentialAction":[{"@type":"SearchAction","target":{"@type":"EntryPoint","urlTemplate":"https:\/\/he-s.com\/?s={search_term_string}"},"query-input":{"@type":"PropertyValueSpecification","valueRequired":true,"valueName":"search_term_string"}}],"inLanguage":"en-GB"},{"@type":"Organization","@id":"https:\/\/he-s.com\/#organization","name":"HE-S - Digitalisierung aus einer Hand","url":"https:\/\/he-s.com\/","logo":{"@type":"ImageObject","inLanguage":"en-GB","@id":"https:\/\/he-s.com\/#\/schema\/logo\/image\/","url":"https:\/\/he-s.com\/wp-content\/uploads\/2022\/03\/cropped-20191019_Logo_Kreis_HE-S_cmyk_orange-removebg-preview-1.png","contentUrl":"https:\/\/he-s.com\/wp-content\/uploads\/2022\/03\/cropped-20191019_Logo_Kreis_HE-S_cmyk_orange-removebg-preview-1.png","width":499,"height":500,"caption":"HE-S - Digitalisierung aus einer Hand"},"image":{"@id":"https:\/\/he-s.com\/#\/schema\/logo\/image\/"}}]}},"_links":{"self":[{"href":"https:\/\/he-s.com\/en\/wp-json\/wp\/v2\/pages\/7561","targetHints":{"allow":["GET"]}}],"collection":[{"href":"https:\/\/he-s.com\/en\/wp-json\/wp\/v2\/pages"}],"about":[{"href":"https:\/\/he-s.com\/en\/wp-json\/wp\/v2\/types\/page"}],"author":[{"embeddable":true,"href":"https:\/\/he-s.com\/en\/wp-json\/wp\/v2\/users\/1"}],"replies":[{"embeddable":true,"href":"https:\/\/he-s.com\/en\/wp-json\/wp\/v2\/comments?post=7561"}],"version-history":[{"count":10,"href":"https:\/\/he-s.com\/en\/wp-json\/wp\/v2\/pages\/7561\/revisions"}],"predecessor-version":[{"id":7584,"href":"https:\/\/he-s.com\/en\/wp-json\/wp\/v2\/pages\/7561\/revisions\/7584"}],"wp:attachment":[{"href":"https:\/\/he-s.com\/en\/wp-json\/wp\/v2\/media?parent=7561"}],"curies":[{"name":"wp","href":"https:\/\/api.w.org\/{rel}","templated":true}]}}